{"id":23832,"date":"2023-07-26T22:44:20","date_gmt":"2023-07-26T19:44:20","guid":{"rendered":"https:\/\/prelive2.pomello.ee\/toode\/noemi-remover-50ml\/"},"modified":"2023-07-26T22:44:20","modified_gmt":"2023-07-26T19:44:20","slug":"noemi-remover-50ml","status":"publish","type":"product","link":"https:\/\/prelive2.pomello.ee\/fi\/toode\/noemi-remover-50ml\/","title":{"rendered":"NOEMI Remover 50ml"},"content":{"rendered":"<p>K\u00e4ytt\u00f6: Levit\u00e4 Noemi Remover vanutyynylle tai vanupuikolle ja poista v\u00e4ri halutulta alueelta. Huuhtele vedell\u00e4 k\u00e4yt\u00f6n j\u00e4lkeen.<\/p>\n","protected":false},"excerpt":{"rendered":"<p>Noemi Remover on v\u00e4ltt\u00e4m\u00e4t\u00f6n tuote kulmakarvojen v\u00e4rj\u00e4ystoimenpiteit\u00e4 suorittaville. Remover poistoaineella voidaan poistaa ylim\u00e4\u00e4r\u00e4inen v\u00e4ri kulmakarvoista ja sit\u00e4 voidaan k\u00e4ytt\u00e4\u00e4 my\u00f6s kulmakarvojen v\u00e4rin korjaamiseen, jos kulmakarvojen jotkin alueet ovat liian tummia.<\/p>\n<p>&nbsp;<\/p>\n<p>Remover on tarkoitettu k\u00e4ytett\u00e4v\u00e4ksi v\u00e4rin intensiteetin v\u00e4hent\u00e4miseen, mik\u00e4 antaa mahdollisuuden korjata kulmakarvojen v\u00e4ri\u00e4 ja saavuttaa haluttu tulos.<\/p>\n","protected":false},"featured_media":22762,"comment_status":"open","ping_status":"closed","template":"","meta":{"_monsterinsights_skip_tracking":false,"_monsterinsights_sitenote_active":false,"_monsterinsights_sitenote_note":"","_monsterinsights_sitenote_category":0},"product_cat":[903,915,518,476,479],"product_tag":[],"class_list":{"0":"post-23832","1":"product","2":"type-product","3":"status-publish","4":"has-post-thumbnail","6":"product_cat-varinpoisto","7":"product_cat-esi-ja-jalkihoito","8":"product_cat-jalkihoito","9":"product_cat-kulmakarvat","10":"product_cat-ripsien-ja-kulmakarvojen-varit-fi","11":"pa_brand-noemi-fi","12":"pa_suurus-50-ml-fi","14":"first","15":"instock","16":"taxable","17":"shipping-taxable","18":"purchasable","19":"product-type-simple"},"_links":{"self":[{"href":"https:\/\/prelive2.pomello.ee\/fi\/wp-json\/wp\/v2\/product\/23832","targetHints":{"allow":["GET"]}}],"collection":[{"href":"https:\/\/prelive2.pomello.ee\/fi\/wp-json\/wp\/v2\/product"}],"about":[{"href":"https:\/\/prelive2.pomello.ee\/fi\/wp-json\/wp\/v2\/types\/product"}],"replies":[{"embeddable":true,"href":"https:\/\/prelive2.pomello.ee\/fi\/wp-json\/wp\/v2\/comments?post=23832"}],"version-history":[{"count":0,"href":"https:\/\/prelive2.pomello.ee\/fi\/wp-json\/wp\/v2\/product\/23832\/revisions"}],"wp:featuredmedia":[{"embeddable":true,"href":"https:\/\/prelive2.pomello.ee\/fi\/wp-json\/wp\/v2\/media\/22762"}],"wp:attachment":[{"href":"https:\/\/prelive2.pomello.ee\/fi\/wp-json\/wp\/v2\/media?parent=23832"}],"wp:term":[{"taxonomy":"product_cat","embeddable":true,"href":"https:\/\/prelive2.pomello.ee\/fi\/wp-json\/wp\/v2\/product_cat?post=23832"},{"taxonomy":"product_tag","embeddable":true,"href":"https:\/\/prelive2.pomello.ee\/fi\/wp-json\/wp\/v2\/product_tag?post=23832"}],"curies":[{"name":"wp","href":"https:\/\/api.w.org\/{rel}","templated":true}]}}