{"id":23830,"date":"2023-07-26T22:56:05","date_gmt":"2023-07-26T19:56:05","guid":{"rendered":"https:\/\/prelive2.pomello.ee\/toode\/noemi-clear-neutral-color-corrector\/"},"modified":"2023-07-26T22:56:05","modified_gmt":"2023-07-26T19:56:05","slug":"noemi-clear-neutral-color-corrector","status":"publish","type":"product","link":"https:\/\/prelive2.pomello.ee\/fi\/toode\/noemi-clear-neutral-color-corrector\/","title":{"rendered":"NOEMI Clear &#8211; Neutral Color Corrector"},"content":{"rendered":"<p>Noemi Clear on neutraali v\u00e4rinkorjausaine 15 ml.<\/p>\n<p>&nbsp;<\/p>\n<p>Neutraali v\u00e4rinkorjausaine: V\u00e4rit\u00f6n v\u00e4rinkorjausaine on suunniteltu vahvistamaan hiuksia ja antamaan niille lis\u00e4\u00e4 kiiltoa. Sit\u00e4 voidaan lis\u00e4t\u00e4 my\u00f6s mihin tahansa muuhun Noemi v\u00e4riseokseen kerman vedyn kanssa v\u00e4hent\u00e4m\u00e4\u00e4n v\u00e4rin intensiteetti\u00e4, eli Clear on v\u00e4rinpehmentaja, sill\u00e4 voidaan muuttaa s\u00e4vyn voimakkuutta.<\/p>\n<p>&nbsp;<\/p>\n<p>K\u00c4YTT\u00d6: Sekoita Noemi Clear Noemi Cream Developer (1:1). Vaaleampia s\u00e4vyj\u00e4 varten sekoita Noemi Clear valitsemaasi v\u00e4riin (Noemi Dye) 1:1 tai 1:2, kunnes saat kermaisen, tasaisen koostumuksen. Lis\u00e4\u00e4 sitten Noemi-v\u00e4rien kermavety suhteessa (1:1) ja sekoita.<\/p>\n<p>&nbsp;<\/p>\n<p>Levit\u00e4 saatu seos. Anna vaikuttaa 10-15 minuuttia.<\/p>\n<p>&nbsp;<\/p>\n<p>Suosittelemme allergiatesti\u00e4 ennen k\u00e4ytt\u00f6\u00e4 (levit\u00e4 hieman maalia ranteen sis\u00e4puolelle tai korvan taakse ja odota 15 minuuttia).<\/p>\n","protected":false},"excerpt":{"rendered":"<p>Noemi Clear Neutral Color Corrector on suunniteltu vahvistamaan hiuksia ja antamaan niille lis\u00e4\u00e4 kiiltoa. Sit\u00e4 voidaan lis\u00e4t\u00e4 mihin tahansa muuhun Noemi v\u00e4riin vedyll\u00e4 v\u00e4hent\u00e4m\u00e4\u00e4n v\u00e4rin tummuusastetta, eli Clear on v\u00e4rinpehmennysaine, sill\u00e4 voidaan muuttaa s\u00e4vyn voimakkuutta.<\/p>\n<p>&nbsp;<\/p>\n<p>Lis\u00e4ksi Clear-tuotetta voidaan k\u00e4ytt\u00e4\u00e4 naamiona lis\u00e4\u00e4m\u00e4\u00e4n kulmakarvoihin kiiltoa ja kiiltoa suhteessa 1:1 Nomei Cream Developer 3%:n kanssa.<\/p>\n<p>&nbsp;<\/p>\n","protected":false},"featured_media":22744,"comment_status":"open","ping_status":"closed","template":"","meta":{"_monsterinsights_skip_tracking":false,"_monsterinsights_sitenote_active":false,"_monsterinsights_sitenote_note":"","_monsterinsights_sitenote_category":0},"product_cat":[909,476,475,478,479],"product_tag":[],"class_list":{"0":"post-23830","1":"product","2":"type-product","3":"status-publish","4":"has-post-thumbnail","6":"product_cat-kestovari","7":"product_cat-kulmakarvat","8":"product_cat-ripset","9":"product_cat-ripsien-ja-kulmakarvojen-varit","10":"product_cat-ripsien-ja-kulmakarvojen-varit-fi","11":"pa_brand-noemi-fi","12":"pa_suurus-15-ml-fi","14":"first","15":"instock","16":"taxable","17":"shipping-taxable","18":"purchasable","19":"product-type-simple"},"_links":{"self":[{"href":"https:\/\/prelive2.pomello.ee\/fi\/wp-json\/wp\/v2\/product\/23830","targetHints":{"allow":["GET"]}}],"collection":[{"href":"https:\/\/prelive2.pomello.ee\/fi\/wp-json\/wp\/v2\/product"}],"about":[{"href":"https:\/\/prelive2.pomello.ee\/fi\/wp-json\/wp\/v2\/types\/product"}],"replies":[{"embeddable":true,"href":"https:\/\/prelive2.pomello.ee\/fi\/wp-json\/wp\/v2\/comments?post=23830"}],"version-history":[{"count":0,"href":"https:\/\/prelive2.pomello.ee\/fi\/wp-json\/wp\/v2\/product\/23830\/revisions"}],"wp:featuredmedia":[{"embeddable":true,"href":"https:\/\/prelive2.pomello.ee\/fi\/wp-json\/wp\/v2\/media\/22744"}],"wp:attachment":[{"href":"https:\/\/prelive2.pomello.ee\/fi\/wp-json\/wp\/v2\/media?parent=23830"}],"wp:term":[{"taxonomy":"product_cat","embeddable":true,"href":"https:\/\/prelive2.pomello.ee\/fi\/wp-json\/wp\/v2\/product_cat?post=23830"},{"taxonomy":"product_tag","embeddable":true,"href":"https:\/\/prelive2.pomello.ee\/fi\/wp-json\/wp\/v2\/product_tag?post=23830"}],"curies":[{"name":"wp","href":"https:\/\/api.w.org\/{rel}","templated":true}]}}