{"id":23828,"date":"2023-07-31T14:59:22","date_gmt":"2023-07-31T11:59:22","guid":{"rendered":"https:\/\/prelive2.pomello.ee\/toode\/noemi-lash-lift-paletti\/"},"modified":"2023-07-31T14:59:22","modified_gmt":"2023-07-31T11:59:22","slug":"noemi-lash-lift-paletti","status":"publish","type":"product","link":"https:\/\/prelive2.pomello.ee\/fi\/toode\/noemi-lash-lift-paletti\/","title":{"rendered":"NOEMI Lash lift paletti"},"content":{"rendered":"<p><strong>Puhdistus:<\/strong><\/p>\n<ol>\n<li>Puhdista v\u00e4litt\u00f6m\u00e4sti jokaisen k\u00e4yt\u00f6n j\u00e4lkeen l\u00e4mpim\u00e4ll\u00e4 vedell\u00e4 ja antibakteerisella saippualla<\/li>\n<li>Desinfioi 70 % alkoholilla<\/li>\n<li>Huuhtele sitten vedell\u00e4 ja kuivaa<\/li>\n<li>Aseta tuote steriiliin suljettuun astiaan.<\/li>\n<\/ol>\n","protected":false},"excerpt":{"rendered":"<p>NOEMI Lash lift paletti on valmistettu laadukkaasta pehme\u00e4st\u00e4 silikonista, paletin avulla voit annostella oikeat m\u00e4\u00e4r\u00e4t jokaiseen toimenpiteeseen, mik\u00e4 s\u00e4\u00e4st\u00e4\u00e4 aikaa ja tuotteita: liimaa, emulsioita, v\u00e4ri\u00e4 ja vety\u00e4.<\/p>\n<p>&nbsp;<\/p>\n<p>Palettiin on mahdollista lis\u00e4t\u00e4 my\u00f6s vett\u00e4, joka est\u00e4\u00e4 liimaa kuivumasta nopeammin, joka on k\u00e4sity\u00f6l\u00e4iselle eritt\u00e4in tarpeellinen ty\u00f6v\u00e4line joka p\u00e4iv\u00e4. Tekee toimenpiteiden suorittamisesta mukavampaa ja tarkempaa.<\/p>\n","protected":false},"featured_media":22755,"comment_status":"open","ping_status":"closed","template":"","meta":{"_monsterinsights_skip_tracking":false,"_monsterinsights_sitenote_active":false,"_monsterinsights_sitenote_note":"","_monsterinsights_sitenote_category":0},"product_cat":[521,546,544],"product_tag":[],"class_list":{"0":"post-23828","1":"product","2":"type-product","3":"status-publish","4":"has-post-thumbnail","6":"product_cat-silikonityynyt","7":"product_cat-ripsien-tarvikkeet","8":"product_cat-tarvikkeet-fi","9":"pa_brand-noemi-fi","10":"pa_varv-heleroosa-fi","11":"pa_varv-must-fi","13":"first","14":"instock","15":"taxable","16":"shipping-taxable","17":"purchasable","18":"product-type-variable"},"_links":{"self":[{"href":"https:\/\/prelive2.pomello.ee\/fi\/wp-json\/wp\/v2\/product\/23828","targetHints":{"allow":["GET"]}}],"collection":[{"href":"https:\/\/prelive2.pomello.ee\/fi\/wp-json\/wp\/v2\/product"}],"about":[{"href":"https:\/\/prelive2.pomello.ee\/fi\/wp-json\/wp\/v2\/types\/product"}],"replies":[{"embeddable":true,"href":"https:\/\/prelive2.pomello.ee\/fi\/wp-json\/wp\/v2\/comments?post=23828"}],"version-history":[{"count":0,"href":"https:\/\/prelive2.pomello.ee\/fi\/wp-json\/wp\/v2\/product\/23828\/revisions"}],"wp:featuredmedia":[{"embeddable":true,"href":"https:\/\/prelive2.pomello.ee\/fi\/wp-json\/wp\/v2\/media\/22755"}],"wp:attachment":[{"href":"https:\/\/prelive2.pomello.ee\/fi\/wp-json\/wp\/v2\/media?parent=23828"}],"wp:term":[{"taxonomy":"product_cat","embeddable":true,"href":"https:\/\/prelive2.pomello.ee\/fi\/wp-json\/wp\/v2\/product_cat?post=23828"},{"taxonomy":"product_tag","embeddable":true,"href":"https:\/\/prelive2.pomello.ee\/fi\/wp-json\/wp\/v2\/product_tag?post=23828"}],"curies":[{"name":"wp","href":"https:\/\/api.w.org\/{rel}","templated":true}]}}