{"id":23826,"date":"2023-08-22T08:32:46","date_gmt":"2023-08-22T05:32:46","guid":{"rendered":"https:\/\/prelive2.pomello.ee\/toode\/kulmien-mittalaite-rulla\/"},"modified":"2023-08-22T08:32:46","modified_gmt":"2023-08-22T05:32:46","slug":"kulmien-mittalaite-rulla","status":"publish","type":"product","link":"https:\/\/prelive2.pomello.ee\/fi\/toode\/kulmien-mittalaite-rulla\/","title":{"rendered":"Kulmien mittalaite rulla"},"content":{"rendered":"","protected":false},"excerpt":{"rendered":"<p>Itsekiinnittyv\u00e4t kulmakarvojen viivoittimet kulmakarvojen mittaamiseen. Itseliimautuva kulmakarvojen viivain on k\u00e4yt\u00e4nn\u00f6llinen ty\u00f6kalu sek\u00e4 ammattilaiselle ett\u00e4 aloittelevalle k\u00e4sity\u00f6l\u00e4iselle. Tekee kulmakarvojen mittauksesta tarkemman ja nopeamman.<\/p>\n<p>&nbsp;<\/p>\n<p>Itseliimautuva viivain ei vahingoita ihoa ja se irtoaa helposti iholta vaakun luomisen j\u00e4lkeen. Tuote ei sis\u00e4ll\u00e4 myrkyllisi\u00e4 aineita ja on turvallinen k\u00e4ytt\u00e4\u00e4. Valmistettu ymp\u00e4rist\u00f6yst\u00e4v\u00e4llisest\u00e4 materiaalista.<\/p>\n<p>&nbsp;<\/p>\n<p>5o kpl rullassa<\/p>\n","protected":false},"featured_media":22787,"comment_status":"open","ping_status":"closed","template":"","meta":{"_monsterinsights_skip_tracking":false,"_monsterinsights_sitenote_active":false,"_monsterinsights_sitenote_note":"","_monsterinsights_sitenote_category":0},"product_cat":[476,511,541,540],"product_tag":[],"class_list":{"0":"post-23826","1":"product","2":"type-product","3":"status-publish","4":"has-post-thumbnail","6":"product_cat-kulmakarvat","7":"product_cat-kulmakarvojen-tarvikkeet","8":"product_cat-muut-tyokalut-fi","9":"product_cat-tarvikkeet","10":"pa_brand-pomello-fi","12":"first","13":"instock","14":"taxable","15":"shipping-taxable","16":"purchasable","17":"product-type-simple"},"_links":{"self":[{"href":"https:\/\/prelive2.pomello.ee\/fi\/wp-json\/wp\/v2\/product\/23826","targetHints":{"allow":["GET"]}}],"collection":[{"href":"https:\/\/prelive2.pomello.ee\/fi\/wp-json\/wp\/v2\/product"}],"about":[{"href":"https:\/\/prelive2.pomello.ee\/fi\/wp-json\/wp\/v2\/types\/product"}],"replies":[{"embeddable":true,"href":"https:\/\/prelive2.pomello.ee\/fi\/wp-json\/wp\/v2\/comments?post=23826"}],"version-history":[{"count":0,"href":"https:\/\/prelive2.pomello.ee\/fi\/wp-json\/wp\/v2\/product\/23826\/revisions"}],"wp:featuredmedia":[{"embeddable":true,"href":"https:\/\/prelive2.pomello.ee\/fi\/wp-json\/wp\/v2\/media\/22787"}],"wp:attachment":[{"href":"https:\/\/prelive2.pomello.ee\/fi\/wp-json\/wp\/v2\/media?parent=23826"}],"wp:term":[{"taxonomy":"product_cat","embeddable":true,"href":"https:\/\/prelive2.pomello.ee\/fi\/wp-json\/wp\/v2\/product_cat?post=23826"},{"taxonomy":"product_tag","embeddable":true,"href":"https:\/\/prelive2.pomello.ee\/fi\/wp-json\/wp\/v2\/product_tag?post=23826"}],"curies":[{"name":"wp","href":"https:\/\/api.w.org\/{rel}","templated":true}]}}