{"id":23824,"date":"2023-08-22T20:59:47","date_gmt":"2023-08-22T17:59:47","guid":{"rendered":"https:\/\/prelive2.pomello.ee\/toode\/inlei-fixing-gel\/"},"modified":"2023-08-22T20:59:47","modified_gmt":"2023-08-22T17:59:47","slug":"inlei-fixing-gel","status":"publish","type":"product","link":"https:\/\/prelive2.pomello.ee\/fi\/toode\/inlei-fixing-gel\/","title":{"rendered":"INLEI\u00ae FIXING GEL"},"content":{"rendered":"<p>Valmistettu Taiwanissa<br \/>\nVain ammattik\u00e4ytt\u00f6\u00f6n<br \/>\nK\u00e4ytet\u00e4\u00e4n vain InLei\u00ae-tuotteiden kanssa<br \/>\nTarkoitettu k\u00e4ytett\u00e4v\u00e4ksi uudelleenk\u00e4ytett\u00e4vien silikonirullien kanssa (kiharoille). T\u00e4m\u00e4n liiman ansiosta tela tarttuu silm\u00e4luomeen ja ripset kiinni telaan.<\/p>\n<p>&nbsp;<\/p>\n<p><strong>K\u00e4ytt\u00f6ehdot:<\/strong><br \/>\nSulje jokaisen k\u00e4ytt\u00f6kerran j\u00e4lkeen Puhdista suutin aina perusteellisesti, jotta liimaj\u00e4\u00e4m\u00e4t eiv\u00e4t p\u00e4\u00e4se ker\u00e4\u00e4ntym\u00e4\u00e4n, mik\u00e4 voi p\u00e4\u00e4st\u00e4\u00e4 ilmaa sis\u00e4\u00e4n ja aiheuttaa tuotteen paksuuntumista. S\u00e4ilyt\u00e4 viile\u00e4ss\u00e4 paikassa<\/p>\n<p>&nbsp;<\/p>\n<p><strong>K\u00c4YTT\u00d6\u00c4 KOSKEVAT VAROTOIMET<\/strong><br \/>\nVain ammattik\u00e4ytt\u00f6\u00f6n. Noudattaa ohjeita. T\u00e4t\u00e4 tuotetta ei suositella alle 16-vuotiaille tyt\u00f6ille. \u00c4l\u00e4 k\u00e4yt\u00e4 tuotetta, jos: kasvojen iho on \u00e4rtynyt tai iho on herkk\u00e4; jos jokin tuotteen aineosista on jo reagoinut. K\u00e4yt\u00e4 suojak\u00e4sineit\u00e4.    <\/p>\n<p>&nbsp;<\/p>\n<p><strong>HERKKYYSTESTI<\/strong><br \/>\nTuote voi aiheuttaa vakavia ihotulehduksia joillakin kasvoilla. T\u00e4st\u00e4 syyst\u00e4 on suositeltavaa tehd\u00e4 herkkyystesti 48 tuntia ennen jokaista k\u00e4ytt\u00f6kertaa. Olisi suositeltavaa poistaa korvakorut, jos sellaisia \u200b\u200b\u200b\u200bon. Pese varovasti saippualiuoksella tai alkoholilla cm:n kokoinen ihoneli\u00f6 korvan takaa tai kyyn\u00e4rp\u00e4\u00e4n ontelosta. Levit\u00e4 pieni m\u00e4\u00e4r\u00e4 InLei\u00ae Fixing Gel -kiinnitysgeeli\u00e4 ja odota, kunnes se kuivuu. Pese 48 tunnin kuluttua huolellisesti l\u00e4mpim\u00e4ll\u00e4 vedell\u00e4. T\u00e4m\u00e4 testi on t\u00e4rke\u00e4 varovaisuuden m\u00e4\u00e4ritt\u00e4j\u00e4. Selkeiden ilmentymien puute ei kuitenkaan sulje pois sit\u00e4 tosiasiaa, ett\u00e4 tuote voi aiheuttaa allergisia reaktioita my\u00f6hempien k\u00e4ytt\u00f6kertojen aikana. Jos ilmenee \u00e4rsytyst\u00e4, kutinaa tai punoitusta, huuhtele tuote v\u00e4litt\u00f6m\u00e4sti pois \u00e4l\u00e4k\u00e4 k\u00e4yt\u00e4 sit\u00e4.        <\/p>\n","protected":false},"excerpt":{"rendered":"<p>InLei Fixing Gel on l\u00e4pin\u00e4kyv\u00e4 kiinnitysliima, joka viel\u00e4 liukenee.<\/p>\n<p>&nbsp;<\/p>\n<p>InLein suosituimmat Lash lift -liimat.<\/p>\n","protected":false},"featured_media":22790,"comment_status":"open","ping_status":"closed","template":"","meta":{"_monsterinsights_skip_tracking":false,"_monsterinsights_sitenote_active":false,"_monsterinsights_sitenote_note":"","_monsterinsights_sitenote_category":0},"product_cat":[516,519,475],"product_tag":[],"class_list":{"0":"post-23824","1":"product","2":"type-product","3":"status-publish","4":"has-post-thumbnail","6":"product_cat-lash-lift-fi","7":"product_cat-liimat","8":"product_cat-ripset","9":"pa_brand-inlei-fi","11":"first","12":"instock","13":"taxable","14":"shipping-taxable","15":"purchasable","16":"product-type-simple"},"_links":{"self":[{"href":"https:\/\/prelive2.pomello.ee\/fi\/wp-json\/wp\/v2\/product\/23824","targetHints":{"allow":["GET"]}}],"collection":[{"href":"https:\/\/prelive2.pomello.ee\/fi\/wp-json\/wp\/v2\/product"}],"about":[{"href":"https:\/\/prelive2.pomello.ee\/fi\/wp-json\/wp\/v2\/types\/product"}],"replies":[{"embeddable":true,"href":"https:\/\/prelive2.pomello.ee\/fi\/wp-json\/wp\/v2\/comments?post=23824"}],"version-history":[{"count":0,"href":"https:\/\/prelive2.pomello.ee\/fi\/wp-json\/wp\/v2\/product\/23824\/revisions"}],"wp:featuredmedia":[{"embeddable":true,"href":"https:\/\/prelive2.pomello.ee\/fi\/wp-json\/wp\/v2\/media\/22790"}],"wp:attachment":[{"href":"https:\/\/prelive2.pomello.ee\/fi\/wp-json\/wp\/v2\/media?parent=23824"}],"wp:term":[{"taxonomy":"product_cat","embeddable":true,"href":"https:\/\/prelive2.pomello.ee\/fi\/wp-json\/wp\/v2\/product_cat?post=23824"},{"taxonomy":"product_tag","embeddable":true,"href":"https:\/\/prelive2.pomello.ee\/fi\/wp-json\/wp\/v2\/product_tag?post=23824"}],"curies":[{"name":"wp","href":"https:\/\/api.w.org\/{rel}","templated":true}]}}