{"id":23822,"date":"2023-08-22T21:34:08","date_gmt":"2023-08-22T18:34:08","guid":{"rendered":"https:\/\/prelive2.pomello.ee\/toode\/kalvo-kulmien-laminointi\/"},"modified":"2023-08-22T21:34:08","modified_gmt":"2023-08-22T18:34:08","slug":"kalvo-kulmien-laminointi","status":"publish","type":"product","link":"https:\/\/prelive2.pomello.ee\/fi\/toode\/kalvo-kulmien-laminointi\/","title":{"rendered":"Kalvo kulmien laminointi"},"content":{"rendered":"<div title=\"42mm*200m\">Kalvo on eritt\u00e4in ohut ja helppok\u00e4ytt\u00f6inen, paljon k\u00e4tev\u00e4mpi kuin elintarvikekalvo. Kalvo ei sis\u00e4ll\u00e4 myrkyllisi\u00e4 aineita ja on turvallinen iholle.<\/div>\n<div title=\"42mm*200m\"><\/div>\n<div class=\"specification--prop--RejitI8\">\n<div class=\"specification--desc--Mz148Bl\" title=\"42mm*200m\"><span data-spm-anchor-id=\"a2g0o.detail.0.i6.6552dZHedZHeCT\">42mm*200m<\/span><\/div>\n<\/div>\n<div class=\"specification--prop--RejitI8\"><\/div>\n","protected":false},"excerpt":{"rendered":"<p>Kalvo, jota voidaan k\u00e4ytt\u00e4\u00e4 kulmien laminointiin. Kalvon avulla voidaan puristaa vahvemmat kulmakarvat alas t\u00e4ydellisen tuloksen saavuttamiseksi.<\/p>\n<p>&nbsp;<\/p>\n","protected":false},"featured_media":22791,"comment_status":"open","ping_status":"closed","template":"","meta":{"_monsterinsights_skip_tracking":false,"_monsterinsights_sitenote_active":false,"_monsterinsights_sitenote_note":"","_monsterinsights_sitenote_category":0},"product_cat":[476,511,477],"product_tag":[],"class_list":{"0":"post-23822","1":"product","2":"type-product","3":"status-publish","4":"has-post-thumbnail","6":"product_cat-kulmakarvat","7":"product_cat-kulmakarvojen-tarvikkeet","8":"product_cat-kulmien-laminointi","9":"pa_brand-pomello-fi","11":"first","12":"instock","13":"taxable","14":"shipping-taxable","15":"purchasable","16":"product-type-simple"},"_links":{"self":[{"href":"https:\/\/prelive2.pomello.ee\/fi\/wp-json\/wp\/v2\/product\/23822","targetHints":{"allow":["GET"]}}],"collection":[{"href":"https:\/\/prelive2.pomello.ee\/fi\/wp-json\/wp\/v2\/product"}],"about":[{"href":"https:\/\/prelive2.pomello.ee\/fi\/wp-json\/wp\/v2\/types\/product"}],"replies":[{"embeddable":true,"href":"https:\/\/prelive2.pomello.ee\/fi\/wp-json\/wp\/v2\/comments?post=23822"}],"version-history":[{"count":0,"href":"https:\/\/prelive2.pomello.ee\/fi\/wp-json\/wp\/v2\/product\/23822\/revisions"}],"wp:featuredmedia":[{"embeddable":true,"href":"https:\/\/prelive2.pomello.ee\/fi\/wp-json\/wp\/v2\/media\/22791"}],"wp:attachment":[{"href":"https:\/\/prelive2.pomello.ee\/fi\/wp-json\/wp\/v2\/media?parent=23822"}],"wp:term":[{"taxonomy":"product_cat","embeddable":true,"href":"https:\/\/prelive2.pomello.ee\/fi\/wp-json\/wp\/v2\/product_cat?post=23822"},{"taxonomy":"product_tag","embeddable":true,"href":"https:\/\/prelive2.pomello.ee\/fi\/wp-json\/wp\/v2\/product_tag?post=23822"}],"curies":[{"name":"wp","href":"https:\/\/api.w.org\/{rel}","templated":true}]}}