{"id":23818,"date":"2023-08-29T20:29:54","date_gmt":"2023-08-29T17:29:54","guid":{"rendered":"https:\/\/prelive2.pomello.ee\/toode\/noemi-dual-timer\/"},"modified":"2023-08-29T20:29:54","modified_gmt":"2023-08-29T17:29:54","slug":"noemi-dual-timer","status":"publish","type":"product","link":"https:\/\/prelive2.pomello.ee\/fi\/toode\/noemi-dual-timer\/","title":{"rendered":"NOEMI Dual Timer"},"content":{"rendered":"","protected":false},"excerpt":{"rendered":"<p>Noemi Dual Timer on luotettava kumppani ripsien Noemi Dual Timer ripsien lash lifti ja kulmien laminoint toimenpiteeseen. Kahekordse taimeriga saate alustada kahte erinevat aega samal ajal.Kaksoisajastimella voit k\u00e4ynnist\u00e4\u00e4 kaksi eri aikaa samanaikaisesti.<\/p>\n<p>&nbsp;<\/p>\n<p>Vaatii 2 x AAA-paristoa (ei sis\u00e4lly)<\/p>\n","protected":false},"featured_media":22794,"comment_status":"open","ping_status":"closed","template":"","meta":{"_monsterinsights_skip_tracking":false,"_monsterinsights_sitenote_active":false,"_monsterinsights_sitenote_note":"","_monsterinsights_sitenote_category":0},"product_cat":[476,511,559,516,475,546,540,544],"product_tag":[],"class_list":{"0":"post-23818","1":"product","2":"type-product","3":"status-publish","4":"has-post-thumbnail","6":"product_cat-kulmakarvat","7":"product_cat-kulmakarvojen-tarvikkeet","8":"product_cat-laitteita","9":"product_cat-lash-lift-fi","10":"product_cat-ripset","11":"product_cat-ripsien-tarvikkeet","12":"product_cat-tarvikkeet","13":"product_cat-tarvikkeet-fi","14":"pa_brand-noemi-fi","16":"first","17":"outofstock","18":"taxable","19":"shipping-taxable","20":"purchasable","21":"product-type-simple"},"_links":{"self":[{"href":"https:\/\/prelive2.pomello.ee\/fi\/wp-json\/wp\/v2\/product\/23818","targetHints":{"allow":["GET"]}}],"collection":[{"href":"https:\/\/prelive2.pomello.ee\/fi\/wp-json\/wp\/v2\/product"}],"about":[{"href":"https:\/\/prelive2.pomello.ee\/fi\/wp-json\/wp\/v2\/types\/product"}],"replies":[{"embeddable":true,"href":"https:\/\/prelive2.pomello.ee\/fi\/wp-json\/wp\/v2\/comments?post=23818"}],"version-history":[{"count":0,"href":"https:\/\/prelive2.pomello.ee\/fi\/wp-json\/wp\/v2\/product\/23818\/revisions"}],"wp:featuredmedia":[{"embeddable":true,"href":"https:\/\/prelive2.pomello.ee\/fi\/wp-json\/wp\/v2\/media\/22794"}],"wp:attachment":[{"href":"https:\/\/prelive2.pomello.ee\/fi\/wp-json\/wp\/v2\/media?parent=23818"}],"wp:term":[{"taxonomy":"product_cat","embeddable":true,"href":"https:\/\/prelive2.pomello.ee\/fi\/wp-json\/wp\/v2\/product_cat?post=23818"},{"taxonomy":"product_tag","embeddable":true,"href":"https:\/\/prelive2.pomello.ee\/fi\/wp-json\/wp\/v2\/product_tag?post=23818"}],"curies":[{"name":"wp","href":"https:\/\/api.w.org\/{rel}","templated":true}]}}