{"id":23816,"date":"2023-08-29T20:48:44","date_gmt":"2023-08-29T17:48:44","guid":{"rendered":"https:\/\/prelive2.pomello.ee\/toode\/noemi-sample-kit\/"},"modified":"2024-04-05T21:43:16","modified_gmt":"2024-04-05T18:43:16","slug":"noemi-sample-kit","status":"publish","type":"product","link":"https:\/\/prelive2.pomello.ee\/fi\/toode\/noemi-sample-kit\/","title":{"rendered":"NOEMI Sample Kit"},"content":{"rendered":"<p><strong>SAMPLE KIT <\/strong><\/p>\n<p>Noemi lash lift -n\u00e4ytepakkaus Super Sticky Strong 1g -testerill\u00e4 on loistava setti tutustuaksesi Noemi lash lift -sarjan tuotteisiin.<\/p>\n<p>&nbsp;<\/p>\n<p><strong>Mit\u00e4 setti sis\u00e4lt\u00e4\u00e4?<\/strong><\/p>\n<ul>\n<li>3 pakkausta 1 ml (yksi kutakin vaihetta kohti);<\/li>\n<li>1 purkki Super Sticky Strong -liimaa, koko 1 g.<\/li>\n<\/ul>\n<p>&nbsp;<\/p>\n<p>Sis\u00e4lt\u00e4\u00e4 erityisesti:<\/p>\n<p>&nbsp;<\/p>\n<p><strong>Vaihe 1 &#8211; LIFT<\/strong> on ihanteellinen ripsien rakenteen pehment\u00e4miseen ja muotoiltavien tekemiseen.<\/p>\n<p><strong>Vaihe 2 &#8211; FIX<\/strong> on suunniteltu korjaamaan uusi muoto, jonka olet saavuttanut vaiheessa 1.<\/p>\n<p><strong>Vaihe 3 &#8211; KOSTEUTTAMINEN<\/strong> on laminoinnin viimeinen vaihe, joka antaa ripsille kiiltoa, kosteutetun ulkon\u00e4\u00f6n ja vahvuuden. Todellinen BOOST.<\/p>\n<p>&nbsp;<\/p>\n<p>Testipakkaus sis\u00e4lt\u00e4\u00e4 my\u00f6s Super Sticky Strong -liiman, joka on uudessa kermaisessa koostumuksessa ja rikastettu vitamiineilla, kosteuttaen ripsi\u00e4 syv\u00e4sti.<\/p>\n<p>Jokaisella kolmesta vaiheesta on erityinen v\u00e4ri, joka tekee prosessista hauskan ja ihanteellisen upeiden valokuvien ottamiseen.<\/p>\n<p>&nbsp;<\/p>\n<p><strong>Miksi pid\u00e4mme siit\u00e4?<\/strong><\/p>\n<p>N\u00e4ytepakkaus on huolellisesti luotu ja laadukas. Se sopii kaikille, jotka haluavat kokeilla NOEMI-tuotevalikoimaa ja tarjota asiakkailleen erityisen lash lift -kokemuksen, joka tekee niist\u00e4 kaarevia ja volyymia<\/p>\n<p><strong>Vaihe 1 &#8211; LIFT<\/strong> Vaihe 1 mahdollistaa luonnollisten ripsien pehmeyden ja rakenteen muuttamisen.<\/p>\n<p><strong>Miksi pid\u00e4mme siit\u00e4?<\/strong> Hell\u00e4varainen ja tehokas kermainen koostumus; Paksu konsistenssi; Nopea toiminta; Turvallinen ja helppo levitt\u00e4\u00e4; Lotion v\u00e4ri: Hot Pink.<\/p>\n<p>&nbsp;<\/p>\n<p>Ripsien vaikutusaika:<\/p>\n<ul>\n<li>Laiha: 5 minuuttia<\/li>\n<li>Normaali: 6-7 minuuttia;<\/li>\n<li>Paksuus: 8 min.<\/li>\n<\/ul>\n<p><strong>Vaihe 2 &#8211; FIX<\/strong> Vaiheessa 2 voit korjata vaiheessa 1 (pysyv\u00e4) saavuttamasi uuden muodon.<\/p>\n<p><strong>Miksi pid\u00e4mme siit\u00e4?<\/strong> Hell\u00e4varainen ja tehokas kermainen koostumus; Paksu konsistenssi; Turvallinen ja helppo levitt\u00e4\u00e4; Kiinnitt\u00e4\u00e4 uuden ripsien muodon noin 6-8 viikoksi; Lotion v\u00e4ri: Baby Blue. Vaikutuksen kesto:<\/p>\n<ul>\n<li>Ripset &#8211; 5-8 minuuttia;<\/li>\n<\/ul>\n<p>&nbsp;<\/p>\n<p><strong>Vaihe 3 &#8211; KOSTEUTTAMINEN<\/strong> Vaiheen 3 ruokinta t\u00e4ydent\u00e4\u00e4 laminointiprosessia antaen ripsille kiiltoa, ravintoa ja suojaa ulkoisilta vaikutuksilta.<\/p>\n<p><strong>Miksi pid\u00e4mme siit\u00e4?<\/strong> Ripset n\u00e4ytt\u00e4v\u00e4t terveemmilt\u00e4 ja kirkkaammilta; Vahvistaa, kosteuttaa ja pehment\u00e4\u00e4 ripsi\u00e4 erityisen koostumuksen avulla; Lotion v\u00e4ri: L\u00e4pin\u00e4kyv\u00e4. Vaikutusaika 3-4 minuuttia.<\/p>\n<p>&nbsp;<\/p>\n<p><strong>K\u00e4ytt\u00f6ohjeet lash liftille:<\/strong><\/p>\n<ol>\n<li>Puhdista ripset puhdistusvaahdolla ja huuhtele vedell\u00e4;<\/li>\n<li>Erist\u00e4 alemmat ripset suojatyynyill\u00e4;<\/li>\n<li>Valitse sopivan kokoiset silikonimuotti;<\/li>\n<li>Levit\u00e4 ripset silikonimuotit liimalla tai Super Sticky Strong -liimalla;<\/li>\n<li>Levit\u00e4 Permanent 1 ja varmista, ett\u00e4 tuote ei joudu kosketuksiin silm\u00e4n limakalvon kanssa;<\/li>\n<li>Odota, kunnes vaikutusaika p\u00e4\u00e4ttyy. Ohut ripset: 5 minuuttia. Normaalit ripset: 6-7 minuuttia. Paksuille ja suorille ripsille: 8 minuuttia;<\/li>\n<li>Puhdista ripset ajan p\u00e4\u00e4tytty\u00e4 kuivalla pumpulipuikolla ja levit\u00e4 Fixing 2 samalle alueelle, jolle laitoit ensimm\u00e4isen kerran Permanent 1:t\u00e4. Fixing 2 vaikutusaikaa ovat samat kuin Permanent 1 kertaa;<\/li>\n<li>Kun aika on kulunut, irrota Fixing 2 varovasti kuivalla pumpulipuikolla;<\/li>\n<li>Jatka ripsien v\u00e4rj\u00e4yst\u00e4 levitt\u00e4m\u00e4ll\u00e4 v\u00e4ri\u00e4 tyvest\u00e4 ripsien latvoihin. Suosittelemme k\u00e4ytt\u00e4m\u00e4\u00e4n <a href=\"https:\/\/prelive2.pomello.ee\/toode\/noemi-hybrid-ripsme-ja-kulmuvarv\/\">Noemi Hybrid Dye<\/a> Blue Blackia tai Blackia Vaikutusajat: 3\/5 minuuttia;<\/li>\n<li>Kun tarvittava aika on kulunut, poista v\u00e4ri kokonaan ripsist\u00e4 ja levit\u00e4 pieni m\u00e4\u00e4r\u00e4 Nourish 3:a, poista tuote kostealla vanulapulla ajan kuluttua.<\/li>\n<\/ol>\n","protected":false},"excerpt":{"rendered":"<p>Haluaisitko kokeilla Noemin lash lift -tuotteita? Sitten Noemi Sample Kit on juuri sit\u00e4 mit\u00e4 etsit. Setti sis\u00e4lt\u00e4\u00e4 1+2+3 emulsiota ja riitt\u00e4\u00e4 4-6 asiakkaalle.<\/p>\n<p>&nbsp;<\/p>\n<p>N\u00e4ytepakkaus sis\u00e4lt\u00e4\u00e4 my\u00f6s 1 g Noemi Super Sticky Strong -tuotetta.<\/p>\n","protected":false},"featured_media":22795,"comment_status":"open","ping_status":"closed","template":"","meta":{"_monsterinsights_skip_tracking":false,"_monsterinsights_sitenote_active":false,"_monsterinsights_sitenote_note":"","_monsterinsights_sitenote_category":0},"product_cat":[517,516,475],"product_tag":[530],"class_list":{"0":"post-23816","1":"product","2":"type-product","3":"status-publish","4":"has-post-thumbnail","6":"product_cat-emulsiot","7":"product_cat-lash-lift-fi","8":"product_cat-ripset","9":"product_tag-lash-lift-fi","10":"pa_brand-noemi-fi","12":"first","13":"instock","14":"taxable","15":"shipping-taxable","16":"purchasable","17":"product-type-simple"},"_links":{"self":[{"href":"https:\/\/prelive2.pomello.ee\/fi\/wp-json\/wp\/v2\/product\/23816","targetHints":{"allow":["GET"]}}],"collection":[{"href":"https:\/\/prelive2.pomello.ee\/fi\/wp-json\/wp\/v2\/product"}],"about":[{"href":"https:\/\/prelive2.pomello.ee\/fi\/wp-json\/wp\/v2\/types\/product"}],"replies":[{"embeddable":true,"href":"https:\/\/prelive2.pomello.ee\/fi\/wp-json\/wp\/v2\/comments?post=23816"}],"version-history":[{"count":0,"href":"https:\/\/prelive2.pomello.ee\/fi\/wp-json\/wp\/v2\/product\/23816\/revisions"}],"wp:featuredmedia":[{"embeddable":true,"href":"https:\/\/prelive2.pomello.ee\/fi\/wp-json\/wp\/v2\/media\/22795"}],"wp:attachment":[{"href":"https:\/\/prelive2.pomello.ee\/fi\/wp-json\/wp\/v2\/media?parent=23816"}],"wp:term":[{"taxonomy":"product_cat","embeddable":true,"href":"https:\/\/prelive2.pomello.ee\/fi\/wp-json\/wp\/v2\/product_cat?post=23816"},{"taxonomy":"product_tag","embeddable":true,"href":"https:\/\/prelive2.pomello.ee\/fi\/wp-json\/wp\/v2\/product_tag?post=23816"}],"curies":[{"name":"wp","href":"https:\/\/api.w.org\/{rel}","templated":true}]}}