{"id":23809,"date":"2023-08-30T21:44:59","date_gmt":"2023-08-30T18:44:59","guid":{"rendered":"https:\/\/prelive2.pomello.ee\/toode\/noemi-super-sticky-strong-liima-25g\/"},"modified":"2023-08-30T21:44:59","modified_gmt":"2023-08-30T18:44:59","slug":"noemi-super-sticky-strong-liima-25g","status":"publish","type":"product","link":"https:\/\/prelive2.pomello.ee\/fi\/toode\/noemi-super-sticky-strong-liima-25g\/","title":{"rendered":"NOEMI Super Sticky Strong liima 25g"},"content":{"rendered":"<div class=\"flex-1 overflow-hidden\">\n<div class=\"react-scroll-to-bottom--css-sezgu-79elbk h-full dark:bg-gray-800\">\n<div class=\"react-scroll-to-bottom--css-sezgu-1n7m0yu\">\n<div class=\"flex flex-col text-sm dark:bg-gray-800\">\n<div class=\"group w-full text-token-text-primary border-b border-black\/10 dark:border-gray-900\/50 bg-gray-50 dark:bg-[#444654]\" data-testid=\"conversation-turn-13\">\n<div class=\"flex p-4 gap-4 text-base md:gap-6 md:max-w-2xl lg:max-w-[38rem] xl:max-w-3xl md:py-6 lg:px-0 m-auto\">\n<div class=\"relative flex w-[calc(100%-50px)] flex-col gap-1 md:gap-3 lg:w-[calc(100%-115px)]\">\n<div class=\"flex flex-grow flex-col gap-3 max-w-full\">\n<div class=\"min-h-[20px] flex flex-col items-start gap-3 overflow-x-auto whitespace-pre-wrap break-words\">\n<div class=\"markdown prose w-full break-words dark:prose-invert light\">\n<p><strong>UUSI CREAM FORMULA NOEMI Super Sticky Strong liima<\/strong><\/p>\n<ul>\n<li>Kiinnitt\u00e4\u00e4 ripset silikonimuotit 1 minuutissa<\/li>\n<li>Kiinnitt\u00e4\u00e4 ripset silikonimuotit samalla kun ravitsee ripsi\u00e4<\/li>\n<li>Vitamiinien ja ravintoaineiden ansiosta se est\u00e4\u00e4 ripsi\u00e4 kuivumasta kemiallisen toimenpiteen aikana<\/li>\n<li>Ihanteellinen kaikentyyppisille ripsille<\/li>\n<li>Siin\u00e4 on miellytt\u00e4v\u00e4 hedelm\u00e4inen tuoksu<\/li>\n<li>Imeytyy helposti ripsiin ja kosteuttaa syv\u00e4\u00e4<\/li>\n<li>Kiinnitt\u00e4\u00e4 ripset nopeasti, mutta ei kuivu heti, joten voit viimeistell\u00e4 ripsien muotoilun<\/li>\n<li>Alaripset eiv\u00e4t tartu yl\u00e4ripsiin<\/li>\n<li>Tilavuus: 25g<\/li>\n<\/ul>\n<p>&nbsp;<\/p>\n<p><strong>K\u00e4ytt\u00f6ohjeet:<\/strong><\/p>\n<ol>\n<li>Levit\u00e4 runsas m\u00e4\u00e4r\u00e4 Super Sticky Strongia ripsille siveltimell\u00e4.<\/li>\n<li>Erottele ripset tavalliseen tapaan.<\/li>\n<li>Lopuksi voit levitt\u00e4\u00e4 toisen ohuen kerroksen vain ripsien k\u00e4rkiin.<\/li>\n<\/ol>\n<p>&nbsp;<\/p>\n<p>Jos ripset alkavat l\u00f6ysty\u00e4 emulsion poistamisen j\u00e4lkeen, lis\u00e4\u00e4 hieman liimahoitoainetta.<\/p>\n<\/div>\n<\/div>\n<\/div>\n<\/div>\n<\/div>\n<\/div>\n<div class=\"group w-full text-token-text-primary border-b border-black\/10 dark:border-gray-900\/50 dark:bg-gray-800\" data-testid=\"conversation-turn-14\">\n<div class=\"flex p-4 gap-4 text-base md:gap-6 md:max-w-2xl lg:max-w-[38rem] xl:max-w-3xl md:py-6 lg:px-0 m-auto\">\n<div class=\"flex-shrink-0 flex flex-col relative items-end\">\n<div class=\"w-[30px]\">\n<div class=\"relative flex\"><\/div>\n<\/div>\n<div class=\"text-xs flex items-center justify-center gap-1 invisible absolute left-0 top-2 -ml-4 -translate-x-full group-hover:visible !invisible\"><\/div>\n<\/div>\n<\/div>\n<\/div>\n<\/div>\n<\/div>\n<\/div>\n<\/div>\n","protected":false},"excerpt":{"rendered":"<div class=\"group w-full text-token-text-primary border-b border-black\/10 dark:border-gray-900\/50 bg-gray-50 dark:bg-[#444654]\" data-testid=\"conversation-turn-15\">\n<div class=\"flex p-4 gap-4 text-base md:gap-6 md:max-w-2xl lg:max-w-[38rem] xl:max-w-3xl md:py-6 lg:px-0 m-auto\">\n<div class=\"relative flex w-[calc(100%-50px)] flex-col gap-1 md:gap-3 lg:w-[calc(100%-115px)]\">\n<div class=\"flex flex-grow flex-col gap-3 max-w-full\">\n<div class=\"min-h-[20px] flex flex-col items-start gap-3 overflow-x-auto whitespace-pre-wrap break-words\">\n<div class=\"markdown prose w-full break-words dark:prose-invert light\">\n<p>Noemi Super Sticky Strong liima, uusi vahvempi ja kermaisempi koostumus, sopii kaikille niille, jotka haluavat vahvan pidon omaavan liiman. Sopii kaikille ripsille.<\/p>\n<\/div>\n<p>&nbsp;<\/p>\n<div class=\"markdown prose w-full break-words dark:prose-invert light\">\n<p>&nbsp;<\/p>\n<p>&nbsp;<\/p>\n<\/div>\n<\/div>\n<\/div>\n<\/div>\n<\/div>\n<\/div>\n<div class=\"group w-full text-token-text-primary border-b border-black\/10 dark:border-gray-900\/50 dark:bg-gray-800\" data-testid=\"conversation-turn-16\">\n<div class=\"flex p-4 gap-4 text-base md:gap-6 md:max-w-2xl lg:max-w-[38rem] xl:max-w-3xl md:py-6 lg:px-0 m-auto\">\n<div class=\"flex-shrink-0 flex flex-col relative items-end\">\n<div class=\"w-[30px]\"><\/div>\n<\/div>\n<\/div>\n<\/div>\n","protected":false},"featured_media":22798,"comment_status":"closed","ping_status":"closed","template":"","meta":{"_monsterinsights_skip_tracking":false,"_monsterinsights_sitenote_active":false,"_monsterinsights_sitenote_note":"","_monsterinsights_sitenote_category":0},"product_cat":[516,519,475],"product_tag":[],"class_list":{"0":"post-23809","1":"product","2":"type-product","3":"status-publish","4":"has-post-thumbnail","6":"product_cat-lash-lift-fi","7":"product_cat-liimat","8":"product_cat-ripset","9":"pa_brand-noemi-fi","11":"first","12":"instock","13":"taxable","14":"shipping-taxable","15":"purchasable","16":"product-type-simple"},"_links":{"self":[{"href":"https:\/\/prelive2.pomello.ee\/fi\/wp-json\/wp\/v2\/product\/23809","targetHints":{"allow":["GET"]}}],"collection":[{"href":"https:\/\/prelive2.pomello.ee\/fi\/wp-json\/wp\/v2\/product"}],"about":[{"href":"https:\/\/prelive2.pomello.ee\/fi\/wp-json\/wp\/v2\/types\/product"}],"replies":[{"embeddable":true,"href":"https:\/\/prelive2.pomello.ee\/fi\/wp-json\/wp\/v2\/comments?post=23809"}],"version-history":[{"count":0,"href":"https:\/\/prelive2.pomello.ee\/fi\/wp-json\/wp\/v2\/product\/23809\/revisions"}],"wp:featuredmedia":[{"embeddable":true,"href":"https:\/\/prelive2.pomello.ee\/fi\/wp-json\/wp\/v2\/media\/22798"}],"wp:attachment":[{"href":"https:\/\/prelive2.pomello.ee\/fi\/wp-json\/wp\/v2\/media?parent=23809"}],"wp:term":[{"taxonomy":"product_cat","embeddable":true,"href":"https:\/\/prelive2.pomello.ee\/fi\/wp-json\/wp\/v2\/product_cat?post=23809"},{"taxonomy":"product_tag","embeddable":true,"href":"https:\/\/prelive2.pomello.ee\/fi\/wp-json\/wp\/v2\/product_tag?post=23809"}],"curies":[{"name":"wp","href":"https:\/\/api.w.org\/{rel}","templated":true}]}}