{"id":23807,"date":"2023-08-30T22:13:54","date_gmt":"2023-08-30T19:13:54","guid":{"rendered":"https:\/\/prelive2.pomello.ee\/toode\/noemi-pink-scrub-kuorinta-kulmakarvoille-50-ml\/"},"modified":"2024-03-20T00:25:12","modified_gmt":"2024-03-19T21:25:12","slug":"noemi-pink-scrub-kuorinta-kulmakarvoille-50-ml","status":"publish","type":"product","link":"https:\/\/prelive2.pomello.ee\/fi\/toode\/noemi-pink-scrub-kuorinta-kulmakarvoille-50-ml\/","title":{"rendered":"NOEMI Pink Scrub kuorinta kulmakarvoille 50 ml"},"content":{"rendered":"<div class=\"flex-1 overflow-hidden\">\n<div class=\"react-scroll-to-bottom--css-sezgu-79elbk h-full dark:bg-gray-800\">\n<div class=\"react-scroll-to-bottom--css-sezgu-1n7m0yu\">\n<div class=\"flex flex-col text-sm dark:bg-gray-800\">\n<div class=\"group w-full text-token-text-primary border-b border-black\/10 dark:border-gray-900\/50 bg-gray-50 dark:bg-[#444654]\" data-testid=\"conversation-turn-13\">\n<div class=\"flex p-4 gap-4 text-base md:gap-6 md:max-w-2xl lg:max-w-[38rem] xl:max-w-3xl md:py-6 lg:px-0 m-auto\">\n<div class=\"relative flex w-[calc(100%-50px)] flex-col gap-1 md:gap-3 lg:w-[calc(100%-115px)]\">\n<div class=\"flex flex-grow flex-col gap-3 max-w-full\">\n<div class=\"min-h-[20px] flex flex-col items-start gap-3 overflow-x-auto whitespace-pre-wrap break-words\">\n<div class=\"markdown prose w-full break-words dark:prose-invert light\">\n<p><strong>Pink Scrub kuorinta kulmakarvoille 50ml<\/strong><\/p>\n<p>Noemin kulmakarvojen kuorija on kehitetty erityisesti kuorimaan kulmakarvoja, jolloin ihosta tulee pehme\u00e4 ja kulmakarvojen v\u00e4ri kest\u00e4\u00e4 pitk\u00e4\u00e4n.<\/p>\n<p><strong>Miksi pid\u00e4mme siit\u00e4?<\/strong><\/p>\n<ul>\n<li>Sopii kaikille ihotyypeille;<\/li>\n<li>Kermainen koostumus mahdollistaa ihon kuorimisen aiheuttamatta \u00e4rsytyst\u00e4 tai punoitusta;<\/li>\n<li>Kuorinta sis\u00e4lt\u00e4\u00e4 p\u00e4hkin\u00e4mikrorakeita;<\/li>\n<li>Sis\u00e4lt\u00e4\u00e4 aloe vera -uutetta;<\/li>\n<li>Valmistelee orvaskeden (ihon ulkokerroksen) kemiallista v\u00e4rj\u00e4yst\u00e4 varten;<\/li>\n<li>Lis\u00e4\u00e4 v\u00e4rin s\u00e4ilymist\u00e4 iholla;<\/li>\n<li>J\u00e4tt\u00e4\u00e4 ihon pehme\u00e4ksi ja sile\u00e4ksi edist\u00e4en parempaa v\u00e4rj\u00e4ytymist\u00e4;<\/li>\n<li>Intensiivinen tuoksu.<\/li>\n<\/ul>\n<p><strong>K\u00e4ytt\u00f6ohjeet:<\/strong><\/p>\n<ol>\n<li>Levit\u00e4 pieni m\u00e4\u00e4r\u00e4 tuotetta puisella lastalla kulmakarvojen ymp\u00e4rille.<\/li>\n<li>Hiero hell\u00e4varaisesti noin 1 minuutin ajan. Varoitus! Kuorinta sis\u00e4lt\u00e4\u00e4 pieni\u00e4 p\u00e4hkin\u00e4nkuoren rakeita, joten tuotetta tulee k\u00e4ytt\u00e4\u00e4 varoen liiallisen hankautumisen v\u00e4ltt\u00e4miseksi, jotta v\u00e4ltet\u00e4\u00e4n ihon punoitus ja \u00e4rsytys, jotka voivat aiheuttaa ongelmia v\u00e4rj\u00e4ytymisen aikana.<\/li>\n<li>Poista tuotteen j\u00e4\u00e4m\u00e4t l\u00e4mpim\u00e4ll\u00e4 vedell\u00e4 kostutetulla vanulappulla.<\/li>\n<li>Pese kulmakarvat ja ymp\u00e4r\u00f6iv\u00e4 alue shampoolla poistaaksesi kuorinnan j\u00e4\u00e4m\u00e4t.<\/li>\n<\/ol>\n<p><strong>Tilavuus<\/strong>: 50 ml<\/p>\n<\/div>\n<\/div>\n<\/div>\n<\/div>\n<\/div>\n<\/div>\n<div class=\"group w-full text-token-text-primary border-b border-black\/10 dark:border-gray-900\/50 dark:bg-gray-800\" data-testid=\"conversation-turn-14\">\n<div class=\"flex p-4 gap-4 text-base md:gap-6 md:max-w-2xl lg:max-w-[38rem] xl:max-w-3xl md:py-6 lg:px-0 m-auto\">\n<div class=\"flex-shrink-0 flex flex-col relative items-end\">\n<div class=\"w-[30px]\">\n<div class=\"relative flex\"><\/div>\n<\/div>\n<div class=\"text-xs flex items-center justify-center gap-1 invisible absolute left-0 top-2 -ml-4 -translate-x-full group-hover:visible !invisible\"><\/div>\n<\/div>\n<\/div>\n<\/div>\n<\/div>\n<\/div>\n<\/div>\n<\/div>\n","protected":false},"excerpt":{"rendered":"<div class=\"group w-full text-token-text-primary border-b border-black\/10 dark:border-gray-900\/50 bg-gray-50 dark:bg-[#444654]\" data-testid=\"conversation-turn-15\">\n<div class=\"flex p-4 gap-4 text-base md:gap-6 md:max-w-2xl lg:max-w-[38rem] xl:max-w-3xl md:py-6 lg:px-0 m-auto\">\n<div class=\"relative flex w-[calc(100%-50px)] flex-col gap-1 md:gap-3 lg:w-[calc(100%-115px)]\">\n<div class=\"flex flex-grow flex-col gap-3 max-w-full\">\n<div class=\"min-h-[20px] flex flex-col items-start gap-3 overflow-x-auto whitespace-pre-wrap break-words\">\n<div class=\"markdown prose w-full break-words dark:prose-invert light\">\n<div class=\"group w-full text-token-text-primary border-b border-black\/10 dark:border-gray-900\/50 bg-gray-50 dark:bg-[#444654]\" data-testid=\"conversation-turn-35\">\n<div class=\"flex p-4 gap-4 text-base md:gap-6 md:max-w-2xl lg:max-w-[38rem] xl:max-w-3xl md:py-6 lg:px-0 m-auto\">\n<div class=\"relative flex w-[calc(100%-50px)] flex-col gap-1 md:gap-3 lg:w-[calc(100%-115px)]\">\n<div class=\"flex flex-grow flex-col gap-3 max-w-full\">\n<div class=\"min-h-[20px] flex flex-col items-start gap-3 overflow-x-auto whitespace-pre-wrap break-words\">\n<div class=\"markdown prose w-full break-words dark:prose-invert light\">\n<p>NOEMI Pink Scrub kulmakarvoille on kehitetty erityisesti kuorimaan kulmakarvoja tehden ihosta pehme\u00e4n ja tukemaan kulmakarvojen v\u00e4rin pitk\u00e4aikaista s\u00e4ilymist\u00e4.<\/p>\n<p>&nbsp;<\/p>\n<p>Ihanteellinen tuote kulmakarvojen valmisteluun.<\/p>\n<\/div>\n<\/div>\n<\/div>\n<\/div>\n<\/div>\n<\/div>\n<\/div>\n<p>&nbsp;<\/p>\n<div class=\"markdown prose w-full break-words dark:prose-invert light\">\n<p>&nbsp;<\/p>\n<p>&nbsp;<\/p>\n<\/div>\n<\/div>\n<\/div>\n<\/div>\n<\/div>\n<\/div>\n<div class=\"group w-full text-token-text-primary border-b border-black\/10 dark:border-gray-900\/50 dark:bg-gray-800\" data-testid=\"conversation-turn-16\">\n<div class=\"flex p-4 gap-4 text-base md:gap-6 md:max-w-2xl lg:max-w-[38rem] xl:max-w-3xl md:py-6 lg:px-0 m-auto\">\n<div class=\"flex-shrink-0 flex flex-col relative items-end\">\n<div class=\"w-[30px]\"><\/div>\n<\/div>\n<\/div>\n<\/div>\n","protected":false},"featured_media":22800,"comment_status":"open","ping_status":"closed","template":"","meta":{"_monsterinsights_skip_tracking":false,"_monsterinsights_sitenote_active":false,"_monsterinsights_sitenote_note":"","_monsterinsights_sitenote_category":0},"product_cat":[915,476,918],"product_tag":[],"class_list":{"0":"post-23807","1":"product","2":"type-product","3":"status-publish","4":"has-post-thumbnail","6":"product_cat-esi-ja-jalkihoito","7":"product_cat-kulmakarvat","8":"product_cat-kuorijat","9":"pa_brand-noemi-fi","11":"first","12":"outofstock","13":"taxable","14":"shipping-taxable","15":"purchasable","16":"product-type-simple"},"_links":{"self":[{"href":"https:\/\/prelive2.pomello.ee\/fi\/wp-json\/wp\/v2\/product\/23807","targetHints":{"allow":["GET"]}}],"collection":[{"href":"https:\/\/prelive2.pomello.ee\/fi\/wp-json\/wp\/v2\/product"}],"about":[{"href":"https:\/\/prelive2.pomello.ee\/fi\/wp-json\/wp\/v2\/types\/product"}],"replies":[{"embeddable":true,"href":"https:\/\/prelive2.pomello.ee\/fi\/wp-json\/wp\/v2\/comments?post=23807"}],"version-history":[{"count":0,"href":"https:\/\/prelive2.pomello.ee\/fi\/wp-json\/wp\/v2\/product\/23807\/revisions"}],"wp:featuredmedia":[{"embeddable":true,"href":"https:\/\/prelive2.pomello.ee\/fi\/wp-json\/wp\/v2\/media\/22800"}],"wp:attachment":[{"href":"https:\/\/prelive2.pomello.ee\/fi\/wp-json\/wp\/v2\/media?parent=23807"}],"wp:term":[{"taxonomy":"product_cat","embeddable":true,"href":"https:\/\/prelive2.pomello.ee\/fi\/wp-json\/wp\/v2\/product_cat?post=23807"},{"taxonomy":"product_tag","embeddable":true,"href":"https:\/\/prelive2.pomello.ee\/fi\/wp-json\/wp\/v2\/product_tag?post=23807"}],"curies":[{"name":"wp","href":"https:\/\/api.w.org\/{rel}","templated":true}]}}