{"id":23805,"date":"2023-08-30T22:24:39","date_gmt":"2023-08-30T19:24:39","guid":{"rendered":"https:\/\/prelive2.pomello.ee\/toode\/noemi-developer-3-100ml\/"},"modified":"2023-08-30T22:24:39","modified_gmt":"2023-08-30T19:24:39","slug":"noemi-developer-3-100ml","status":"publish","type":"product","link":"https:\/\/prelive2.pomello.ee\/fi\/toode\/noemi-developer-3-100ml\/","title":{"rendered":"NOEMI Developer 3% 100ml"},"content":{"rendered":"<p>K\u00e4ytt\u00f6ohje: Sekoita Noemi Dye ja Developer samassa suhteessa (1:1). Levit\u00e4 sitten kulmakarvoille ja anna vaikuttaa 10-15 minuuttia.<\/p>\n<p>&nbsp;<\/p>\n<p>Parasta ennen 24 kuukautta.<\/p>\n","protected":false},"excerpt":{"rendered":"<p>Noemi Developer 3% 100 ml.<\/p>\n<p>&nbsp;<\/p>\n<p>Sekoita 1:1 Noemi Dye 3% Developer.<\/p>\n<p>&nbsp;<\/p>\n<p>Suosittelemme t\u00e4m\u00e4n tuotteen k\u00e4ytt\u00f6\u00e4 t\u00e4ytt\u00f6pullona vedyn ruiskuttamiseksi Noemi 14 ml:n developer.<\/p>\n","protected":false},"featured_media":22802,"comment_status":"closed","ping_status":"closed","template":"","meta":{"_monsterinsights_skip_tracking":false,"_monsterinsights_sitenote_active":false,"_monsterinsights_sitenote_note":"","_monsterinsights_sitenote_category":0},"product_cat":[901,476,475,478,479],"product_tag":[],"class_list":{"0":"post-23805","1":"product","2":"type-product","3":"status-publish","4":"has-post-thumbnail","6":"product_cat-developers","7":"product_cat-kulmakarvat","8":"product_cat-ripset","9":"product_cat-ripsien-ja-kulmakarvojen-varit","10":"product_cat-ripsien-ja-kulmakarvojen-varit-fi","11":"pa_brand-noemi-fi","12":"pa_suurus-14-ml-fi","14":"first","15":"instock","16":"taxable","17":"shipping-taxable","18":"purchasable","19":"product-type-simple"},"_links":{"self":[{"href":"https:\/\/prelive2.pomello.ee\/fi\/wp-json\/wp\/v2\/product\/23805","targetHints":{"allow":["GET"]}}],"collection":[{"href":"https:\/\/prelive2.pomello.ee\/fi\/wp-json\/wp\/v2\/product"}],"about":[{"href":"https:\/\/prelive2.pomello.ee\/fi\/wp-json\/wp\/v2\/types\/product"}],"replies":[{"embeddable":true,"href":"https:\/\/prelive2.pomello.ee\/fi\/wp-json\/wp\/v2\/comments?post=23805"}],"version-history":[{"count":0,"href":"https:\/\/prelive2.pomello.ee\/fi\/wp-json\/wp\/v2\/product\/23805\/revisions"}],"wp:featuredmedia":[{"embeddable":true,"href":"https:\/\/prelive2.pomello.ee\/fi\/wp-json\/wp\/v2\/media\/22802"}],"wp:attachment":[{"href":"https:\/\/prelive2.pomello.ee\/fi\/wp-json\/wp\/v2\/media?parent=23805"}],"wp:term":[{"taxonomy":"product_cat","embeddable":true,"href":"https:\/\/prelive2.pomello.ee\/fi\/wp-json\/wp\/v2\/product_cat?post=23805"},{"taxonomy":"product_tag","embeddable":true,"href":"https:\/\/prelive2.pomello.ee\/fi\/wp-json\/wp\/v2\/product_tag?post=23805"}],"curies":[{"name":"wp","href":"https:\/\/api.w.org\/{rel}","templated":true}]}}