{"id":23803,"date":"2023-08-30T22:30:27","date_gmt":"2023-08-30T19:30:27","guid":{"rendered":"https:\/\/prelive2.pomello.ee\/toode\/noemi-lami-brush-laminator\/"},"modified":"2024-02-23T09:29:19","modified_gmt":"2024-02-23T06:29:19","slug":"noemi-lami-brush-laminator","status":"publish","type":"product","link":"https:\/\/prelive2.pomello.ee\/fi\/toode\/noemi-lami-brush-laminator\/","title":{"rendered":"NOEMI Lami Brush Laminator"},"content":{"rendered":"<p><strong>Laminator Brush | Noemi <\/strong><\/p>\n<p>Erityisesti luonnollisten ripsien asettamiseen silikonirullalle suunniteltu harja on ominaisuuksiltaan ainutlaatuinen. Siin\u00e4 on j\u00e4yk\u00e4t, mutta eritt\u00e4in hell\u00e4varaiset harjakset, jotka mahdollistavat ripsien nopean asettamisen ja t\u00e4ydellisen kiinnittymisen silikonitelaan.<\/p>\n<p><strong>Miksi pid\u00e4mme siit\u00e4?<\/strong><\/p>\n<ul>\n<li>Varmistaa ripsien tehokkaan sijoittamisen silikonimuotit<\/li>\n<li>Lyhyen ja litte\u00e4n k\u00e4rjen avulla voit erottaa ripset joka vaiheessa<\/li>\n<li>Harjakset mukautuvat luonnollisesti ripsiin kiinnityksen aikana<\/li>\n<li>Sopii kaikentyyppisille ripsille<\/li>\n<li>Hell\u00e4varainen luonnollisille ripsille<\/li>\n<li>Helppo puhdistaa<\/li>\n<li>S\u00e4ilytt\u00e4\u00e4 muotonsa ajan my\u00f6t\u00e4<\/li>\n<li>Mukava kahva<\/li>\n<li>Valmistettu synteettisist\u00e4 harjaksista, metallivarresta ja puisesta kahvasta<\/li>\n<li>Suositellaan k\u00e4ytett\u00e4v\u00e4ksi liimabalsamin kanssa parhaan tuloksen saavuttamiseksi.<\/li>\n<\/ul>\n","protected":false},"excerpt":{"rendered":"<div class=\"group w-full text-token-text-primary border-b border-black\/10 dark:border-gray-900\/50 bg-gray-50 dark:bg-[#444654]\" data-testid=\"conversation-turn-39\">\n<div class=\"flex p-4 gap-4 text-base md:gap-6 md:max-w-2xl lg:max-w-[38rem] xl:max-w-3xl md:py-6 lg:px-0 m-auto\">\n<div class=\"relative flex w-[calc(100%-50px)] flex-col gap-1 md:gap-3 lg:w-[calc(100%-115px)]\">\n<div class=\"flex flex-grow flex-col gap-3 max-w-full\">\n<div class=\"min-h-[20px] flex flex-col items-start gap-3 overflow-x-auto whitespace-pre-wrap break-words\">\n<div class=\"markdown prose w-full break-words dark:prose-invert light\">\n<p>NOEMI Lami Brush Laminator on halutuin sivellin ripsien kohotuksessa. J\u00e4ykkien harjasten ansiosta se auttaa asettamaan ripset nopeasti ja siististi silikonityynylle varmistaen t\u00e4ydellisen yhteyden ripsien ja silikonirullan v\u00e4lill\u00e4. Poistaa tehokkaasti ylim\u00e4\u00e4r\u00e4isen liiman, mik\u00e4 varmistaa puhtaan ja tarkan ty\u00f6n. Sopii kaikentyyppisille ripsille.<\/p>\n<\/div>\n<\/div>\n<\/div>\n<\/div>\n<\/div>\n<\/div>\n","protected":false},"featured_media":22803,"comment_status":"open","ping_status":"closed","template":"","meta":{"_monsterinsights_skip_tracking":false,"_monsterinsights_sitenote_active":false,"_monsterinsights_sitenote_note":"","_monsterinsights_sitenote_category":0},"product_cat":[516,563,544],"product_tag":[529,530],"class_list":{"0":"post-23803","1":"product","2":"type-product","3":"status-publish","4":"has-post-thumbnail","6":"product_cat-lash-lift-fi","7":"product_cat-siveltimet","8":"product_cat-tarvikkeet-fi","9":"product_tag-lami-balm-glue-fi","10":"product_tag-lash-lift-fi","11":"pa_brand-noemi-fi","13":"first","14":"instock","15":"taxable","16":"shipping-taxable","17":"purchasable","18":"product-type-simple"},"_links":{"self":[{"href":"https:\/\/prelive2.pomello.ee\/fi\/wp-json\/wp\/v2\/product\/23803","targetHints":{"allow":["GET"]}}],"collection":[{"href":"https:\/\/prelive2.pomello.ee\/fi\/wp-json\/wp\/v2\/product"}],"about":[{"href":"https:\/\/prelive2.pomello.ee\/fi\/wp-json\/wp\/v2\/types\/product"}],"replies":[{"embeddable":true,"href":"https:\/\/prelive2.pomello.ee\/fi\/wp-json\/wp\/v2\/comments?post=23803"}],"version-history":[{"count":1,"href":"https:\/\/prelive2.pomello.ee\/fi\/wp-json\/wp\/v2\/product\/23803\/revisions"}],"predecessor-version":[{"id":23846,"href":"https:\/\/prelive2.pomello.ee\/fi\/wp-json\/wp\/v2\/product\/23803\/revisions\/23846"}],"wp:featuredmedia":[{"embeddable":true,"href":"https:\/\/prelive2.pomello.ee\/fi\/wp-json\/wp\/v2\/media\/22803"}],"wp:attachment":[{"href":"https:\/\/prelive2.pomello.ee\/fi\/wp-json\/wp\/v2\/media?parent=23803"}],"wp:term":[{"taxonomy":"product_cat","embeddable":true,"href":"https:\/\/prelive2.pomello.ee\/fi\/wp-json\/wp\/v2\/product_cat?post=23803"},{"taxonomy":"product_tag","embeddable":true,"href":"https:\/\/prelive2.pomello.ee\/fi\/wp-json\/wp\/v2\/product_tag?post=23803"}],"curies":[{"name":"wp","href":"https:\/\/api.w.org\/{rel}","templated":true}]}}