{"id":23792,"date":"2023-07-11T23:40:47","date_gmt":"2023-07-11T20:40:47","guid":{"rendered":"https:\/\/prelive2.pomello.ee\/toode\/bronsun-color-remover-20ml\/"},"modified":"2023-07-11T23:40:47","modified_gmt":"2023-07-11T20:40:47","slug":"bronsun-color-remover-20ml","status":"publish","type":"product","link":"https:\/\/prelive2.pomello.ee\/fi\/toode\/bronsun-color-remover-20ml\/","title":{"rendered":"Bronsun Color Remover 20ml"},"content":{"rendered":"<p>Tuotetta voidaan k\u00e4ytt\u00e4\u00e4 v\u00e4rj\u00e4yksen aikana ja heti sen j\u00e4lkeen.<\/p>\n<p>&nbsp;<\/p>\n<p><strong>K\u00e4ytt\u00f6tapa:<\/strong><\/p>\n<p>Levit\u00e4 nestett\u00e4 vanulappuun ja pyyhi tahriintunut alue. Toista tarvittaessa. Huuhtele j\u00e4ljelle j\u00e4\u00e4nyt tuote vedell\u00e4.<\/p>\n<p>&nbsp;<\/p>\n<p>S\u00e4ilyvyys: 36 kuukautta<\/p>\n<p>&nbsp;<\/p>\n<p>S\u00e4ilyvyys avaamisen j\u00e4lkeen: 12 kuukautta<\/p>\n","protected":false},"excerpt":{"rendered":"<p>Bronsun Color Remover v\u00e4rinpoistoaine poistaa iholta hell\u00e4varaisesti ei-toivotut v\u00e4rij\u00e4\u00e4m\u00e4t. Sit\u00e4 voidaan k\u00e4ytt\u00e4\u00e4 maalauksen aikana ja heti sen j\u00e4lkeen.<\/p>\n<p>&nbsp;<\/p>\n<p>&nbsp;<\/p>\n<p>&nbsp;<\/p>\n","protected":false},"featured_media":22718,"comment_status":"open","ping_status":"closed","template":"","meta":{"_monsterinsights_skip_tracking":false,"_monsterinsights_sitenote_active":false,"_monsterinsights_sitenote_note":"","_monsterinsights_sitenote_category":0},"product_cat":[903,518,915,476,475],"product_tag":[],"class_list":{"0":"post-23792","1":"product","2":"type-product","3":"status-publish","4":"has-post-thumbnail","6":"product_cat-varinpoisto","7":"product_cat-jalkihoito","8":"product_cat-esi-ja-jalkihoito","9":"product_cat-kulmakarvat","10":"product_cat-ripset","11":"pa_brand-bronsun-fi","12":"pa_suurus-20-ml-fi","14":"first","15":"instock","16":"taxable","17":"shipping-taxable","18":"purchasable","19":"product-type-simple"},"_links":{"self":[{"href":"https:\/\/prelive2.pomello.ee\/fi\/wp-json\/wp\/v2\/product\/23792","targetHints":{"allow":["GET"]}}],"collection":[{"href":"https:\/\/prelive2.pomello.ee\/fi\/wp-json\/wp\/v2\/product"}],"about":[{"href":"https:\/\/prelive2.pomello.ee\/fi\/wp-json\/wp\/v2\/types\/product"}],"replies":[{"embeddable":true,"href":"https:\/\/prelive2.pomello.ee\/fi\/wp-json\/wp\/v2\/comments?post=23792"}],"version-history":[{"count":0,"href":"https:\/\/prelive2.pomello.ee\/fi\/wp-json\/wp\/v2\/product\/23792\/revisions"}],"wp:featuredmedia":[{"embeddable":true,"href":"https:\/\/prelive2.pomello.ee\/fi\/wp-json\/wp\/v2\/media\/22718"}],"wp:attachment":[{"href":"https:\/\/prelive2.pomello.ee\/fi\/wp-json\/wp\/v2\/media?parent=23792"}],"wp:term":[{"taxonomy":"product_cat","embeddable":true,"href":"https:\/\/prelive2.pomello.ee\/fi\/wp-json\/wp\/v2\/product_cat?post=23792"},{"taxonomy":"product_tag","embeddable":true,"href":"https:\/\/prelive2.pomello.ee\/fi\/wp-json\/wp\/v2\/product_tag?post=23792"}],"curies":[{"name":"wp","href":"https:\/\/api.w.org\/{rel}","templated":true}]}}