{"id":23787,"date":"2023-07-17T20:46:44","date_gmt":"2023-07-17T17:46:44","guid":{"rendered":"https:\/\/prelive2.pomello.ee\/toode\/silikoni-kompensaattorit-clear\/"},"modified":"2023-07-17T20:46:44","modified_gmt":"2023-07-17T17:46:44","slug":"silikoni-kompensaattorit-clear","status":"publish","type":"product","link":"https:\/\/prelive2.pomello.ee\/fi\/toode\/silikoni-kompensaattorit-clear\/","title":{"rendered":"Silikoni kompensaattorit Clear"},"content":{"rendered":"<p>Tuote on uudelleenk\u00e4ytett\u00e4v\u00e4.<\/p>\n<p>&nbsp;<\/p>\n<p><strong>Puhdistus:<\/strong><br \/>\n1. Puhdista v\u00e4litt\u00f6m\u00e4sti jokaisen k\u00e4yt\u00f6n j\u00e4lkeen l\u00e4mpim\u00e4ll\u00e4 vedell\u00e4 ja antibakteerisella saippualla.<br \/>\n2. Desinfioi 70-prosenttisella alkoholipohjaisella tuotteella.<br \/>\n3. Huuhtele sitten vedell\u00e4 ja kuivaa.<br \/>\n4. Aseta tuote steriiliin, suljettuun astiaan.<\/p>\n<p>&nbsp;<\/p>\n<p><iframe title=\"Silikoonist kompensaatorid Clear\" width=\"1170\" height=\"658\" src=\"https:\/\/www.youtube.com\/embed\/R2-xN3fbAmU?feature=oembed\" frameborder=\"0\" allow=\"accelerometer; autoplay; clipboard-write; encrypted-media; gyroscope; picture-in-picture; web-share\" allowfullscreen><\/iframe><\/p>\n<p>&nbsp;<\/p>\n","protected":false},"excerpt":{"rendered":"<p>Silikonikompensaattorit &#8211; Lash lift -toimenpiteen aikana jotkut ripset voivat irrota silikonimoutit, ja jos niit\u00e4 ei kiinnitet\u00e4, t\u00e4m\u00e4 vaikuttaa t\u00e4ydelliseen kiharatulokseen. Jotta lopputulos olisi aina t\u00e4ydellinen, on irtonaiset karvat kiinnitett\u00e4v\u00e4 silikoniliuskoilla &#8211; tarvittaessa my\u00f6s vaiheessa 1.<\/p>\n","protected":false},"featured_media":22720,"comment_status":"open","ping_status":"closed","template":"","meta":{"_monsterinsights_skip_tracking":false,"_monsterinsights_sitenote_active":false,"_monsterinsights_sitenote_note":"","_monsterinsights_sitenote_category":0},"product_cat":[516,521,512,475],"product_tag":[],"class_list":{"0":"post-23787","1":"product","2":"type-product","3":"status-publish","4":"has-post-thumbnail","6":"product_cat-lash-lift-fi","7":"product_cat-silikonityynyt","8":"product_cat-parhaat-tarjoukset","9":"product_cat-ripset","10":"pa_brand-pomello-fi","11":"pa_suurus-one-size-fi","12":"pa_varv-labipaistev-fi","14":"first","15":"instock","16":"sale","17":"taxable","18":"shipping-taxable","19":"purchasable","20":"product-type-simple"},"_links":{"self":[{"href":"https:\/\/prelive2.pomello.ee\/fi\/wp-json\/wp\/v2\/product\/23787","targetHints":{"allow":["GET"]}}],"collection":[{"href":"https:\/\/prelive2.pomello.ee\/fi\/wp-json\/wp\/v2\/product"}],"about":[{"href":"https:\/\/prelive2.pomello.ee\/fi\/wp-json\/wp\/v2\/types\/product"}],"replies":[{"embeddable":true,"href":"https:\/\/prelive2.pomello.ee\/fi\/wp-json\/wp\/v2\/comments?post=23787"}],"version-history":[{"count":0,"href":"https:\/\/prelive2.pomello.ee\/fi\/wp-json\/wp\/v2\/product\/23787\/revisions"}],"wp:featuredmedia":[{"embeddable":true,"href":"https:\/\/prelive2.pomello.ee\/fi\/wp-json\/wp\/v2\/media\/22720"}],"wp:attachment":[{"href":"https:\/\/prelive2.pomello.ee\/fi\/wp-json\/wp\/v2\/media?parent=23787"}],"wp:term":[{"taxonomy":"product_cat","embeddable":true,"href":"https:\/\/prelive2.pomello.ee\/fi\/wp-json\/wp\/v2\/product_cat?post=23787"},{"taxonomy":"product_tag","embeddable":true,"href":"https:\/\/prelive2.pomello.ee\/fi\/wp-json\/wp\/v2\/product_tag?post=23787"}],"curies":[{"name":"wp","href":"https:\/\/api.w.org\/{rel}","templated":true}]}}