{"id":23775,"date":"2023-07-20T21:31:29","date_gmt":"2023-07-20T18:31:29","guid":{"rendered":"https:\/\/prelive2.pomello.ee\/toode\/maxymova-lashbrow-cocktail-15ml\/"},"modified":"2023-07-20T21:31:29","modified_gmt":"2023-07-20T18:31:29","slug":"maxymova-lashbrow-cocktail-15ml","status":"publish","type":"product","link":"https:\/\/prelive2.pomello.ee\/fi\/toode\/maxymova-lashbrow-cocktail-15ml\/","title":{"rendered":"MAXYMOVA Lash&amp;Brow Cocktail 15ml"},"content":{"rendered":"<p style=\"font-weight: 400;\">MAXYMOVA Lash&amp;Brow Cocktail sis\u00e4lt\u00e4\u00e4 hienon sekoituksen kasviper\u00e4isi\u00e4 aktiivisia ainesosia, jotka auttavat parantamaan hiustupan ja follikkelin terveytt\u00e4 stimuloimalla hiusten uudelleenkasvua. Se sis\u00e4lt\u00e4\u00e4 my\u00f6s biotiinia, joka tunnetaan my\u00f6s nimell\u00e4 H-vitamiini, joka parantaa kynsinauhojen laatua, kasvikeratiinia, joka kerrostuu hiuksiin tehd\u00e4kseen niist\u00e4 volyymimpia ja terveempi\u00e4, ja sis\u00e4lt\u00e4\u00e4 my\u00f6s keramideja, jotka kosteuttavat ja suojaavat hiuksia kaikilta ulkoisilta vaikutuksilta. aggressiota.<\/p>\n<p>&nbsp;<\/p>\n<p style=\"font-weight: 400;\"><strong>KUINKA K\u00c4YTT\u00c4\u00c4<\/strong><\/p>\n<p>&nbsp;<\/p>\n<p style=\"font-weight: 400;\">Levit\u00e4 tuotetta ripsiin tai kulmakarvoihin siveltimell\u00e4 nopein liikkein, tuotetta ei tarvitse huuhdella pois. Tuotetta voidaan k\u00e4ytt\u00e4\u00e4 kahdesti p\u00e4iv\u00e4ss\u00e4.<\/p>\n<p>&nbsp;<\/p>\n<p style=\"font-weight: 400;\"><strong>AINESOSIEN KUVAUS<\/strong><\/p>\n<p>&nbsp;<\/p>\n<p style=\"font-weight: 400;\">Sis\u00e4lt\u00e4\u00e4 hienon sekoituksen aktiivisia kasviper\u00e4isi\u00e4 ainesosia, jotka auttavat parantamaan hiussipulien ja follikkelien terveytt\u00e4 stimuloimalla hiusten kasvua.<\/p>\n<ul>\n<li style=\"font-weight: 400;\">Biotiini (H-vitamiini): sill\u00e4 on keskeinen rooli hiusten ja kynsien kasvussa osallistumalla keratiinin synteesiin, parantaa kynsinauhojen laatua ja vahvistaa hiuksia.<\/li>\n<li style=\"font-weight: 400;\">Keramidit: auttavat yll\u00e4pit\u00e4m\u00e4\u00e4n asianmukaista nesteytyst\u00e4 sis\u00e4lt\u00e4p\u00e4in ja suojaavat ulkoisilta vaikutuksilta. Keramidit voivat pit\u00e4\u00e4 hiukset paikoillaan tehden niist\u00e4 kirkkaampia ja ennen kaikkea pehmeit\u00e4. Ne k\u00e4sittelev\u00e4t proteiinien palauttamista.<\/li>\n<li style=\"font-weight: 400;\">Heksapeptidi-11: K\u00e4ytet\u00e4\u00e4n lis\u00e4\u00e4m\u00e4\u00e4n kollageenin ja elastiinin m\u00e4\u00e4r\u00e4\u00e4 p\u00e4\u00e4nahassa terveellisempien hiusten saamiseksi.<\/li>\n<li style=\"font-weight: 400;\">Goji-marjauute: taistelee vapaita radikaaleja vastaan \u200b\u200bantioksidanttisilla ominaisuuksillaan. J\u00e4tt\u00e4\u00e4 ripset elastisiksi ja pehmeiksi. Antaa volyymia, keveytt\u00e4 ja kiiltoa. T\u00e4m\u00e4 ainesosa sis\u00e4lt\u00e4\u00e4 runsaasti A- ja C-vitamiinia sek\u00e4 tehokkaita antioksidantteja: ne est\u00e4v\u00e4t hiusten ik\u00e4\u00e4ntymist\u00e4 ja edist\u00e4v\u00e4t niiden paranemista ja kasvua.<\/li>\n<li style=\"font-weight: 400;\">Jericorosa-uute, jota kutsutaan my\u00f6s aavikkoruusuksi: suojaava ja kosteuttava; T\u00e4m\u00e4 uute on m\u00e4\u00e4ritelty todelliseksi &#8221;kosteutta s\u00e4ilytt\u00e4v\u00e4ksi kompleksiksi&#8221;, joka on t\u00e4ydellinen pitk\u00e4aikaiseen kosteuttavaan vaikutukseen. Toinen poikkeuksellinen aktiivisuus on sen kyky suojata hiuksia ilmansaasteiden aiheuttamilta oksidatiivisilta vaikutuksilta.<\/li>\n<li style=\"font-weight: 400;\">Keratiini: suojaava, kosteuttava ja volyymi lis\u00e4\u00e4v\u00e4; Proteiini, jossa on runsaasti kysteiini\u00e4, eri rikkiatomeista koostuvaa aminohappoa, joka mahdollistaa eritt\u00e4in tiheiden ketjujen muodostumisen varmistaen hiusten terveyden ja vahvuuden. Pohjimmiltaan keratiininauhat kiinnittyv\u00e4t hiuksiin ja sulkevat sen muodostavat kuidut, mik\u00e4 auttaa lis\u00e4\u00e4m\u00e4\u00e4n hiuksia sis\u00e4lt\u00e4p\u00e4in ja tekem\u00e4\u00e4n niist\u00e4 vahvempia ja kimmoisampia.<\/li>\n<li style=\"font-weight: 400;\">Trehaloosi: lis\u00e4\u00e4 hiusten kosteuspitoisuutta ja auttaa pit\u00e4m\u00e4\u00e4n ripset pehmein\u00e4 ja kosteutettuina. T\u00e4m\u00e4 sokeri muodostaa eritt\u00e4in ohuen kalvon, joka pystyy s\u00e4ilytt\u00e4m\u00e4\u00e4n molekyylit, muodostamaan niiden ymp\u00e4rille er\u00e4\u00e4nlaisen patinan, peitt\u00e4m\u00e4\u00e4n ne ja suojaamaan niit\u00e4 ulkoisilta vaikutuksilta.<\/li>\n<li style=\"font-weight: 400;\">Betaiini: on hoitava lis\u00e4aine, sill\u00e4 on pehment\u00e4v\u00e4 vaikutus, suojaa kuivumiselta ja lis\u00e4\u00e4 hiusten vastustuskyky\u00e4. Tekee ripsist\u00e4 pehme\u00e4t ja kiilt\u00e4v\u00e4t. Se my\u00f6s antaa hiuksille volyymia ja keveytt\u00e4 sek\u00e4 parantaa niiden pitoa ja kest\u00e4vyytt\u00e4.<\/li>\n<li style=\"font-weight: 400;\">Sitruunauute: Auttaa vahvistamaan hiuksia ja korjaamaan permanenttien ja v\u00e4rj\u00e4ysten aiheuttamia vaurioita.<\/li>\n<li style=\"font-weight: 400;\">Biotekninen kasvikompleksi: stimuloi hiusten kasvua ja v\u00e4hent\u00e4\u00e4 hiustenl\u00e4ht\u00f6\u00e4. T\u00e4m\u00e4 biotekninen kasvikompleksi toimii useilla rintamilla kantasolujen ja fibroblastien aktivoimiseksi ja suojaamiseksi. Se v\u00e4hent\u00e4\u00e4 vapaiden radikaalien negatiivista aktiivisuutta ja edist\u00e4\u00e4 hiusten kasvua ja sitkeytt\u00e4.<\/li>\n<\/ul>\n<p>&nbsp;<\/p>\n<p>Kompleksin tavoitteet:<\/p>\n<p>&nbsp;<\/p>\n<ul>\n<li style=\"font-weight: 400;\">molekyyli dihydrokversetiiniglukosidi (DHQG), lehtikuusikasvista saatu modifioitu polyfenoli, joka aktivoi follikkelien kantasolujen jakautumisen, suojaa n\u00e4it\u00e4 soluja lis\u00e4\u00e4m\u00e4ll\u00e4 ihon papillafibroblastien aineenvaihduntaa; stimuloi lepotilassa olevien (ei atrofoituneiden) follikkelien uudelleenaktivoitumista hiusten synnyn ja kasvun palauttamiseksi.<\/li>\n<li style=\"font-weight: 400;\">EGCG-glukosidimolekyylin l\u00e4sn\u00e4olo, vihre\u00e4n teen lehtien biotekninen johdannainen, joka taistelee vapaita radikaaleja vastaan; Erityisen hy\u00f6dyllinen vaurioituneiden ja hauraiden ripsien hoidossa hiussuonten kasvun stimuloimiseksi ja ripsien ja kulmakarvojen vahvistamiseksi.<\/li>\n<li style=\"font-weight: 400;\">glysiini, hiusten t\u00e4rkein aminohappo, joka edist\u00e4\u00e4 niiden kasvua;<\/li>\n<li style=\"font-weight: 400;\">sinkki, kysteiinin aktivoija keratiiniin, joka edist\u00e4\u00e4 kasvun aineenvaihduntaa.<\/li>\n<\/ul>\n","protected":false},"excerpt":{"rendered":"<p style=\"font-weight: 400;\">MAXYMOVA\u00ae\ufe0f Lash &amp; Brow Cocktail &#8211; ripsille ja kulmakarvoille.<\/p>\n<p>&nbsp;<\/p>\n<p style=\"font-weight: 400;\">Ihanteellinen tuote k\u00e4ytett\u00e4v\u00e4ksi salongissa tai kotona ripsien ja kulmakarvojen laminoinnin j\u00e4lkeen. Tuote on suunniteltu korjaamaan, kosteuttamaan ja suojaamaan ripsi\u00e4 ja kulmakarvoja. J\u00e4tt\u00e4\u00e4 ripset ja kulmakarvat pehmeiksi ja kiilt\u00e4viksi.<\/p>\n","protected":false},"featured_media":22727,"comment_status":"open","ping_status":"closed","template":"","meta":{"_monsterinsights_skip_tracking":false,"_monsterinsights_sitenote_active":false,"_monsterinsights_sitenote_note":"","_monsterinsights_sitenote_category":0},"product_cat":[923,518,917,476,477,516,512,475,514],"product_tag":[530],"class_list":{"0":"post-23775","1":"product","2":"type-product","3":"status-publish","4":"has-post-thumbnail","6":"product_cat-jalkihoito-ja-kosteuttaminen","7":"product_cat-jalkihoito","8":"product_cat-jalkihoito-fi","9":"product_cat-kulmakarvat","10":"product_cat-kulmien-laminointi","11":"product_cat-lash-lift-fi","12":"product_cat-parhaat-tarjoukset","13":"product_cat-ripset","14":"product_cat-ripsi-ja-kulmakarvojen-seerumit","15":"product_tag-lash-lift-fi","16":"pa_brand-maxymova-fi","17":"pa_suurus-15-ml-fi","19":"first","20":"outofstock","21":"sale","22":"taxable","23":"shipping-taxable","24":"purchasable","25":"product-type-simple"},"_links":{"self":[{"href":"https:\/\/prelive2.pomello.ee\/fi\/wp-json\/wp\/v2\/product\/23775","targetHints":{"allow":["GET"]}}],"collection":[{"href":"https:\/\/prelive2.pomello.ee\/fi\/wp-json\/wp\/v2\/product"}],"about":[{"href":"https:\/\/prelive2.pomello.ee\/fi\/wp-json\/wp\/v2\/types\/product"}],"replies":[{"embeddable":true,"href":"https:\/\/prelive2.pomello.ee\/fi\/wp-json\/wp\/v2\/comments?post=23775"}],"version-history":[{"count":0,"href":"https:\/\/prelive2.pomello.ee\/fi\/wp-json\/wp\/v2\/product\/23775\/revisions"}],"wp:featuredmedia":[{"embeddable":true,"href":"https:\/\/prelive2.pomello.ee\/fi\/wp-json\/wp\/v2\/media\/22727"}],"wp:attachment":[{"href":"https:\/\/prelive2.pomello.ee\/fi\/wp-json\/wp\/v2\/media?parent=23775"}],"wp:term":[{"taxonomy":"product_cat","embeddable":true,"href":"https:\/\/prelive2.pomello.ee\/fi\/wp-json\/wp\/v2\/product_cat?post=23775"},{"taxonomy":"product_tag","embeddable":true,"href":"https:\/\/prelive2.pomello.ee\/fi\/wp-json\/wp\/v2\/product_tag?post=23775"}],"curies":[{"name":"wp","href":"https:\/\/api.w.org\/{rel}","templated":true}]}}