{"id":23771,"date":"2023-07-20T21:51:39","date_gmt":"2023-07-20T18:51:39","guid":{"rendered":"https:\/\/prelive2.pomello.ee\/toode\/maxymova-goccia-blue-diamond-serum-15ml\/"},"modified":"2023-07-20T21:51:39","modified_gmt":"2023-07-20T18:51:39","slug":"maxymova-goccia-blue-diamond-serum-15ml","status":"publish","type":"product","link":"https:\/\/prelive2.pomello.ee\/fi\/toode\/maxymova-goccia-blue-diamond-serum-15ml\/","title":{"rendered":"MAXYMOVA Goccia Blue Diamond Serum 15ml"},"content":{"rendered":"<p style=\"font-weight: 400;\"><strong>MITEN MAXYMOVA GOCCIA Blue Diamond -seerumia K\u00c4YTET\u00c4\u00c4N<\/strong><\/p>\n<p style=\"font-weight: 400;\">Ota 2-3 tippaa seerumia harjalla ripsiin tai kulmakarvoihin ripsien kohotus- tai kulmakarvojen laminointitoimenpiteen vaiheen 2 j\u00e4lkeen tai kemiallisen v\u00e4rj\u00e4yksen j\u00e4lkeen. Vaikutusaika 5 min, poista kostealla vanulapulla.<\/p>\n<p style=\"font-weight: 400;\"><strong>AINEOSAN KUVAUS<\/strong><\/p>\n<ul>\n<li style=\"font-weight: 400;\">Natriumhyaluronaatti on kosteuttava ainesosa, joka auttaa pit\u00e4m\u00e4\u00e4n ripset pehmein\u00e4 ja kosteutettuina, parantaen joustavuutta ja vahvuutta.<\/li>\n<li style=\"font-weight: 400;\">Hydrolysoitu vehn\u00e4proteiini ja kollageeniaminohapot ravitsevat ripsi\u00e4 ja tekev\u00e4t niist\u00e4 vahvempia ja kest\u00e4v\u00e4mpi\u00e4.<\/li>\n<li style=\"font-weight: 400;\">Allantoiini on kosteusvoide, joka auttaa pit\u00e4m\u00e4\u00e4n ripset kosteana ja ehk\u00e4isee kuivumista.<\/li>\n<li style=\"font-weight: 400;\">Niasiiniamidi on B3-vitamiini, joka auttaa parantamaan ripsien rakennetta ja lis\u00e4\u00e4m\u00e4\u00e4n niiden vahvuutta ja volyymia.<\/li>\n<li style=\"font-weight: 400;\">Hydrolysoitu silkki ravitsee ja kosteuttaa ripsi\u00e4.<\/li>\n<li style=\"font-weight: 400;\">Ceramide 2 auttaa korjaamaan ja vahvistamaan vaurioituneita ripsi\u00e4.<\/li>\n<li style=\"font-weight: 400;\">Aminohapot, kuten arginiini, aspartaatti, PCA, glysiini, alaniini, seriini, valiini, isoleusiini, proliini, treoniini, histitidiini ja fenyylialaniini toimivat yhdess\u00e4 ravitsemaan ja parantamaan ripsien terveytt\u00e4.<\/li>\n<\/ul>\n","protected":false},"excerpt":{"rendered":"<p style=\"font-weight: 400;\">MAXYMOVA GOCCIA Blue Diamond Serum on tarkoitettu k\u00e4ytett\u00e4v\u00e4ksi ripsiss\u00e4 ja kulmakarvoissa. Tuote koostuu useista tehokkaista funktionaalisista ainesosista.<\/p>\n<p>&nbsp;<\/p>\n<p style=\"font-weight: 400;\">Seerumia k\u00e4ytet\u00e4\u00e4n ripsien kosteuttamisen tai kulmakarvojen laminoinnin aikana ravitsemaan, kosteuttamaan ja parantamaan ripsien ja kulmakarvojen kiiltoa. Seerumi on suunniteltu vahvistamaan ripsi\u00e4 ja korjaamaan vaurioita, lukitsemaan kosteutta ja v\u00e4hent\u00e4m\u00e4\u00e4n katkeilua j\u00e4tt\u00e4en ripset pehmeiksi, silkkisiksi, joustaviksi ja kiilt\u00e4viksi.<\/p>\n","protected":false},"featured_media":22729,"comment_status":"open","ping_status":"closed","template":"","meta":{"_monsterinsights_skip_tracking":false,"_monsterinsights_sitenote_active":false,"_monsterinsights_sitenote_note":"","_monsterinsights_sitenote_category":0},"product_cat":[923,518,915,917,476,477,516,512,475],"product_tag":[],"class_list":{"0":"post-23771","1":"product","2":"type-product","3":"status-publish","4":"has-post-thumbnail","6":"product_cat-jalkihoito-ja-kosteuttaminen","7":"product_cat-jalkihoito","8":"product_cat-esi-ja-jalkihoito","9":"product_cat-jalkihoito-fi","10":"product_cat-kulmakarvat","11":"product_cat-kulmien-laminointi","12":"product_cat-lash-lift-fi","13":"product_cat-parhaat-tarjoukset","14":"product_cat-ripset","15":"pa_brand-maxymova-fi","16":"pa_suurus-15-ml-fi","18":"first","19":"outofstock","20":"sale","21":"taxable","22":"shipping-taxable","23":"purchasable","24":"product-type-simple"},"_links":{"self":[{"href":"https:\/\/prelive2.pomello.ee\/fi\/wp-json\/wp\/v2\/product\/23771","targetHints":{"allow":["GET"]}}],"collection":[{"href":"https:\/\/prelive2.pomello.ee\/fi\/wp-json\/wp\/v2\/product"}],"about":[{"href":"https:\/\/prelive2.pomello.ee\/fi\/wp-json\/wp\/v2\/types\/product"}],"replies":[{"embeddable":true,"href":"https:\/\/prelive2.pomello.ee\/fi\/wp-json\/wp\/v2\/comments?post=23771"}],"version-history":[{"count":0,"href":"https:\/\/prelive2.pomello.ee\/fi\/wp-json\/wp\/v2\/product\/23771\/revisions"}],"wp:featuredmedia":[{"embeddable":true,"href":"https:\/\/prelive2.pomello.ee\/fi\/wp-json\/wp\/v2\/media\/22729"}],"wp:attachment":[{"href":"https:\/\/prelive2.pomello.ee\/fi\/wp-json\/wp\/v2\/media?parent=23771"}],"wp:term":[{"taxonomy":"product_cat","embeddable":true,"href":"https:\/\/prelive2.pomello.ee\/fi\/wp-json\/wp\/v2\/product_cat?post=23771"},{"taxonomy":"product_tag","embeddable":true,"href":"https:\/\/prelive2.pomello.ee\/fi\/wp-json\/wp\/v2\/product_tag?post=23771"}],"curies":[{"name":"wp","href":"https:\/\/api.w.org\/{rel}","templated":true}]}}