{"id":23769,"date":"2023-07-20T22:45:49","date_gmt":"2023-07-20T19:45:49","guid":{"rendered":"https:\/\/prelive2.pomello.ee\/toode\/maxymova-step-1-lift-15ml\/"},"modified":"2023-07-20T22:45:49","modified_gmt":"2023-07-20T19:45:49","slug":"maxymova-step-1-lift-15ml","status":"publish","type":"product","link":"https:\/\/prelive2.pomello.ee\/fi\/toode\/maxymova-step-1-lift-15ml\/","title":{"rendered":"MAXYMOVA Step 1 LIFT 1,5ml"},"content":{"rendered":"<p style=\"font-weight: 400;\">MAXYMOVA\u00ae\ufe0f STEP 1 LIFT on ripsien kohotuksen ja kulmien laminointi ensimm\u00e4inen vaihe. Se katkaisee hiusten disulfidisidoksia, jolloin hiukset saavat uuden muodon. Tuote on tehokas mutta hell\u00e4varainen hiuksille innovatiivisella vallankumouksellisella koostumuksella, joka ei vahingoita hiuksia.<\/p>\n<p>&nbsp;<\/p>\n<p style=\"font-weight: 400;\">Vaihe 1 \u2013 LIFT-emulsion PH 8,2-8,9. Vaikutusaika ripsiin on 4-10 min ja kulmakarvoihin 3-8 min riippuen luonnollisten ripsien tyypist\u00e4.<\/p>\n<p>&nbsp;<\/p>\n<p style=\"font-weight: 400;\"><strong>Vaikutusaika:<\/strong><\/p>\n<p style=\"font-weight: 400;\">Ohuet ja heikot ripset 4-5 min.<\/p>\n<p style=\"font-weight: 400;\">Keskikokoiset ripset 6-7 min.<\/p>\n<p style=\"font-weight: 400;\">Paksut ripset 8-9 min.<\/p>\n<p style=\"font-weight: 400;\">Eritt\u00e4in paksut ripset 10 min.<\/p>\n<p style=\"font-weight: 400;\">Altistusajan p\u00e4\u00e4tytty\u00e4 poista emulsio kuivalla pumpulipuikolla tai harjalla.<\/p>\n<p style=\"font-weight: 400;\">K\u00e4yt\u00e4 vain Maxymova FIX 2:n kanssa.<\/p>\n","protected":false},"excerpt":{"rendered":"<p style=\"font-weight: 400;\">MAXYMOVA\u00ae\ufe0f STEP 1 LIFT on ripsien kohotuksen ja kulmien laminointi ensimm\u00e4inen vaihe. Se katkaisee hiusten disulfidisidoksia, jolloin hiukset saavat uuden muodon. Tuote on tehokas mutta hell\u00e4varainen hiuksille innovatiivisella vallankumouksellisella koostumuksella, joka ei vahingoita hiuksia.<\/p>\n<p>&nbsp;<\/p>\n<p style=\"font-weight: 400;\">MAXYMOVA\u00ae\ufe0f Professional -tuotteet on kehitetty yhteisty\u00f6ss\u00e4 parhaiden italialaisten mestareiden kanssa. Kimaltelevat emulsiot, kosteuttavilla ainesosilla, innovatiivinen ja laadukas laminointisarja ripsien kohotukseen ja kulmakarvojen laminointiin. Maailmanlaajuisesti kiitetyt emulsiot eiv\u00e4t ole ep\u00e4miellytt\u00e4v\u00e4n hajuisia, eiv\u00e4t kirvele eiv\u00e4tk\u00e4 aiheuta punoitusta kulmakarvojen iholle, herk\u00e4t mutta tehokkaat emulsiot, jotka luovat ripsille ja kulmakarvoille \u00e4\u00e4rimm\u00e4isen lopputuloksen.<\/p>\n<p>&nbsp;<\/p>\n<p style=\"font-weight: 400;\">Vaihe 1 \u2013 LIFT-emulsion PH 8,2-8,9. Vaikutusaika ripsiin on 4-10 min ja kulmakarvoihin 3-8 min riippuen luonnollisten ripsien tyypist\u00e4.<\/p>\n<p>&nbsp;<\/p>\n<p>1,5ml pussi.<\/p>\n<p>&nbsp;<\/p>\n<p style=\"font-weight: 400;\">Valmistettu Italiassa.<\/p>\n","protected":false},"featured_media":22740,"comment_status":"open","ping_status":"closed","template":"","meta":{"_monsterinsights_skip_tracking":false,"_monsterinsights_sitenote_active":false,"_monsterinsights_sitenote_note":"","_monsterinsights_sitenote_category":0},"product_cat":[899,517,476,477,516,475],"product_tag":[524,530],"class_list":{"0":"post-23769","1":"product","2":"type-product","3":"status-publish","4":"has-post-thumbnail","6":"product_cat-emulsiot-fi","7":"product_cat-emulsiot","8":"product_cat-kulmakarvat","9":"product_cat-kulmien-laminointi","10":"product_cat-lash-lift-fi","11":"product_cat-ripset","12":"product_tag-kulmakarvojen-laminointi","13":"product_tag-lash-lift-fi","14":"pa_brand-maxymova-fi","16":"first","17":"outofstock","18":"taxable","19":"shipping-taxable","20":"purchasable","21":"product-type-simple"},"_links":{"self":[{"href":"https:\/\/prelive2.pomello.ee\/fi\/wp-json\/wp\/v2\/product\/23769","targetHints":{"allow":["GET"]}}],"collection":[{"href":"https:\/\/prelive2.pomello.ee\/fi\/wp-json\/wp\/v2\/product"}],"about":[{"href":"https:\/\/prelive2.pomello.ee\/fi\/wp-json\/wp\/v2\/types\/product"}],"replies":[{"embeddable":true,"href":"https:\/\/prelive2.pomello.ee\/fi\/wp-json\/wp\/v2\/comments?post=23769"}],"version-history":[{"count":0,"href":"https:\/\/prelive2.pomello.ee\/fi\/wp-json\/wp\/v2\/product\/23769\/revisions"}],"wp:featuredmedia":[{"embeddable":true,"href":"https:\/\/prelive2.pomello.ee\/fi\/wp-json\/wp\/v2\/media\/22740"}],"wp:attachment":[{"href":"https:\/\/prelive2.pomello.ee\/fi\/wp-json\/wp\/v2\/media?parent=23769"}],"wp:term":[{"taxonomy":"product_cat","embeddable":true,"href":"https:\/\/prelive2.pomello.ee\/fi\/wp-json\/wp\/v2\/product_cat?post=23769"},{"taxonomy":"product_tag","embeddable":true,"href":"https:\/\/prelive2.pomello.ee\/fi\/wp-json\/wp\/v2\/product_tag?post=23769"}],"curies":[{"name":"wp","href":"https:\/\/api.w.org\/{rel}","templated":true}]}}