{"id":23762,"date":"2023-07-11T23:23:23","date_gmt":"2023-07-11T20:23:23","guid":{"rendered":"https:\/\/prelive2.pomello.ee\/toode\/bronsun-ripsi-ja-kulmavari-sinimusta\/"},"modified":"2023-07-11T23:23:23","modified_gmt":"2023-07-11T20:23:23","slug":"bronsun-ripsi-ja-kulmavari-sinimusta","status":"publish","type":"product","link":"https:\/\/prelive2.pomello.ee\/fi\/toode\/bronsun-ripsi-ja-kulmavari-sinimusta\/","title":{"rendered":"Bronsun ripsi- ja kulmav\u00e4ri Sinimusta"},"content":{"rendered":"<p><strong>Kuinka k\u00e4ytt\u00e4\u00e4 <\/strong><\/p>\n<p>&nbsp;<\/p>\n<ul>\n<li>Poista meikki kulmakarvoista ja ripsist\u00e4 \u00f6ljytt\u00f6m\u00e4ll\u00e4 meikinpoistoaineella<\/li>\n<li>Purista maali pieneen lasi- tai muoviastiaan ja lis\u00e4\u00e4 sama m\u00e4\u00e4r\u00e4 kermanestett\u00e4 3% BRONSUN<\/li>\n<li>Sekoita, kunnes saat tasaisen koostumuksen<\/li>\n<li>Levit\u00e4 seos kulmakarvoihin<\/li>\n<li>K\u00e4yt\u00e4 vinoa sivellint\u00e4 ja lis\u00e4\u00e4 kulmakarvojen v\u00e4ri\u00e4, kunnes kulmakarvat ovat tasaiset<\/li>\n<li>Pese maali varovasti pois sopivan ajan kuluttua kostealla vanulapulla.<\/li>\n<\/ul>\n<p>&nbsp;<\/p>\n<p>Vaikutusaika kulmakarvoihin 7-10 minuuttia (pidemp\u00e4\u00e4n tarvittaessa)<\/p>\n<p>&nbsp;<\/p>\n<p>Sekoita suhteessa 1-1 <span style=\"color: #808080;\"><strong><a style=\"color: #808080;\" href=\"https:\/\/prelive2.pomello.ee\/toode\/bronsun-kreemvesinik-3\/\">BRONSUN Kreemvesinikuga 3%<\/a><\/strong><\/span><\/p>\n<p>&nbsp;<\/p>\n<p>S\u00e4ilyy 1 vuoden avaamisen j\u00e4lkeen.<\/p>\n<p>&nbsp;<\/p>\n<p>Vain ammattilaisille.<\/p>\n<p><iframe title=\"TUTORIAL BRONSUN GEL DYE WITH HENNA EFFECT\" width=\"1170\" height=\"658\" src=\"https:\/\/www.youtube.com\/embed\/JFxdttfuJgU?feature=oembed\" frameborder=\"0\" allow=\"accelerometer; autoplay; clipboard-write; encrypted-media; gyroscope; picture-in-picture; web-share\" allowfullscreen><\/iframe><\/p>\n","protected":false},"excerpt":{"rendered":"<p>Maailman ensimm\u00e4inen ripsien ja kulmakarvojen geeliv\u00e4ri, joka antaa saman pitk\u00e4kestoisen vaikutuksen kuin henna! Bronsun ripsien ja kulmav\u00e4rit s\u00e4vytt\u00e4\u00e4 ihoa intensiivisesti kuin se olisi maalattu hennalla. Menettelyst\u00e4 tulee paljon helpompaa ja nopeampaa t\u00e4m\u00e4n ansiosta. Lis\u00e4ksi se antaa t\u00e4ytel\u00e4isen ja loistavan s\u00e4vyn hiuksille.<\/p>\n<p>&nbsp;<\/p>\n<p>Erityisen pitk\u00e4kestoinen, s\u00e4vy kest\u00e4\u00e4 jopa 2 viikkoa iholla ja jopa 7 viikkoa hiuksissa.<\/p>\n<p>&nbsp;<\/p>\n<p>&nbsp;<\/p>\n","protected":false},"featured_media":22714,"comment_status":"open","ping_status":"closed","template":"","meta":{"_monsterinsights_skip_tracking":false,"_monsterinsights_sitenote_active":false,"_monsterinsights_sitenote_note":"","_monsterinsights_sitenote_category":0},"product_cat":[909,476,475,479,478],"product_tag":[],"class_list":{"0":"post-23762","1":"product","2":"type-product","3":"status-publish","4":"has-post-thumbnail","6":"product_cat-kestovari","7":"product_cat-kulmakarvat","8":"product_cat-ripset","9":"product_cat-ripsien-ja-kulmakarvojen-varit-fi","10":"product_cat-ripsien-ja-kulmakarvojen-varit","11":"pa_brand-bronsun-fi","12":"pa_suurus-15-ml-fi","13":"pa_varv-sini-must-fi","15":"first","16":"instock","17":"taxable","18":"shipping-taxable","19":"purchasable","20":"product-type-simple"},"_links":{"self":[{"href":"https:\/\/prelive2.pomello.ee\/fi\/wp-json\/wp\/v2\/product\/23762","targetHints":{"allow":["GET"]}}],"collection":[{"href":"https:\/\/prelive2.pomello.ee\/fi\/wp-json\/wp\/v2\/product"}],"about":[{"href":"https:\/\/prelive2.pomello.ee\/fi\/wp-json\/wp\/v2\/types\/product"}],"replies":[{"embeddable":true,"href":"https:\/\/prelive2.pomello.ee\/fi\/wp-json\/wp\/v2\/comments?post=23762"}],"version-history":[{"count":0,"href":"https:\/\/prelive2.pomello.ee\/fi\/wp-json\/wp\/v2\/product\/23762\/revisions"}],"wp:featuredmedia":[{"embeddable":true,"href":"https:\/\/prelive2.pomello.ee\/fi\/wp-json\/wp\/v2\/media\/22714"}],"wp:attachment":[{"href":"https:\/\/prelive2.pomello.ee\/fi\/wp-json\/wp\/v2\/media?parent=23762"}],"wp:term":[{"taxonomy":"product_cat","embeddable":true,"href":"https:\/\/prelive2.pomello.ee\/fi\/wp-json\/wp\/v2\/product_cat?post=23762"},{"taxonomy":"product_tag","embeddable":true,"href":"https:\/\/prelive2.pomello.ee\/fi\/wp-json\/wp\/v2\/product_tag?post=23762"}],"curies":[{"name":"wp","href":"https:\/\/api.w.org\/{rel}","templated":true}]}}