{"id":23737,"date":"2023-07-20T22:01:22","date_gmt":"2023-07-20T19:01:22","guid":{"rendered":"https:\/\/prelive2.pomello.ee\/toode\/maxymova-discovery-kit\/"},"modified":"2023-07-20T22:01:22","modified_gmt":"2023-07-20T19:01:22","slug":"maxymova-discovery-kit","status":"publish","type":"product","link":"https:\/\/prelive2.pomello.ee\/fi\/toode\/maxymova-discovery-kit\/","title":{"rendered":"MAXYMOVA Discovery KIT"},"content":{"rendered":"<p style=\"font-weight: 400;\">Vaihe 1 &#8211; LIFT, kohotusvoide PH 8,2-8,9, vaikutusaika ripsiin 4-10 min ja kulmakarvoihin 3-8 min.<\/p>\n<p style=\"font-weight: 400;\">Vaihe 2 &#8211; Kiinnitysvoide FIX PH 2,4-4, vaikutusaika 7-8 min.<\/p>\n<p style=\"font-weight: 400;\">Goccia &#8211; seerumi (keratiini botox-ripsiin), vaikutusaika 5-10 min.<\/p>\n<p style=\"font-weight: 400;\">Vaihe 3 \u2013 Keratin Booster, viimeistely\u00f6ljy keratiinilla, kollageenilla ja aloe veralla.<\/p>\n<p>&nbsp;<\/p>\n<p style=\"font-weight: 400;\">MAXYMOVA\u00ae\ufe0f STEP 1 LIFT on ripsien kohotuksen ja kulmien laminointi ensimm\u00e4inen vaihe. Se katkaisee hiusten disulfidisidoksia, jolloin hiukset saavat uuden muodon. Tuote on tehokas mutta hell\u00e4varainen hiuksille innovatiivisella vallankumouksellisella koostumuksella, joka ei vahingoita hiuksia.<\/p>\n<p>&nbsp;<\/p>\n<p style=\"font-weight: 400; padding-left: 40px;\"><strong>Vaikutusaika:<\/strong><\/p>\n<p style=\"font-weight: 400; padding-left: 40px;\">Ohuet ja heikot ripset 4-5 min.<\/p>\n<p style=\"font-weight: 400; padding-left: 40px;\">Keskikokoiset ripset 6-7 min.<\/p>\n<p style=\"font-weight: 400; padding-left: 40px;\">Paksut ripset 8-9 min.<\/p>\n<p style=\"font-weight: 400; padding-left: 40px;\">Eritt\u00e4in paksut ripset 10 min.<\/p>\n<p>&nbsp;<\/p>\n<p style=\"font-weight: 400;\">MAXYMOVA\u00ae\ufe0f STEP 2 FIX on toinen vaihe lash liftin tai kulmien laminointi j\u00e4lkeen. Emulsio palauttaa hiusten disulfidisidokset ja vahvistaa ripsien uutta muotoa. Tuote on tehokas mutta hell\u00e4varainen hiuksille innovatiivisella vallankumouksellisella koostumuksella, joka ei vahingoita hiuksia.<\/p>\n<p style=\"font-weight: 400; padding-left: 40px;\">Vaihe 2 &#8211; FIX &#8211; Kiinnitysemulsio PH 2.4-4. Vaikutusaika ripsiss\u00e4 7-8 min ja kulmakarvoissa 3-8 min luonnollisten ripsien tyypist\u00e4 riippuen.<\/p>\n<p>&nbsp;<\/p>\n<p style=\"font-weight: 400;\">MAXYMOVA\u00ae\ufe0f Goccia on seerumi, jota k\u00e4ytet\u00e4\u00e4n toimenpiteen aikana ravitsemaan, kosteuttamaan ja antamaan kiiltoa ripsille ja kulmakarvoille. Seerumin tarkoituksena on vahvistaa ripsi\u00e4 ja auttaa korjaamaan vaurioita, lukitsemaan kosteutta ja v\u00e4hent\u00e4m\u00e4\u00e4n katkeilua j\u00e4tt\u00e4en ripset pehmeiksi, silkkisiksi, joustaviksi ja kiilt\u00e4viksi.<\/p>\n<p>&nbsp;<\/p>\n<p style=\"font-weight: 400; padding-left: 40px;\">Levit\u00e4 muutama tippa seerumia ripsille ja kulmille 5 minuutin ajan permingin j\u00e4lkeen (tai vaiheen 2 FIX j\u00e4lkeen, jos et aio tehd\u00e4 permingi\u00e4). Altistusajan p\u00e4\u00e4tytty\u00e4 poista ylim\u00e4\u00e4r\u00e4inen tuote kulmakarvoista tai ripsist\u00e4 kostealla vanulapulla.<\/p>\n<p>&nbsp;<\/p>\n<p style=\"font-weight: 400;\">MAXYMOVA\u00ae\ufe0f HYDRATION AND KERATIN BOOSTER on Step 3 eli viimeinen vaihe ripsien ja kulmakarvojen laminoinnissa. Tuote sis\u00e4lt\u00e4\u00e4 hy\u00f6dyllisi\u00e4 kosteuttavia ainesosia, kuten keratiinia, kollageenia ja aloe veraa.<\/p>\n<p>&nbsp;<\/p>\n<p style=\"font-weight: 400; padding-left: 40px;\">Vaihe 3 HYDRATION AND KERATIN BOOSTERia k\u00e4ytet\u00e4\u00e4n ripsien kohotuksen tai kulmakarvojen laminoinnin j\u00e4lkeen kemiallisen v\u00e4rj\u00e4yksen j\u00e4lkeen. Levit\u00e4 tuotetta siveltimell\u00e4 ripsiin tai kulmakarvojen tyvest\u00e4 latvoihin. Puhdista tuote varovasti ripsist\u00e4 tai kulmakarvoista vaikutusajan p\u00e4\u00e4tytty\u00e4. \u00c4l\u00e4 huuhtele.<\/p>\n<p>&nbsp;<\/p>\n","protected":false},"excerpt":{"rendered":"<p>MAXYMOVA Discovery Kit &#8211; lash lift -sarja sis\u00e4lt\u00e4\u00e4 kimaltelevia emulsioita, kosteuttavia ainesosia, innovatiivisen ja laadukkaan laminointisarjan ripsien kohotukseen ja kulmakarvojen laminointiin. Maailmanlaajuisesti kiitetyt emulsiot eiv\u00e4t ole ep\u00e4miellytt\u00e4v\u00e4n hajuisia, eiv\u00e4t kirvele eiv\u00e4tk\u00e4 aiheuta punoitusta kulmakarvojen iholle, herk\u00e4t mutta tehokkaat emulsiot, jotka luovat ripsille ja kulmakarvoille \u00e4\u00e4rimm\u00e4isen lopputuloksen.<\/p>\n<p>&nbsp;<\/p>\n<p style=\"font-weight: 400;\">1 pussi 1,5 ml Vaihe 1 LIFT MAXYMOVA\u00ae<\/p>\n<p style=\"font-weight: 400;\">1 pussi 1,5 ml Vaihe 2 FIX MAXYMOVA\u00ae<\/p>\n<p style=\"font-weight: 400;\">1 pussi 1,5 ml Vaihe 3 HYDRATION &amp; KERATIN BOOSTER MAXYMOVA\u00ae<\/p>\n<p style=\"font-weight: 400;\">1 pussi 3 ml Goccia Keratin Serumia.<\/p>\n<p>&nbsp;<\/p>\n<p style=\"font-weight: 400;\">Sis\u00e4lt\u00f6: 4 pussia.<\/p>\n<p>&nbsp;<\/p>\n<p style=\"font-weight: 400;\">MAXYMOVA\u00ae\ufe0f Ammattimaiset tuotteet ripsien ja kulmakarvojen laminointiin. Kehitetty yhteisty\u00f6ss\u00e4 parhaiden italialaisten mestareiden kanssa.<\/p>\n","protected":false},"featured_media":22730,"comment_status":"open","ping_status":"closed","template":"","meta":{"_monsterinsights_skip_tracking":false,"_monsterinsights_sitenote_active":false,"_monsterinsights_sitenote_note":"","_monsterinsights_sitenote_category":0},"product_cat":[899,517,476,477,516,475],"product_tag":[524,530],"class_list":{"0":"post-23737","1":"product","2":"type-product","3":"status-publish","4":"has-post-thumbnail","6":"product_cat-emulsiot-fi","7":"product_cat-emulsiot","8":"product_cat-kulmakarvat","9":"product_cat-kulmien-laminointi","10":"product_cat-lash-lift-fi","11":"product_cat-ripset","12":"product_tag-kulmakarvojen-laminointi","13":"product_tag-lash-lift-fi","14":"pa_brand-maxymova-fi","16":"first","17":"outofstock","18":"taxable","19":"shipping-taxable","20":"purchasable","21":"product-type-simple"},"_links":{"self":[{"href":"https:\/\/prelive2.pomello.ee\/fi\/wp-json\/wp\/v2\/product\/23737","targetHints":{"allow":["GET"]}}],"collection":[{"href":"https:\/\/prelive2.pomello.ee\/fi\/wp-json\/wp\/v2\/product"}],"about":[{"href":"https:\/\/prelive2.pomello.ee\/fi\/wp-json\/wp\/v2\/types\/product"}],"replies":[{"embeddable":true,"href":"https:\/\/prelive2.pomello.ee\/fi\/wp-json\/wp\/v2\/comments?post=23737"}],"version-history":[{"count":0,"href":"https:\/\/prelive2.pomello.ee\/fi\/wp-json\/wp\/v2\/product\/23737\/revisions"}],"wp:featuredmedia":[{"embeddable":true,"href":"https:\/\/prelive2.pomello.ee\/fi\/wp-json\/wp\/v2\/media\/22730"}],"wp:attachment":[{"href":"https:\/\/prelive2.pomello.ee\/fi\/wp-json\/wp\/v2\/media?parent=23737"}],"wp:term":[{"taxonomy":"product_cat","embeddable":true,"href":"https:\/\/prelive2.pomello.ee\/fi\/wp-json\/wp\/v2\/product_cat?post=23737"},{"taxonomy":"product_tag","embeddable":true,"href":"https:\/\/prelive2.pomello.ee\/fi\/wp-json\/wp\/v2\/product_tag?post=23737"}],"curies":[{"name":"wp","href":"https:\/\/api.w.org\/{rel}","templated":true}]}}