{"id":23732,"date":"2023-07-20T22:13:33","date_gmt":"2023-07-20T19:13:33","guid":{"rendered":"https:\/\/prelive2.pomello.ee\/toode\/maxymova-goccia-monodose-doro-3-ml\/"},"modified":"2023-07-20T22:13:33","modified_gmt":"2023-07-20T19:13:33","slug":"maxymova-goccia-monodose-doro-3-ml","status":"publish","type":"product","link":"https:\/\/prelive2.pomello.ee\/fi\/toode\/maxymova-goccia-monodose-doro-3-ml\/","title":{"rendered":"MAXYMOVA GOCCIA Monodose D&#8217;Oro 3 ml"},"content":{"rendered":"<p style=\"font-weight: 400;\"><strong>MITEN K\u00c4YTET\u00c4\u00c4N MAXYMOVA\u00ae\ufe0f Goccia D&#8217;Oro Monodosea<\/strong><\/p>\n<p>&nbsp;<\/p>\n<p style=\"font-weight: 400;\">Levit\u00e4 muutama tippa seerumia ripsille ja kulmille 5 minuutin ajan permingin j\u00e4lkeen (tai vaiheen 2 FIX j\u00e4lkeen, jos et aio tehd\u00e4 permingi\u00e4). Altistusajan p\u00e4\u00e4tytty\u00e4 poista ylim\u00e4\u00e4r\u00e4inen tuote kulmakarvoista tai ripsist\u00e4 kostealla vanulapulla.<\/p>\n<p>&nbsp;<\/p>\n<p style=\"font-weight: 400;\"><strong>AINESOSIEN KUVAUS<\/strong><\/p>\n<p>&nbsp;<\/p>\n<ul>\n<li style=\"font-weight: 400;\">Keratiini: sitoutuu ripsien ja kulmakarvojen luonnolliseen keratiiniin, lis\u00e4\u00e4 kiiltoa, kest\u00e4vyytt\u00e4 ja v\u00e4hent\u00e4\u00e4 karvojen katkeilua. T\u00e4m\u00e4n proteiinin pienet molekyylit pystyv\u00e4t tunkeutumaan turkin l\u00e4pi raviten, kosteuttamaan ja korjaaen sit\u00e4 sis\u00e4lt\u00e4p\u00e4in.<\/li>\n<li style=\"font-weight: 400;\">Natriumhyaluronaatti Natrium: Hyaluronihapon suola t\u00e4ytt\u00e4\u00e4, stimuloi kollageenin tuotantoa ja kiinteytt\u00e4\u00e4 orvaskett\u00e4. Sen teht\u00e4v\u00e4 on my\u00f6s hoitava ja parantava. Se kykenee sitomaan merkitt\u00e4v\u00e4n m\u00e4\u00e4r\u00e4n vesimolekyylej\u00e4, tarjoten nesteytyst\u00e4.<\/li>\n<li style=\"font-weight: 400;\">Cinchona succi rubra -kuoriuute, Achillea millefolium -uute, Tussilago farfara -kukkauute: fysiologinen ravinto hiussipulille, joka kunnioittaa anageeni-, katageen- ja telogeenivaiheita. Sekoitus synergistisi\u00e4 kasviuutteita, jotka stimuloivat ripsien ja hiusten kasvua.<\/li>\n<li style=\"font-weight: 400;\">Hydrolysoitu silkki: Hydrolysoidulla silkill\u00e4 on suora kosteuttava vaikutus muodostaen suojaavan verhon, joka v\u00e4hent\u00e4\u00e4 kuivumista.<\/li>\n<li style=\"font-weight: 400;\">Hydrolysoitu vehn\u00e4proteiini: kosteuttaa ja ravitsee ripsi\u00e4 ja kulmakarvoja. Vehn\u00e4proteiinit, jotka tunnetaan my\u00f6s fytokeratiinina, ovat vehn\u00e4n entsymaattisella hydrolyysill\u00e4 saatuja pienimolekyylisi\u00e4 kasvipeptidej\u00e4, jotka muodostavat kosteuttavan kompleksin, joka pystyy tunkeutumaan syv\u00e4lle kapillaarirakenteisiin. Ne sitovat vesimolekyylej\u00e4 ja varmistavat oikean vesitasapainon ripsille ja kulmakarvoille. Voimakkaan hoitavan vaikutuksen lis\u00e4ksi hydrolysoidulla vehn\u00e4proteiinilla on my\u00f6s voimakas irrottava ja vahvistava vaikutus hiusten pintaan ja korjaa hiusp\u00e4it\u00e4. N\u00e4m\u00e4 ominaisuudet tarjoavat vaurioituneille ripsille rakennemuutoksia. Ne koostuvat aminohapoista, kuten glutamiinihaposta, leusiinista, proliinista, arginiinista ja glysiinist\u00e4, jotka vastaavat niit\u00e4, jotka luovat luonnollisesti hiusten ja ihon rakenteen. Niill\u00e4 on hiuksia vahvistava, korjaava, rakenneuudistus ja kalvovaikutus, jotka tekev\u00e4t niist\u00e4 kiilt\u00e4vi\u00e4 ja volyymia.<\/li>\n<\/ul>\n","protected":false},"excerpt":{"rendered":"<p style=\"font-weight: 400;\">MAXYMOVA\u00ae\ufe0f Goccia D&#8217;Oro Monodos kultainen seerumi, jota k\u00e4ytet\u00e4\u00e4n toimenpiteen aikana ravitsemaan, kosteuttamaan ja antamaan kiiltoa ripsille ja kulmakarvoille. Seerumin tarkoituksena on vahvistaa ripsi\u00e4 ja auttaa korjaamaan vaurioita, lukitsemaan kosteutta ja v\u00e4hent\u00e4m\u00e4\u00e4n katkeilua j\u00e4tt\u00e4en ripset pehmeiksi, silkkisiksi, joustaviksi ja kiilt\u00e4viksi.<\/p>\n<p>&nbsp;<\/p>\n<p style=\"font-weight: 400;\">MAXYMOVA\u00ae\ufe0f Ammattimaiset tuotteet ripsien ja kulmakarvojen laminointiin. Kehitetty yhteisty\u00f6ss\u00e4 parhaiden italialaisten mestareiden kanssa.<\/p>\n<p>&nbsp;<\/p>\n<p>1 pussi 3 ml<\/p>\n","protected":false},"featured_media":22732,"comment_status":"open","ping_status":"closed","template":"","meta":{"_monsterinsights_skip_tracking":false,"_monsterinsights_sitenote_active":false,"_monsterinsights_sitenote_note":"","_monsterinsights_sitenote_category":0},"product_cat":[923,915,518,917,476,477,516,512,475],"product_tag":[524,530],"class_list":{"0":"post-23732","1":"product","2":"type-product","3":"status-publish","4":"has-post-thumbnail","6":"product_cat-jalkihoito-ja-kosteuttaminen","7":"product_cat-esi-ja-jalkihoito","8":"product_cat-jalkihoito","9":"product_cat-jalkihoito-fi","10":"product_cat-kulmakarvat","11":"product_cat-kulmien-laminointi","12":"product_cat-lash-lift-fi","13":"product_cat-parhaat-tarjoukset","14":"product_cat-ripset","15":"product_tag-kulmakarvojen-laminointi","16":"product_tag-lash-lift-fi","17":"pa_brand-maxymova-fi","19":"first","20":"instock","21":"sale","22":"taxable","23":"shipping-taxable","24":"purchasable","25":"product-type-simple"},"_links":{"self":[{"href":"https:\/\/prelive2.pomello.ee\/fi\/wp-json\/wp\/v2\/product\/23732","targetHints":{"allow":["GET"]}}],"collection":[{"href":"https:\/\/prelive2.pomello.ee\/fi\/wp-json\/wp\/v2\/product"}],"about":[{"href":"https:\/\/prelive2.pomello.ee\/fi\/wp-json\/wp\/v2\/types\/product"}],"replies":[{"embeddable":true,"href":"https:\/\/prelive2.pomello.ee\/fi\/wp-json\/wp\/v2\/comments?post=23732"}],"version-history":[{"count":0,"href":"https:\/\/prelive2.pomello.ee\/fi\/wp-json\/wp\/v2\/product\/23732\/revisions"}],"wp:featuredmedia":[{"embeddable":true,"href":"https:\/\/prelive2.pomello.ee\/fi\/wp-json\/wp\/v2\/media\/22732"}],"wp:attachment":[{"href":"https:\/\/prelive2.pomello.ee\/fi\/wp-json\/wp\/v2\/media?parent=23732"}],"wp:term":[{"taxonomy":"product_cat","embeddable":true,"href":"https:\/\/prelive2.pomello.ee\/fi\/wp-json\/wp\/v2\/product_cat?post=23732"},{"taxonomy":"product_tag","embeddable":true,"href":"https:\/\/prelive2.pomello.ee\/fi\/wp-json\/wp\/v2\/product_tag?post=23732"}],"curies":[{"name":"wp","href":"https:\/\/api.w.org\/{rel}","templated":true}]}}