{"id":23726,"date":"2023-07-20T22:24:46","date_gmt":"2023-07-20T19:24:46","guid":{"rendered":"https:\/\/prelive2.pomello.ee\/toode\/maxymova-step-3-booster-15ml\/"},"modified":"2024-02-21T19:15:09","modified_gmt":"2024-02-21T16:15:09","slug":"maxymova-step-3-booster-15ml","status":"publish","type":"product","link":"https:\/\/prelive2.pomello.ee\/fi\/toode\/maxymova-step-3-booster-15ml\/","title":{"rendered":"MAXYMOVA Step 3 Booster 1,5ml"},"content":{"rendered":"<p style=\"font-weight: 400;\"><strong>KUINKA K\u00c4YTT\u00c4\u00c4<\/strong><\/p>\n<p>&nbsp;<\/p>\n<p style=\"font-weight: 400;\">Vaihe 3 HYDRATION AND KERATIN BOOSTERia k\u00e4ytet\u00e4\u00e4n ripsien kohotuksen tai kulmakarvojen laminoinnin j\u00e4lkeen kemiallisen v\u00e4rj\u00e4yksen j\u00e4lkeen. Levit\u00e4 tuotetta siveltimell\u00e4 ripsiin tai kulmakarvojen tyvest\u00e4 latvoihin. Puhdista tuote varovasti ripsist\u00e4 tai kulmakarvoista vaikutusajan p\u00e4\u00e4tytty\u00e4. \u00c4l\u00e4 huuhtele.<\/p>\n<p style=\"font-weight: 400;\">&#8217;<\/p>\n<p style=\"font-weight: 400;\"><strong>AINESOSIEN KUVAUS<\/strong><\/p>\n<p>&nbsp;<\/p>\n<p style=\"font-weight: 400;\">Hydrolysoitu keratiini: Keratiini, hiusten luonnollinen ainesosa, ravitsee ja hoitaa tehden hiuksista pehme\u00e4mpi\u00e4 ja sile\u00e4mpi\u00e4.<\/p>\n<p style=\"font-weight: 400;\">Hydrolysoitu kollageeni: sill\u00e4 on suojaavia ja kosteuttavia turkin ominaisuuksia, parantaa kuitujen elastisuutta, ulkon\u00e4k\u00f6\u00e4 ja pehmeytt\u00e4.<\/p>\n<p style=\"font-weight: 400;\">Pantenoli: Pantenolilla on korjaavia ja rauhoittavia ominaisuuksia.<\/p>\n<p style=\"font-weight: 400;\">Urtica Dioica -lehtiuute: Nokkosuutteella on rauhoittavia ja kosteuttavia ominaisuuksia.<\/p>\n<p style=\"font-weight: 400;\">Chamomilla Recutita -kukkauute: Kamomillan kukkauute, jolla on punoitusta ehk\u00e4isevi\u00e4 ja rauhoittavia ominaisuuksia.<\/p>\n<p style=\"font-weight: 400;\">Aloe Barbadensis Leaf Juice: Aloe mehu suojaa turkkia kuivumiselta ja tarjoaa kosteutta ja raikkautta rauhoittavien ja virkist\u00e4vien ominaisuuksiensa ansiosta.<\/p>\n","protected":false},"excerpt":{"rendered":"<p style=\"font-weight: 400;\">MAXYMOVA\u00ae\ufe0f HYDRATION AND KERATIN BOOSTER on Step 3 eli viimeinen vaihe ripsien ja kulmakarvojen laminoinnissa. Tuote sis\u00e4lt\u00e4\u00e4 hy\u00f6dyllisi\u00e4 kosteuttavia ainesosia, kuten keratiinia, kollageenia ja aloe veraa.<\/p>\n<p>&nbsp;<\/p>\n<p style=\"font-weight: 400;\">MAXYMOVA\u00ae\ufe0f Professional -tuotteet on kehitetty yhteisty\u00f6ss\u00e4 parhaiden italialaisten mestareiden kanssa.<\/p>\n<p>&nbsp;<\/p>\n<p style=\"font-weight: 400;\">Tehoaika 5 min.<\/p>\n<p>&nbsp;<\/p>\n<p style=\"font-weight: 400;\">Valmistettu Italiassa.<\/p>\n<p>&nbsp;<\/p>\n<p>1,5ml pussi.<\/p>\n","protected":false},"featured_media":22734,"comment_status":"open","ping_status":"closed","template":"","meta":{"_monsterinsights_skip_tracking":false,"_monsterinsights_sitenote_active":false,"_monsterinsights_sitenote_note":"","_monsterinsights_sitenote_category":0},"product_cat":[899,517,476,477,516,475],"product_tag":[524,530],"class_list":{"0":"post-23726","1":"product","2":"type-product","3":"status-publish","4":"has-post-thumbnail","6":"product_cat-emulsiot-fi","7":"product_cat-emulsiot","8":"product_cat-kulmakarvat","9":"product_cat-kulmien-laminointi","10":"product_cat-lash-lift-fi","11":"product_cat-ripset","12":"product_tag-kulmakarvojen-laminointi","13":"product_tag-lash-lift-fi","14":"pa_brand-maxymova-fi","16":"first","17":"instock","18":"taxable","19":"shipping-taxable","20":"purchasable","21":"product-type-simple"},"_links":{"self":[{"href":"https:\/\/prelive2.pomello.ee\/fi\/wp-json\/wp\/v2\/product\/23726","targetHints":{"allow":["GET"]}}],"collection":[{"href":"https:\/\/prelive2.pomello.ee\/fi\/wp-json\/wp\/v2\/product"}],"about":[{"href":"https:\/\/prelive2.pomello.ee\/fi\/wp-json\/wp\/v2\/types\/product"}],"replies":[{"embeddable":true,"href":"https:\/\/prelive2.pomello.ee\/fi\/wp-json\/wp\/v2\/comments?post=23726"}],"version-history":[{"count":1,"href":"https:\/\/prelive2.pomello.ee\/fi\/wp-json\/wp\/v2\/product\/23726\/revisions"}],"predecessor-version":[{"id":23727,"href":"https:\/\/prelive2.pomello.ee\/fi\/wp-json\/wp\/v2\/product\/23726\/revisions\/23727"}],"wp:featuredmedia":[{"embeddable":true,"href":"https:\/\/prelive2.pomello.ee\/fi\/wp-json\/wp\/v2\/media\/22734"}],"wp:attachment":[{"href":"https:\/\/prelive2.pomello.ee\/fi\/wp-json\/wp\/v2\/media?parent=23726"}],"wp:term":[{"taxonomy":"product_cat","embeddable":true,"href":"https:\/\/prelive2.pomello.ee\/fi\/wp-json\/wp\/v2\/product_cat?post=23726"},{"taxonomy":"product_tag","embeddable":true,"href":"https:\/\/prelive2.pomello.ee\/fi\/wp-json\/wp\/v2\/product_tag?post=23726"}],"curies":[{"name":"wp","href":"https:\/\/api.w.org\/{rel}","templated":true}]}}