{"id":23713,"date":"2023-05-16T19:36:44","date_gmt":"2023-05-16T16:36:44","guid":{"rendered":"https:\/\/prelive2.pomello.ee\/toode\/ripsiharja-silikoni\/"},"modified":"2024-02-21T18:50:58","modified_gmt":"2024-02-21T15:50:58","slug":"ripsiharja-silikoni","status":"publish","type":"product","link":"https:\/\/prelive2.pomello.ee\/fi\/toode\/ripsiharja-silikoni\/","title":{"rendered":"Ripsiharja Silikoni"},"content":{"rendered":"","protected":false},"excerpt":{"rendered":"<p>Ripsiharja Silikonion laadukas uudelleenk\u00e4ytett\u00e4v\u00e4 pehme\u00e4 silikoniharja. Harjan pituus on 10 cm, pakkauksessa 25 kpl.<\/p>\n<p>&nbsp;<\/p>\n","protected":false},"featured_media":22665,"comment_status":"open","ping_status":"closed","template":"","meta":{"_monsterinsights_skip_tracking":false,"_monsterinsights_sitenote_active":false,"_monsterinsights_sitenote_note":"","_monsterinsights_sitenote_category":0},"product_cat":[476,511,475,546,540,544],"product_tag":[],"class_list":{"0":"post-23713","1":"product","2":"type-product","3":"status-publish","4":"has-post-thumbnail","6":"product_cat-kulmakarvat","7":"product_cat-kulmakarvojen-tarvikkeet","8":"product_cat-ripset","9":"product_cat-ripsien-tarvikkeet","10":"product_cat-tarvikkeet","11":"product_cat-tarvikkeet-fi","12":"pa_brand-pomello-fi","13":"pa_suurus-25-tk-pakis-fi","14":"pa_varv-roosa-fi","15":"pa_varv-tiffany-fi","17":"first","18":"instock","19":"taxable","20":"shipping-taxable","21":"purchasable","22":"product-type-variable"},"_links":{"self":[{"href":"https:\/\/prelive2.pomello.ee\/fi\/wp-json\/wp\/v2\/product\/23713","targetHints":{"allow":["GET"]}}],"collection":[{"href":"https:\/\/prelive2.pomello.ee\/fi\/wp-json\/wp\/v2\/product"}],"about":[{"href":"https:\/\/prelive2.pomello.ee\/fi\/wp-json\/wp\/v2\/types\/product"}],"replies":[{"embeddable":true,"href":"https:\/\/prelive2.pomello.ee\/fi\/wp-json\/wp\/v2\/comments?post=23713"}],"version-history":[{"count":1,"href":"https:\/\/prelive2.pomello.ee\/fi\/wp-json\/wp\/v2\/product\/23713\/revisions"}],"predecessor-version":[{"id":23714,"href":"https:\/\/prelive2.pomello.ee\/fi\/wp-json\/wp\/v2\/product\/23713\/revisions\/23714"}],"wp:featuredmedia":[{"embeddable":true,"href":"https:\/\/prelive2.pomello.ee\/fi\/wp-json\/wp\/v2\/media\/22665"}],"wp:attachment":[{"href":"https:\/\/prelive2.pomello.ee\/fi\/wp-json\/wp\/v2\/media?parent=23713"}],"wp:term":[{"taxonomy":"product_cat","embeddable":true,"href":"https:\/\/prelive2.pomello.ee\/fi\/wp-json\/wp\/v2\/product_cat?post=23713"},{"taxonomy":"product_tag","embeddable":true,"href":"https:\/\/prelive2.pomello.ee\/fi\/wp-json\/wp\/v2\/product_tag?post=23713"}],"curies":[{"name":"wp","href":"https:\/\/api.w.org\/{rel}","templated":true}]}}