{"id":23702,"date":"2023-05-27T22:07:58","date_gmt":"2023-05-27T19:07:58","guid":{"rendered":"https:\/\/prelive2.pomello.ee\/toode\/siveltimien-setti-3-kpl\/"},"modified":"2023-05-27T22:07:58","modified_gmt":"2023-05-27T19:07:58","slug":"siveltimien-setti-3-kpl","status":"publish","type":"product","link":"https:\/\/prelive2.pomello.ee\/fi\/toode\/siveltimien-setti-3-kpl\/","title":{"rendered":"Siveltimien setti 3 kpl"},"content":{"rendered":"<p>Valmistettu synteettisest\u00e4 turkista. Harjan kokonaispituus on 15,8 cm.<\/p>\n<p>&nbsp;<\/p>\n<p><strong>Puhdistus:<\/strong><br \/>\n1. Puhdista v\u00e4litt\u00f6m\u00e4sti jokaisen k\u00e4yt\u00f6n j\u00e4lkeen l\u00e4mpim\u00e4ll\u00e4 vedell\u00e4 ja antibakteerisella saippualla.<br \/>\n2. Desinfioi 70 % alkoholilla<br \/>\n3. Huuhtele sitten vedell\u00e4 ja kuivaa.<br \/>\n4. Aseta tuote steriiliin, suljettuun astiaan.<\/p>\n","protected":false},"excerpt":{"rendered":"<p>Laadukas sivellinsarja, jota suosittelemme ripsien kohotusemulsioiden poistoon, kulmakarvojen laminointiemulsioiden levitt\u00e4miseen tai ripsien\/kulmakarvojen kemialliseen v\u00e4rj\u00e4\u00e4miseen.<\/p>\n<p>&nbsp;<\/p>\n<p>Valittavana on musta tai kultainen setti.<\/p>\n","protected":false},"featured_media":22687,"comment_status":"open","ping_status":"closed","template":"","meta":{"_monsterinsights_skip_tracking":false,"_monsterinsights_sitenote_active":false,"_monsterinsights_sitenote_note":"","_monsterinsights_sitenote_category":0},"product_cat":[476,511,475,546,563,540],"product_tag":[],"class_list":{"0":"post-23702","1":"product","2":"type-product","3":"status-publish","4":"has-post-thumbnail","6":"product_cat-kulmakarvat","7":"product_cat-kulmakarvojen-tarvikkeet","8":"product_cat-ripset","9":"product_cat-ripsien-tarvikkeet","10":"product_cat-siveltimet","11":"product_cat-tarvikkeet","12":"pa_brand-pomello-fi","13":"pa_varv-kuldne-fi","14":"pa_varv-must-fi","16":"first","17":"instock","18":"taxable","19":"shipping-taxable","20":"purchasable","21":"product-type-variable"},"_links":{"self":[{"href":"https:\/\/prelive2.pomello.ee\/fi\/wp-json\/wp\/v2\/product\/23702","targetHints":{"allow":["GET"]}}],"collection":[{"href":"https:\/\/prelive2.pomello.ee\/fi\/wp-json\/wp\/v2\/product"}],"about":[{"href":"https:\/\/prelive2.pomello.ee\/fi\/wp-json\/wp\/v2\/types\/product"}],"replies":[{"embeddable":true,"href":"https:\/\/prelive2.pomello.ee\/fi\/wp-json\/wp\/v2\/comments?post=23702"}],"version-history":[{"count":0,"href":"https:\/\/prelive2.pomello.ee\/fi\/wp-json\/wp\/v2\/product\/23702\/revisions"}],"wp:featuredmedia":[{"embeddable":true,"href":"https:\/\/prelive2.pomello.ee\/fi\/wp-json\/wp\/v2\/media\/22687"}],"wp:attachment":[{"href":"https:\/\/prelive2.pomello.ee\/fi\/wp-json\/wp\/v2\/media?parent=23702"}],"wp:term":[{"taxonomy":"product_cat","embeddable":true,"href":"https:\/\/prelive2.pomello.ee\/fi\/wp-json\/wp\/v2\/product_cat?post=23702"},{"taxonomy":"product_tag","embeddable":true,"href":"https:\/\/prelive2.pomello.ee\/fi\/wp-json\/wp\/v2\/product_tag?post=23702"}],"curies":[{"name":"wp","href":"https:\/\/api.w.org\/{rel}","templated":true}]}}