{"id":23700,"date":"2023-05-27T22:25:19","date_gmt":"2023-05-27T19:25:19","guid":{"rendered":"https:\/\/prelive2.pomello.ee\/toode\/silikoni-siveltimen-pidike\/"},"modified":"2024-02-22T16:23:21","modified_gmt":"2024-02-22T13:23:21","slug":"silikoni-siveltimen-pidike","status":"publish","type":"product","link":"https:\/\/prelive2.pomello.ee\/fi\/toode\/silikoni-siveltimen-pidike\/","title":{"rendered":"Silikoni siveltimen pidike"},"content":{"rendered":"<p>Mitat: 11,5 x 8 x 1 cm<\/p>\n<p>&nbsp;<\/p>\n<p><strong>Puhdistus:<\/strong><br \/>\n1. Puhdista v\u00e4litt\u00f6m\u00e4sti jokaisen k\u00e4yt\u00f6n j\u00e4lkeen l\u00e4mpim\u00e4ll\u00e4 vedell\u00e4 ja antibakteerisella saippualla.<br \/>\n2. Desinfioi 70 % alkoholilla<br \/>\n3. Huuhtele sitten vedell\u00e4 ja kuivaa.<br \/>\n4. Aseta tuote steriiliin, suljettuun astiaan.<\/p>\n","protected":false},"excerpt":{"rendered":"<p>Laadukas silikoni siveltimen pidike s\u00e4ilytt\u00e4miseen.<\/p>\n<p>&nbsp;<\/p>\n<p>Harjateline tekee ty\u00f6skentelyst\u00e4 entist\u00e4 mukavampaa, voit laittaa v\u00e4rillisen harjan pois ilman huolta ty\u00f6ymp\u00e4rist\u00f6n likaamisesta. Harjan pidike on helppo puhdistaa ja desinfioida.<\/p>\n<p>&nbsp;<\/p>\n<p>Sivellinsarja l\u00f6ytyy <a href=\"https:\/\/prelive2.pomello.ee\/toode\/pintslite-komplekt-3tk\/\"><strong>t\u00e4\u00e4lt\u00e4<\/strong><\/a><\/p>\n","protected":false},"featured_media":22688,"comment_status":"open","ping_status":"closed","template":"","meta":{"_monsterinsights_skip_tracking":false,"_monsterinsights_sitenote_active":false,"_monsterinsights_sitenote_note":"","_monsterinsights_sitenote_category":0},"product_cat":[511,550,541,549,544,540],"product_tag":[],"class_list":{"0":"post-23700","1":"product","2":"type-product","3":"status-publish","4":"has-post-thumbnail","6":"product_cat-kulmakarvojen-tarvikkeet","7":"product_cat-kupit-ja-kulhot","8":"product_cat-muut-tyokalut-fi","9":"product_cat-pullot-kupit-ja-kulhot","10":"product_cat-tarvikkeet-fi","11":"product_cat-tarvikkeet","12":"pa_brand-pomello-fi","13":"pa_varv-must-fi","15":"first","16":"instock","17":"taxable","18":"shipping-taxable","19":"purchasable","20":"product-type-simple"},"_links":{"self":[{"href":"https:\/\/prelive2.pomello.ee\/fi\/wp-json\/wp\/v2\/product\/23700","targetHints":{"allow":["GET"]}}],"collection":[{"href":"https:\/\/prelive2.pomello.ee\/fi\/wp-json\/wp\/v2\/product"}],"about":[{"href":"https:\/\/prelive2.pomello.ee\/fi\/wp-json\/wp\/v2\/types\/product"}],"replies":[{"embeddable":true,"href":"https:\/\/prelive2.pomello.ee\/fi\/wp-json\/wp\/v2\/comments?post=23700"}],"version-history":[{"count":1,"href":"https:\/\/prelive2.pomello.ee\/fi\/wp-json\/wp\/v2\/product\/23700\/revisions"}],"predecessor-version":[{"id":23767,"href":"https:\/\/prelive2.pomello.ee\/fi\/wp-json\/wp\/v2\/product\/23700\/revisions\/23767"}],"wp:featuredmedia":[{"embeddable":true,"href":"https:\/\/prelive2.pomello.ee\/fi\/wp-json\/wp\/v2\/media\/22688"}],"wp:attachment":[{"href":"https:\/\/prelive2.pomello.ee\/fi\/wp-json\/wp\/v2\/media?parent=23700"}],"wp:term":[{"taxonomy":"product_cat","embeddable":true,"href":"https:\/\/prelive2.pomello.ee\/fi\/wp-json\/wp\/v2\/product_cat?post=23700"},{"taxonomy":"product_tag","embeddable":true,"href":"https:\/\/prelive2.pomello.ee\/fi\/wp-json\/wp\/v2\/product_tag?post=23700"}],"curies":[{"name":"wp","href":"https:\/\/api.w.org\/{rel}","templated":true}]}}