{"id":23698,"date":"2023-05-27T22:26:22","date_gmt":"2023-05-27T19:26:22","guid":{"rendered":"https:\/\/prelive2.pomello.ee\/toode\/silikoninen-pohja\/"},"modified":"2023-05-27T22:26:22","modified_gmt":"2023-05-27T19:26:22","slug":"silikoninen-pohja","status":"publish","type":"product","link":"https:\/\/prelive2.pomello.ee\/fi\/toode\/silikoninen-pohja\/","title":{"rendered":"Silikoninen pohja"},"content":{"rendered":"<p>Mitat: 20 x 11 x 0,6 cm<\/p>\n<p>&nbsp;<\/p>\n<p><strong>Puhdistus:<\/strong><br \/>\n1. Puhdista v\u00e4litt\u00f6m\u00e4sti jokaisen k\u00e4yt\u00f6n j\u00e4lkeen l\u00e4mpim\u00e4ll\u00e4 vedell\u00e4 ja antibakteerisella saippualla.<br \/>\n2. Desinfioi 70 % alkoholilla<br \/>\n3. Huuhtele sitten vedell\u00e4 ja kuivaa.<br \/>\n4. Aseta tuote steriiliin, suljettuun astiaan.<\/p>\n","protected":false},"excerpt":{"rendered":"<p>Laadukas silikonialusta ty\u00f6kalujen s\u00e4ilytykseen.<\/p>\n<p>&nbsp;<\/p>\n<p>Silikoninen ty\u00f6kalujalusta tekee ty\u00f6skentelyst\u00e4 entist\u00e4 mukavampaa, toimenpiteen aikana voit laittaa ty\u00f6kalut mukavasti syrj\u00e4\u00e4n ilman huolta ty\u00f6ymp\u00e4rist\u00f6n likaantumisesta tai ty\u00f6kalujen vaurioitumisesta. Silikonien pohja on helppo puhdistaa ja desinfioida.<\/p>\n<p>&nbsp;<\/p>\n<p>Sivellinsarja l\u00f6ytyy <a href=\"https:\/\/prelive2.pomello.ee\/toode\/pintslite-komplekt-3tk\/\"><strong>t\u00e4\u00e4lt\u00e4<\/strong><\/a><\/p>\n","protected":false},"featured_media":22689,"comment_status":"open","ping_status":"closed","template":"","meta":{"_monsterinsights_skip_tracking":false,"_monsterinsights_sitenote_active":false,"_monsterinsights_sitenote_note":"","_monsterinsights_sitenote_category":0},"product_cat":[511,550,541,549,540,544],"product_tag":[],"class_list":{"0":"post-23698","1":"product","2":"type-product","3":"status-publish","4":"has-post-thumbnail","6":"product_cat-kulmakarvojen-tarvikkeet","7":"product_cat-kupit-ja-kulhot","8":"product_cat-muut-tyokalut-fi","9":"product_cat-pullot-kupit-ja-kulhot","10":"product_cat-tarvikkeet","11":"product_cat-tarvikkeet-fi","12":"pa_brand-pomello-fi","13":"pa_varv-must-fi","15":"first","16":"instock","17":"taxable","18":"shipping-taxable","19":"purchasable","20":"product-type-simple"},"_links":{"self":[{"href":"https:\/\/prelive2.pomello.ee\/fi\/wp-json\/wp\/v2\/product\/23698","targetHints":{"allow":["GET"]}}],"collection":[{"href":"https:\/\/prelive2.pomello.ee\/fi\/wp-json\/wp\/v2\/product"}],"about":[{"href":"https:\/\/prelive2.pomello.ee\/fi\/wp-json\/wp\/v2\/types\/product"}],"replies":[{"embeddable":true,"href":"https:\/\/prelive2.pomello.ee\/fi\/wp-json\/wp\/v2\/comments?post=23698"}],"version-history":[{"count":0,"href":"https:\/\/prelive2.pomello.ee\/fi\/wp-json\/wp\/v2\/product\/23698\/revisions"}],"wp:featuredmedia":[{"embeddable":true,"href":"https:\/\/prelive2.pomello.ee\/fi\/wp-json\/wp\/v2\/media\/22689"}],"wp:attachment":[{"href":"https:\/\/prelive2.pomello.ee\/fi\/wp-json\/wp\/v2\/media?parent=23698"}],"wp:term":[{"taxonomy":"product_cat","embeddable":true,"href":"https:\/\/prelive2.pomello.ee\/fi\/wp-json\/wp\/v2\/product_cat?post=23698"},{"taxonomy":"product_tag","embeddable":true,"href":"https:\/\/prelive2.pomello.ee\/fi\/wp-json\/wp\/v2\/product_tag?post=23698"}],"curies":[{"name":"wp","href":"https:\/\/api.w.org\/{rel}","templated":true}]}}