{"id":23696,"date":"2023-06-02T13:17:20","date_gmt":"2023-06-02T10:17:20","guid":{"rendered":"https:\/\/prelive2.pomello.ee\/toode\/kultainen-siveltimien-setti\/"},"modified":"2023-06-02T13:17:20","modified_gmt":"2023-06-02T10:17:20","slug":"kultainen-siveltimien-setti","status":"publish","type":"product","link":"https:\/\/prelive2.pomello.ee\/fi\/toode\/kultainen-siveltimien-setti\/","title":{"rendered":"Kultainen siveltimien setti"},"content":{"rendered":"<p>Leve\u00e4 harja &#8211; harjasten pituus 0,65 cm, kokonaispituus 15,3 cm, harjasp\u00e4\u00e4n leveys 11 mm<br \/>\nKapea harja &#8211; hiusten pituus 0,65 cm, kokonaispituus 14,1 cm, harjasp\u00e4\u00e4n leveys 7 mm<\/p>\n<p>&nbsp;<\/p>\n<p><strong>Puhdistus:<\/strong><br \/>\n1. Puhdista v\u00e4litt\u00f6m\u00e4sti jokaisen k\u00e4yt\u00f6n j\u00e4lkeen l\u00e4mpim\u00e4ll\u00e4 vedell\u00e4 ja antibakteerisella saippualla.<br \/>\n2. Desinfioi 70 % alkoholilla<br \/>\n3. Huuhtele sitten vedell\u00e4 ja kuivaa.<br \/>\n4. Aseta tuote steriiliin, suljettuun astiaan.<\/p>\n","protected":false},"excerpt":{"rendered":"<p>Laadukas siveltimien setti, jota suosittelemme ripsien\/kulmakarvojen kemialliseen v\u00e4rj\u00e4ykseen tai kulmakarvojen meikkiin. Vahvat ja laadukkaat harjakset, erityisen kapea ja tarkka harjasp\u00e4\u00e4.<\/p>\n<p>&nbsp;<\/p>\n<p>Sarja sis\u00e4lt\u00e4\u00e4 2 erikokoista sivellint\u00e4.<\/p>\n<p>Leve\u00e4 harja<\/p>\n<p>Kapea harja<\/p>\n","protected":false},"featured_media":22821,"comment_status":"open","ping_status":"closed","template":"","meta":{"_monsterinsights_skip_tracking":false,"_monsterinsights_sitenote_active":false,"_monsterinsights_sitenote_note":"","_monsterinsights_sitenote_category":0},"product_cat":[476,511,475,546,563,540],"product_tag":[],"class_list":{"0":"post-23696","1":"product","2":"type-product","3":"status-publish","4":"has-post-thumbnail","6":"product_cat-kulmakarvat","7":"product_cat-kulmakarvojen-tarvikkeet","8":"product_cat-ripset","9":"product_cat-ripsien-tarvikkeet","10":"product_cat-siveltimet","11":"product_cat-tarvikkeet","12":"pa_brand-pomello-fi","13":"pa_varv-kuldne-fi","15":"first","16":"instock","17":"taxable","18":"shipping-taxable","19":"purchasable","20":"product-type-simple"},"_links":{"self":[{"href":"https:\/\/prelive2.pomello.ee\/fi\/wp-json\/wp\/v2\/product\/23696","targetHints":{"allow":["GET"]}}],"collection":[{"href":"https:\/\/prelive2.pomello.ee\/fi\/wp-json\/wp\/v2\/product"}],"about":[{"href":"https:\/\/prelive2.pomello.ee\/fi\/wp-json\/wp\/v2\/types\/product"}],"replies":[{"embeddable":true,"href":"https:\/\/prelive2.pomello.ee\/fi\/wp-json\/wp\/v2\/comments?post=23696"}],"version-history":[{"count":0,"href":"https:\/\/prelive2.pomello.ee\/fi\/wp-json\/wp\/v2\/product\/23696\/revisions"}],"wp:featuredmedia":[{"embeddable":true,"href":"https:\/\/prelive2.pomello.ee\/fi\/wp-json\/wp\/v2\/media\/22821"}],"wp:attachment":[{"href":"https:\/\/prelive2.pomello.ee\/fi\/wp-json\/wp\/v2\/media?parent=23696"}],"wp:term":[{"taxonomy":"product_cat","embeddable":true,"href":"https:\/\/prelive2.pomello.ee\/fi\/wp-json\/wp\/v2\/product_cat?post=23696"},{"taxonomy":"product_tag","embeddable":true,"href":"https:\/\/prelive2.pomello.ee\/fi\/wp-json\/wp\/v2\/product_tag?post=23696"}],"curies":[{"name":"wp","href":"https:\/\/api.w.org\/{rel}","templated":true}]}}