{"id":23694,"date":"2023-06-12T22:13:52","date_gmt":"2023-06-12T19:13:52","guid":{"rendered":"https:\/\/prelive2.pomello.ee\/toode\/silikoninen-liner-sivellin\/"},"modified":"2023-06-12T22:13:52","modified_gmt":"2023-06-12T19:13:52","slug":"silikoninen-liner-sivellin","status":"publish","type":"product","link":"https:\/\/prelive2.pomello.ee\/fi\/toode\/silikoninen-liner-sivellin\/","title":{"rendered":"Silikoninen liner sivellin"},"content":{"rendered":"<p>Valmistettu silikonista, pehme\u00e4 ja hygieeninen, helppo puhdistaa. Harjan kokonaispituus on 13,6 cm, silikoniosa 1 cm<\/p>\n<p>&nbsp;<\/p>\n<p><strong>Puhdistus:<\/strong><\/p>\n<p>1. Puhdista v\u00e4litt\u00f6m\u00e4sti jokaisen k\u00e4yt\u00f6n j\u00e4lkeen l\u00e4mpim\u00e4ll\u00e4 vedell\u00e4 ja antibakteerisella saippualla.<br \/>\n2. Desinfioi 70 % alkoholilla<br \/>\n3. Huuhtele sitten vedell\u00e4 ja kuivaa.<br \/>\n4. Aseta tuote steriiliin, suljettuun astiaan.<\/p>\n","protected":false},"excerpt":{"rendered":"<p><strong>UUSI! <\/strong><\/p>\n<p>&nbsp;<\/p>\n<p>Pehme\u00e4st\u00e4 silikonista valmistettu korkealaatuinen uudelleenk\u00e4ytett\u00e4v\u00e4 linerharja, jonka k\u00e4ytt\u00f6\u00e4 suosittelemme lash lift -toimenpiteess\u00e4 emulsioiden levitt\u00e4miseen ripsiin. Ihanteellinen ty\u00f6kalu yleismiehelle, helppo puhdistaa ja desinfioida huoltojen v\u00e4lill\u00e4.<\/p>\n","protected":false},"featured_media":22692,"comment_status":"open","ping_status":"closed","template":"","meta":{"_monsterinsights_skip_tracking":false,"_monsterinsights_sitenote_active":false,"_monsterinsights_sitenote_note":"","_monsterinsights_sitenote_category":0},"product_cat":[476,511,475,546,563,540],"product_tag":[],"class_list":{"0":"post-23694","1":"product","2":"type-product","3":"status-publish","4":"has-post-thumbnail","6":"product_cat-kulmakarvat","7":"product_cat-kulmakarvojen-tarvikkeet","8":"product_cat-ripset","9":"product_cat-ripsien-tarvikkeet","10":"product_cat-siveltimet","11":"product_cat-tarvikkeet","12":"pa_brand-pomello-fi","13":"pa_varv-lilla-fi","15":"first","16":"instock","17":"taxable","18":"shipping-taxable","19":"purchasable","20":"product-type-simple"},"_links":{"self":[{"href":"https:\/\/prelive2.pomello.ee\/fi\/wp-json\/wp\/v2\/product\/23694","targetHints":{"allow":["GET"]}}],"collection":[{"href":"https:\/\/prelive2.pomello.ee\/fi\/wp-json\/wp\/v2\/product"}],"about":[{"href":"https:\/\/prelive2.pomello.ee\/fi\/wp-json\/wp\/v2\/types\/product"}],"replies":[{"embeddable":true,"href":"https:\/\/prelive2.pomello.ee\/fi\/wp-json\/wp\/v2\/comments?post=23694"}],"version-history":[{"count":0,"href":"https:\/\/prelive2.pomello.ee\/fi\/wp-json\/wp\/v2\/product\/23694\/revisions"}],"wp:featuredmedia":[{"embeddable":true,"href":"https:\/\/prelive2.pomello.ee\/fi\/wp-json\/wp\/v2\/media\/22692"}],"wp:attachment":[{"href":"https:\/\/prelive2.pomello.ee\/fi\/wp-json\/wp\/v2\/media?parent=23694"}],"wp:term":[{"taxonomy":"product_cat","embeddable":true,"href":"https:\/\/prelive2.pomello.ee\/fi\/wp-json\/wp\/v2\/product_cat?post=23694"},{"taxonomy":"product_tag","embeddable":true,"href":"https:\/\/prelive2.pomello.ee\/fi\/wp-json\/wp\/v2\/product_tag?post=23694"}],"curies":[{"name":"wp","href":"https:\/\/api.w.org\/{rel}","templated":true}]}}