{"id":23692,"date":"2023-06-12T22:24:54","date_gmt":"2023-06-12T19:24:54","guid":{"rendered":"https:\/\/prelive2.pomello.ee\/toode\/emulsio-sivellin-silikoni\/"},"modified":"2023-06-12T22:24:54","modified_gmt":"2023-06-12T19:24:54","slug":"emulsio-sivellin-silikoni","status":"publish","type":"product","link":"https:\/\/prelive2.pomello.ee\/fi\/toode\/emulsio-sivellin-silikoni\/","title":{"rendered":"Emulsio sivellin silikoni"},"content":{"rendered":"<p>Valmistettu silikonista, pehme\u00e4 ja hygieeninen, helppo puhdistaa. Harjan kokonaispituus on 13,6 cm, silikoniosa 1,7 cm<\/p>\n<p>&nbsp;<\/p>\n<p><strong>Puhdistus:<\/strong><\/p>\n<p>1. Puhdista v\u00e4litt\u00f6m\u00e4sti jokaisen k\u00e4yt\u00f6n j\u00e4lkeen l\u00e4mpim\u00e4ll\u00e4 vedell\u00e4 ja antibakteerisella saippualla.<br \/>\n2. Desinfioi 70 % alkoholilla<br \/>\n3. Huuhtele sitten vedell\u00e4 ja kuivaa.<br \/>\n4. Aseta tuote steriiliin, suljettuun astiaan.<\/p>\n","protected":false},"excerpt":{"rendered":"<p>Laadukas silikoniemulsio sivellin on uudelleenk\u00e4ytett\u00e4v\u00e4, suosittelemme sen k\u00e4ytt\u00f6\u00e4 emulsioiden levitt\u00e4miseen kulmakarvojen laminointitoimenpiteess\u00e4. Ihanteellinen ty\u00f6kalu yleismiehelle, helppo puhdistaa ja desinfioida huoltojen v\u00e4lill\u00e4.<\/p>\n","protected":false},"featured_media":22693,"comment_status":"open","ping_status":"closed","template":"","meta":{"_monsterinsights_skip_tracking":false,"_monsterinsights_sitenote_active":false,"_monsterinsights_sitenote_note":"","_monsterinsights_sitenote_category":0},"product_cat":[476,511,475,546,563,540],"product_tag":[],"class_list":{"0":"post-23692","1":"product","2":"type-product","3":"status-publish","4":"has-post-thumbnail","6":"product_cat-kulmakarvat","7":"product_cat-kulmakarvojen-tarvikkeet","8":"product_cat-ripset","9":"product_cat-ripsien-tarvikkeet","10":"product_cat-siveltimet","11":"product_cat-tarvikkeet","12":"pa_brand-pomello-fi","13":"pa_varv-must-fi","15":"first","16":"instock","17":"taxable","18":"shipping-taxable","19":"purchasable","20":"product-type-simple"},"_links":{"self":[{"href":"https:\/\/prelive2.pomello.ee\/fi\/wp-json\/wp\/v2\/product\/23692","targetHints":{"allow":["GET"]}}],"collection":[{"href":"https:\/\/prelive2.pomello.ee\/fi\/wp-json\/wp\/v2\/product"}],"about":[{"href":"https:\/\/prelive2.pomello.ee\/fi\/wp-json\/wp\/v2\/types\/product"}],"replies":[{"embeddable":true,"href":"https:\/\/prelive2.pomello.ee\/fi\/wp-json\/wp\/v2\/comments?post=23692"}],"version-history":[{"count":0,"href":"https:\/\/prelive2.pomello.ee\/fi\/wp-json\/wp\/v2\/product\/23692\/revisions"}],"wp:featuredmedia":[{"embeddable":true,"href":"https:\/\/prelive2.pomello.ee\/fi\/wp-json\/wp\/v2\/media\/22693"}],"wp:attachment":[{"href":"https:\/\/prelive2.pomello.ee\/fi\/wp-json\/wp\/v2\/media?parent=23692"}],"wp:term":[{"taxonomy":"product_cat","embeddable":true,"href":"https:\/\/prelive2.pomello.ee\/fi\/wp-json\/wp\/v2\/product_cat?post=23692"},{"taxonomy":"product_tag","embeddable":true,"href":"https:\/\/prelive2.pomello.ee\/fi\/wp-json\/wp\/v2\/product_tag?post=23692"}],"curies":[{"name":"wp","href":"https:\/\/api.w.org\/{rel}","templated":true}]}}