{"id":23688,"date":"2023-06-19T22:14:55","date_gmt":"2023-06-19T19:14:55","guid":{"rendered":"https:\/\/prelive2.pomello.ee\/toode\/pinsetit-mustat\/"},"modified":"2023-06-19T22:14:55","modified_gmt":"2023-06-19T19:14:55","slug":"pinsetit-mustat","status":"publish","type":"product","link":"https:\/\/prelive2.pomello.ee\/fi\/toode\/pinsetit-mustat\/","title":{"rendered":"Pinsetit mustat"},"content":{"rendered":"<p><strong>Puhdistus:<\/strong><br \/>\n1. Puhdista v\u00e4litt\u00f6m\u00e4sti jokaisen k\u00e4yt\u00f6n j\u00e4lkeen l\u00e4mpim\u00e4ll\u00e4 vedell\u00e4 ja antibakteerisella saippualla.<br \/>\n2. Desinfioi 70 % alkoholilla<br \/>\n3. Huuhtele sitten vedell\u00e4 ja kuivaa.<br \/>\n4. Aseta tuote steriiliin, suljettuun astiaan.<\/p>\n","protected":false},"excerpt":{"rendered":"<p>Korkealaatuiset pinsetit kulmakarvojen korjaukseen. Ne eiv\u00e4t luista ja muoto ei muutu pinsetej\u00e4 k\u00e4ytett\u00e4ess\u00e4. Mahdollistaa karvojen poistamisen hyvin l\u00e4helt\u00e4 ihoa.<\/p>\n","protected":false},"featured_media":22697,"comment_status":"open","ping_status":"closed","template":"","meta":{"_monsterinsights_skip_tracking":false,"_monsterinsights_sitenote_active":false,"_monsterinsights_sitenote_note":"","_monsterinsights_sitenote_category":0},"product_cat":[476,511,561,540],"product_tag":[],"class_list":{"0":"post-23688","1":"product","2":"type-product","3":"status-publish","4":"has-post-thumbnail","6":"product_cat-kulmakarvat","7":"product_cat-kulmakarvojen-tarvikkeet","8":"product_cat-pinsetit","9":"product_cat-tarvikkeet","10":"pa_brand-pomello-fi","11":"pa_suurus-96-cm-fi","12":"pa_varv-mix-fi","14":"first","15":"outofstock","16":"taxable","17":"shipping-taxable","18":"purchasable","19":"product-type-simple"},"_links":{"self":[{"href":"https:\/\/prelive2.pomello.ee\/fi\/wp-json\/wp\/v2\/product\/23688","targetHints":{"allow":["GET"]}}],"collection":[{"href":"https:\/\/prelive2.pomello.ee\/fi\/wp-json\/wp\/v2\/product"}],"about":[{"href":"https:\/\/prelive2.pomello.ee\/fi\/wp-json\/wp\/v2\/types\/product"}],"replies":[{"embeddable":true,"href":"https:\/\/prelive2.pomello.ee\/fi\/wp-json\/wp\/v2\/comments?post=23688"}],"version-history":[{"count":0,"href":"https:\/\/prelive2.pomello.ee\/fi\/wp-json\/wp\/v2\/product\/23688\/revisions"}],"wp:featuredmedia":[{"embeddable":true,"href":"https:\/\/prelive2.pomello.ee\/fi\/wp-json\/wp\/v2\/media\/22697"}],"wp:attachment":[{"href":"https:\/\/prelive2.pomello.ee\/fi\/wp-json\/wp\/v2\/media?parent=23688"}],"wp:term":[{"taxonomy":"product_cat","embeddable":true,"href":"https:\/\/prelive2.pomello.ee\/fi\/wp-json\/wp\/v2\/product_cat?post=23688"},{"taxonomy":"product_tag","embeddable":true,"href":"https:\/\/prelive2.pomello.ee\/fi\/wp-json\/wp\/v2\/product_tag?post=23688"}],"curies":[{"name":"wp","href":"https:\/\/api.w.org\/{rel}","templated":true}]}}