{"id":23686,"date":"2023-06-27T12:40:04","date_gmt":"2023-06-27T09:40:04","guid":{"rendered":"https:\/\/prelive2.pomello.ee\/toode\/siveltimen-pidike-mini\/"},"modified":"2023-06-27T12:40:04","modified_gmt":"2023-06-27T09:40:04","slug":"siveltimen-pidike-mini","status":"publish","type":"product","link":"https:\/\/prelive2.pomello.ee\/fi\/toode\/siveltimen-pidike-mini\/","title":{"rendered":"Siveltimen pidike Mini"},"content":{"rendered":"<p>Mitat: 0,8 x 8 cm<\/p>\n<p>&nbsp;<\/p>\n<p><strong>Puhdistus:<\/strong><br \/>\n1. Puhdista v\u00e4litt\u00f6m\u00e4sti jokaisen k\u00e4yt\u00f6n j\u00e4lkeen l\u00e4mpim\u00e4ll\u00e4 vedell\u00e4 ja antibakteerisella saippualla.<br \/>\n2. Desinfioi 70 % alkoholilla<br \/>\n3. Huuhtele sitten vedell\u00e4 ja kuivaa.<br \/>\n4. Aseta tuote steriiliin, suljettuun astiaan.<\/p>\n","protected":false},"excerpt":{"rendered":"<p>Laadukas akryylitikku harjojen pit\u00e4miseen.<\/p>\n<p>&nbsp;<\/p>\n<p>Harjateline tekee ty\u00f6skentelyst\u00e4 entist\u00e4 mukavampaa, voit laittaa v\u00e4rillisen harjan pois ilman huolta ty\u00f6ymp\u00e4rist\u00f6n likaamisesta. Harjan pidike on helppo puhdistaa ja desinfioida.<\/p>\n<p>&nbsp;<\/p>\n<p>L\u00f6yd\u00e4t leve\u00e4n silikoni <strong><a href=\"https:\/\/prelive2.pomello.ee\/toode\/emulsioonide-pintsel-silikoonist\/\">sivellin<\/a><\/strong> t\u00e4\u00e4lt\u00e4 ja silikoni laineri sivellin <a href=\"https:\/\/prelive2.pomello.ee\/toode\/laineripintsel-silikoonist\/\"><strong>t\u00e4\u00e4lt\u00e4<\/strong><\/a><\/p>\n","protected":false},"featured_media":22700,"comment_status":"closed","ping_status":"closed","template":"","meta":{"_monsterinsights_skip_tracking":false,"_monsterinsights_sitenote_active":false,"_monsterinsights_sitenote_note":"","_monsterinsights_sitenote_category":0},"product_cat":[511,550,541,549,540,544],"product_tag":[],"class_list":{"0":"post-23686","1":"product","2":"type-product","3":"status-publish","4":"has-post-thumbnail","6":"product_cat-kulmakarvojen-tarvikkeet","7":"product_cat-kupit-ja-kulhot","8":"product_cat-muut-tyokalut-fi","9":"product_cat-pullot-kupit-ja-kulhot","10":"product_cat-tarvikkeet","11":"product_cat-tarvikkeet-fi","12":"pa_brand-pomello-fi","13":"pa_varv-must-fi","15":"first","16":"instock","17":"taxable","18":"shipping-taxable","19":"purchasable","20":"product-type-simple"},"_links":{"self":[{"href":"https:\/\/prelive2.pomello.ee\/fi\/wp-json\/wp\/v2\/product\/23686","targetHints":{"allow":["GET"]}}],"collection":[{"href":"https:\/\/prelive2.pomello.ee\/fi\/wp-json\/wp\/v2\/product"}],"about":[{"href":"https:\/\/prelive2.pomello.ee\/fi\/wp-json\/wp\/v2\/types\/product"}],"replies":[{"embeddable":true,"href":"https:\/\/prelive2.pomello.ee\/fi\/wp-json\/wp\/v2\/comments?post=23686"}],"version-history":[{"count":0,"href":"https:\/\/prelive2.pomello.ee\/fi\/wp-json\/wp\/v2\/product\/23686\/revisions"}],"wp:featuredmedia":[{"embeddable":true,"href":"https:\/\/prelive2.pomello.ee\/fi\/wp-json\/wp\/v2\/media\/22700"}],"wp:attachment":[{"href":"https:\/\/prelive2.pomello.ee\/fi\/wp-json\/wp\/v2\/media?parent=23686"}],"wp:term":[{"taxonomy":"product_cat","embeddable":true,"href":"https:\/\/prelive2.pomello.ee\/fi\/wp-json\/wp\/v2\/product_cat?post=23686"},{"taxonomy":"product_tag","embeddable":true,"href":"https:\/\/prelive2.pomello.ee\/fi\/wp-json\/wp\/v2\/product_tag?post=23686"}],"curies":[{"name":"wp","href":"https:\/\/api.w.org\/{rel}","templated":true}]}}