{"id":23684,"date":"2023-06-29T17:42:13","date_gmt":"2023-06-29T14:42:13","guid":{"rendered":"https:\/\/prelive2.pomello.ee\/toode\/italwax-glowax-vahahelmet-400g\/"},"modified":"2024-02-22T16:22:13","modified_gmt":"2024-02-22T13:22:13","slug":"italwax-glowax-vahahelmet-400g","status":"publish","type":"product","link":"https:\/\/prelive2.pomello.ee\/fi\/toode\/italwax-glowax-vahahelmet-400g\/","title":{"rendered":"ITALWAX Glowax vahahelmet 400g"},"content":{"rendered":"<p>Ihanteellinen:<\/p>\n<ul>\n<li>Kulmakarvat<\/li>\n<li>Yl\u00e4huuli<\/li>\n<li>Kainalon alue<\/li>\n<\/ul>\n<p>&nbsp;<\/p>\n<p>Italwax Glowax -koostumus on kehitetty erityisesti poistamaan ei-toivotut karvat herk\u00e4lt\u00e4 kasvojen iholta.<\/p>\n<p>Vaha ei polta tai vahingoita herkk\u00e4\u00e4 ihoa, ei j\u00e4t\u00e4 punoitusta edes ohuelle ja herk\u00e4lle iholle.<\/p>\n<p>&nbsp;<\/p>\n<p>Vahan k\u00e4ytt\u00f6l\u00e4mp\u00f6tila on +38 \u00b0C.<\/p>\n<p>&nbsp;<\/p>\n<p>Vinkkej\u00e4 kasvojen eri alueiden vahaukseen.<br \/>\nSuosituksia parempiin tuloksiin:<\/p>\n<p>&nbsp;<\/p>\n<p><strong>KULMIEN<\/strong><\/p>\n<ul>\n<li>Kulmakarvojen muotoilua varten on suositeltavaa jakaa yksi pitk\u00e4 k\u00e4ytt\u00f6kerta kahteen lyhyeen.<\/li>\n<li>Luo ter\u00e4v\u00e4, selke\u00e4 viiva pienell\u00e4 lastalla.<\/li>\n<li>Paina lastaa varovasti, t\u00e4m\u00e4 auttaa vahaa kiinnittym\u00e4\u00e4n paremmin hiuksiin.<\/li>\n<\/ul>\n<p>&nbsp;<\/p>\n<p><strong>YL\u00c4HUULI<\/strong><\/p>\n<ul>\n<li>Kirist\u00e4 yl\u00e4huuli jacand-vahan iholle.<\/li>\n<li>Yrit\u00e4 v\u00e4ltt\u00e4\u00e4 punaisten huulten aluetta, t\u00e4m\u00e4 voi johtaa ihon kirist\u00e4miseen.<\/li>\n<li>Pid\u00e4 lastaa pystyasennossa ihoa vasten, t\u00e4m\u00e4 nostaa karvoja ja vahapito on vahvempi.<\/li>\n<\/ul>\n<p>&nbsp;<\/p>\n<p><strong>SIVUPOSKET<\/strong><\/p>\n<ul>\n<li>Levit\u00e4 vahaa iholle karvojen kasvusuunnassa ja poista sis\u00e4\u00e4nkasvaneet karvat.<\/li>\n<li>Suurille kasvojen alueille voit k\u00e4ytt\u00e4\u00e4 tavallista lastaa.<\/li>\n<li>On my\u00f6s suositeltavaa k\u00e4ytt\u00e4\u00e4 talkkia.<\/li>\n<\/ul>\n","protected":false},"excerpt":{"rendered":"<p>Italwax Glo Wax Cherry Pink on GLITTER, synteettinen vahahelmet, joka on erityisesti kehitetty karvanpoistotoimenpiteisiin pienill\u00e4 alueilla, kuten kasvoilla ja kainaloissa.<\/p>\n<p>&nbsp;<\/p>\n<p>Sen koostumus varmistaa tehokkaan poiston jopa lyhyist\u00e4 karvoista ja sopii k\u00e4ytett\u00e4v\u00e4ksi my\u00f6s herkimmille ihotyypeille.<\/p>\n<p>&nbsp;<\/p>\n<p>Kalvovaha mahdollistaa monisuuntaisen levityksen ja k\u00e4tev\u00e4t vahaustoimenpiteet.<\/p>\n<p>&nbsp;<\/p>\n<p>Sit\u00e4 on helppo k\u00e4ytt\u00e4\u00e4 niin ammattimaiseen kuin kotivahaukseen.<\/p>\n","protected":false},"featured_media":22702,"comment_status":"open","ping_status":"closed","template":"","meta":{"_monsterinsights_skip_tracking":false,"_monsterinsights_sitenote_active":false,"_monsterinsights_sitenote_note":"","_monsterinsights_sitenote_category":0},"product_cat":[507,542,476,555],"product_tag":[],"class_list":{"0":"post-23684","1":"product","2":"type-product","3":"status-publish","4":"has-post-thumbnail","6":"product_cat-karvanpoisto","7":"product_cat-karvanpoisto-tarvikkeet-fi","8":"product_cat-kulmakarvat","9":"product_cat-vahat","10":"pa_brand-italwax-fi","11":"pa_suurus-500-g-fi","13":"first","14":"instock","15":"taxable","16":"shipping-taxable","17":"purchasable","18":"product-type-simple"},"_links":{"self":[{"href":"https:\/\/prelive2.pomello.ee\/fi\/wp-json\/wp\/v2\/product\/23684","targetHints":{"allow":["GET"]}}],"collection":[{"href":"https:\/\/prelive2.pomello.ee\/fi\/wp-json\/wp\/v2\/product"}],"about":[{"href":"https:\/\/prelive2.pomello.ee\/fi\/wp-json\/wp\/v2\/types\/product"}],"replies":[{"embeddable":true,"href":"https:\/\/prelive2.pomello.ee\/fi\/wp-json\/wp\/v2\/comments?post=23684"}],"version-history":[{"count":1,"href":"https:\/\/prelive2.pomello.ee\/fi\/wp-json\/wp\/v2\/product\/23684\/revisions"}],"predecessor-version":[{"id":23765,"href":"https:\/\/prelive2.pomello.ee\/fi\/wp-json\/wp\/v2\/product\/23684\/revisions\/23765"}],"wp:featuredmedia":[{"embeddable":true,"href":"https:\/\/prelive2.pomello.ee\/fi\/wp-json\/wp\/v2\/media\/22702"}],"wp:attachment":[{"href":"https:\/\/prelive2.pomello.ee\/fi\/wp-json\/wp\/v2\/media?parent=23684"}],"wp:term":[{"taxonomy":"product_cat","embeddable":true,"href":"https:\/\/prelive2.pomello.ee\/fi\/wp-json\/wp\/v2\/product_cat?post=23684"},{"taxonomy":"product_tag","embeddable":true,"href":"https:\/\/prelive2.pomello.ee\/fi\/wp-json\/wp\/v2\/product_tag?post=23684"}],"curies":[{"name":"wp","href":"https:\/\/api.w.org\/{rel}","templated":true}]}}