{"id":23678,"date":"2023-07-11T23:00:26","date_gmt":"2023-07-11T20:00:26","guid":{"rendered":"https:\/\/prelive2.pomello.ee\/toode\/bronsun-ripsi-ja-kulmavarit-punainen-kastanja\/"},"modified":"2024-02-22T16:20:52","modified_gmt":"2024-02-22T13:20:52","slug":"bronsun-ripsi-ja-kulmavarit-punainen-kastanja","status":"publish","type":"product","link":"https:\/\/prelive2.pomello.ee\/fi\/toode\/bronsun-ripsi-ja-kulmavarit-punainen-kastanja\/","title":{"rendered":"Bronsun ripsi- ja kulmav\u00e4ri Punainen kastanja"},"content":{"rendered":"<p><b>Bronsun ripsi- ja kulmav\u00e4ri New Formula kuvaus:<\/b><\/p>\n<p><b>Mik\u00e4 on uutta?<\/b><\/p>\n<p>V\u00e4rit ovat kirkkaampia ja t\u00e4ytel\u00e4isempi\u00e4, voimakasta mustaa pohjas\u00e4vy\u00e4 ei ole, v\u00e4rit kiinnittyv\u00e4t ihoon tasaisemmin. S\u00e4vytys iholla takaa pidemm\u00e4n keston. Uusi koostumus on helpompi sekoittaa ja maaliseoksen sakeus on nyt juoksevampaa.<\/p>\n<p>&nbsp;<\/p>\n<p><strong>Kuinka k\u00e4ytt\u00e4\u00e4 <\/strong><\/p>\n<p>&nbsp;<\/p>\n<ul>\n<li>Poista meikki kulmakarvoista ja ripsist\u00e4 \u00f6ljytt\u00f6m\u00e4ll\u00e4 meikinpoistoaineella<\/li>\n<li>Purista maali pieneen lasi- tai muoviastiaan ja lis\u00e4\u00e4 sama m\u00e4\u00e4r\u00e4 kermanestett\u00e4 3% BRONSUN<\/li>\n<li>Sekoita, kunnes saat tasaisen koostumuksen<\/li>\n<li>Levit\u00e4 seos kulmakarvoihin<\/li>\n<li>K\u00e4yt\u00e4 vinoa sivellint\u00e4 ja lis\u00e4\u00e4 kulmakarvojen v\u00e4ri\u00e4, kunnes kulmakarvat ovat tasaiset<\/li>\n<li>Pese maali varovasti pois sopivan ajan kuluttua kostealla vanulapulla.<\/li>\n<\/ul>\n<p>&nbsp;<\/p>\n<p>Vaikutusaika kulmakarvoihin 7-10 minuuttia (pidemp\u00e4\u00e4n tarvittaessa)<\/p>\n<p>&nbsp;<\/p>\n<p>Sekoita suhteessa 1-1 <span style=\"color: #808080;\"><strong><a style=\"color: #808080;\" href=\"https:\/\/prelive2.pomello.ee\/toode\/bronsun-kreemvesinik-3\/\">BRONSUN Kreemvesinikuga 3%<\/a><\/strong><\/span><\/p>\n<p><b>Huom<\/b>: Huomaa, ett\u00e4 t\u00e4ll\u00e4 s\u00e4vyll\u00e4 on uusi kaava, joten asiakkaiden on testattava uudelleen allergiatestaukset. Uuden kaavan s\u00e4vyiss\u00e4 suositellaan k\u00e4ytett\u00e4v\u00e4ksi kermavety\u00e4, joka on valmistettu syyskuusta 2023 l\u00e4htien. <\/p>\n<p><b>S\u00e4ilyvyys avattaessa: <\/b>12 kuukautta.<\/p>\n<p><b>S\u00e4ilytysohjeet:<\/b><\/p>\n<p>Varastoi +5\u00b0C &#8211; +25\u00b0C l\u00e4mp\u00f6tilassa. Pid\u00e4 kuivana. S\u00e4ilytett\u00e4v\u00e4 poissa l\u00e4mm\u00f6lt\u00e4 ja suoralta auringonvalolta.<\/p>\n<p><b>Lis\u00e4\u00e4 tietoa<\/b>:<\/p>\n<p>Kaikki ainesosat ovat EU-hyv\u00e4ksyttyj\u00e4 ja testattuja, arvioituja ja hyv\u00e4ksyttyj\u00e4.<\/p>\n<p>Allergiatesti\u00e4 suositellaan v\u00e4hint\u00e4\u00e4n 48 tuntia ennen maaliseoksen k\u00e4ytt\u00f6\u00e4.<\/p>\n<p><b>Kulutus<\/b>: 40 menettely\u00e4.<\/p>\n<p>Vain ammattilaisille.<\/p>\n<p><iframe title=\"TUTORIAL BRONSUN GEL DYE WITH HENNA EFFECT\" width=\"1170\" height=\"658\" src=\"https:\/\/www.youtube.com\/embed\/JFxdttfuJgU?feature=oembed\" frameborder=\"0\" allow=\"accelerometer; autoplay; clipboard-write; encrypted-media; gyroscope; picture-in-picture; web-share\" allowfullscreen><\/iframe><\/p>\n","protected":false},"excerpt":{"rendered":"<p><b>Bronsun ripsi- ja kulmav\u00e4rit New Formula on t\u00e4\u00e4ll\u00e4!<\/b><\/p>\n<p>&nbsp;<\/p>\n<p>Maailman ensimm\u00e4inen ripsien ja kulmakarvojen geeliv\u00e4ri, joka antaa saman pitk\u00e4kestoisen vaikutuksen kuin henna! Bronsun ripsien ja kulmav\u00e4rit s\u00e4vytt\u00e4\u00e4 ihoa intensiivisesti kuin se olisi maalattu hennalla. Menettelyst\u00e4 tulee paljon helpompaa ja nopeampaa t\u00e4m\u00e4n ansiosta. Lis\u00e4ksi se antaa t\u00e4ytel\u00e4isen ja loistavan s\u00e4vyn hiuksille.<\/p>\n<p>&nbsp;<\/p>\n<p>Erityisen pitk\u00e4kestoinen, s\u00e4vy kest\u00e4\u00e4 jopa 2 viikkoa iholla ja jopa 7 viikkoa hiuksissa.<\/p>\n<p>&nbsp;<\/p>\n<p><strong>Punainen kastanja:<\/strong> Tarjoaa intensiivisen tummanpunaisen s\u00e4vyn, joka sopii t\u00e4ydellisesti niille, joilla on punaiset, oranssit tai mahonkihiukset. Voidaan k\u00e4ytt\u00e4\u00e4 my\u00f6s sekoitusten ei-toivottujen s\u00e4vyjen korjaamiseen.<\/p>\n<p>V\u00e4risyvyys: 7<\/p>\n<p>Pohja: Oranssinpunainen<\/p>\n<p>S\u00e4vy: l\u00e4mmin<\/p>\n<p>V\u00e4rin intensiteetti: Medium<\/p>\n","protected":false},"featured_media":22972,"comment_status":"open","ping_status":"closed","template":"","meta":{"_monsterinsights_skip_tracking":false,"_monsterinsights_sitenote_active":false,"_monsterinsights_sitenote_note":"","_monsterinsights_sitenote_category":0},"product_cat":[909,476,475,479,478],"product_tag":[],"class_list":{"0":"post-23678","1":"product","2":"type-product","3":"status-publish","4":"has-post-thumbnail","6":"product_cat-kestovari","7":"product_cat-kulmakarvat","8":"product_cat-ripset","9":"product_cat-ripsien-ja-kulmakarvojen-varit-fi","10":"product_cat-ripsien-ja-kulmakarvojen-varit","11":"pa_brand-bronsun-fi","12":"pa_suurus-15-ml-fi","13":"pa_varv-kastan-fi","15":"first","16":"instock","17":"taxable","18":"shipping-taxable","19":"purchasable","20":"product-type-simple"},"_links":{"self":[{"href":"https:\/\/prelive2.pomello.ee\/fi\/wp-json\/wp\/v2\/product\/23678","targetHints":{"allow":["GET"]}}],"collection":[{"href":"https:\/\/prelive2.pomello.ee\/fi\/wp-json\/wp\/v2\/product"}],"about":[{"href":"https:\/\/prelive2.pomello.ee\/fi\/wp-json\/wp\/v2\/types\/product"}],"replies":[{"embeddable":true,"href":"https:\/\/prelive2.pomello.ee\/fi\/wp-json\/wp\/v2\/comments?post=23678"}],"version-history":[{"count":2,"href":"https:\/\/prelive2.pomello.ee\/fi\/wp-json\/wp\/v2\/product\/23678\/revisions"}],"predecessor-version":[{"id":23763,"href":"https:\/\/prelive2.pomello.ee\/fi\/wp-json\/wp\/v2\/product\/23678\/revisions\/23763"}],"wp:featuredmedia":[{"embeddable":true,"href":"https:\/\/prelive2.pomello.ee\/fi\/wp-json\/wp\/v2\/media\/22972"}],"wp:attachment":[{"href":"https:\/\/prelive2.pomello.ee\/fi\/wp-json\/wp\/v2\/media?parent=23678"}],"wp:term":[{"taxonomy":"product_cat","embeddable":true,"href":"https:\/\/prelive2.pomello.ee\/fi\/wp-json\/wp\/v2\/product_cat?post=23678"},{"taxonomy":"product_tag","embeddable":true,"href":"https:\/\/prelive2.pomello.ee\/fi\/wp-json\/wp\/v2\/product_tag?post=23678"}],"curies":[{"name":"wp","href":"https:\/\/api.w.org\/{rel}","templated":true}]}}