{"id":23674,"date":"2023-03-25T11:20:04","date_gmt":"2023-03-25T08:20:04","guid":{"rendered":"https:\/\/prelive2.pomello.ee\/toode\/noemi-brow-soap-kulmien-saippua-15g\/"},"modified":"2023-03-25T11:20:04","modified_gmt":"2023-03-25T08:20:04","slug":"noemi-brow-soap-kulmien-saippua-15g","status":"publish","type":"product","link":"https:\/\/prelive2.pomello.ee\/fi\/toode\/noemi-brow-soap-kulmien-saippua-15g\/","title":{"rendered":"NOEMI Brow Soap kulmien saippua 15g"},"content":{"rendered":"<p><strong>Kulmien saippua | Noemi Brow Soap<\/strong><\/p>\n<p>&nbsp;<\/p>\n<ul>\n<li>T\u00e4ydellinen ty\u00f6kalu kulmakarvojen muotoiluun.<\/li>\n<li>Voit saavuttaa kauniin kohotusvaikutuksen.<\/li>\n<li>Silkkiproteiinien avulla se antaa kulmakarvojen kosteutta ja joustavuutta.<\/li>\n<li>Kulmasi ovat terveemm\u00e4t ja kirkkaammat kuin koskaan.<\/li>\n<li>Tuotteen m\u00e4\u00e4r\u00e4 mahdollistaa sata paria kulmakarvoja.<\/li>\n<li>Erinomainen j\u00e4lleenmyyntiin.<\/li>\n<\/ul>\n<p>&nbsp;<\/p>\n<p>Tilavuus: 15 g<\/p>\n","protected":false},"excerpt":{"rendered":"<p>Noemi Brow Soap on ihanteellinen kulmakarvojen muotoiluun ja auttaa saavuttamaan kauniin kohottavan vaikutuksen. Sis\u00e4lt\u00e4\u00e4 silkkiproteiineja, jotka tarjoavat kosteutta ja elastisuutta. Kulmasi ovat terveemm\u00e4t ja kirkkaammat kuin koskaan.<\/p>\n","protected":false},"featured_media":22799,"comment_status":"open","ping_status":"closed","template":"","meta":{"_monsterinsights_skip_tracking":false,"_monsterinsights_sitenote_active":false,"_monsterinsights_sitenote_note":"","_monsterinsights_sitenote_category":0},"product_cat":[476,919,512],"product_tag":[524],"class_list":{"0":"post-23674","1":"product","2":"type-product","3":"status-publish","4":"has-post-thumbnail","6":"product_cat-kulmakarvat","7":"product_cat-kulmakarvojen-geelit-vahat","8":"product_cat-parhaat-tarjoukset","9":"product_tag-kulmakarvojen-laminointi","10":"pa_brand-noemi-fi","12":"first","13":"instock","14":"sale","15":"taxable","16":"shipping-taxable","17":"purchasable","18":"product-type-simple"},"_links":{"self":[{"href":"https:\/\/prelive2.pomello.ee\/fi\/wp-json\/wp\/v2\/product\/23674","targetHints":{"allow":["GET"]}}],"collection":[{"href":"https:\/\/prelive2.pomello.ee\/fi\/wp-json\/wp\/v2\/product"}],"about":[{"href":"https:\/\/prelive2.pomello.ee\/fi\/wp-json\/wp\/v2\/types\/product"}],"replies":[{"embeddable":true,"href":"https:\/\/prelive2.pomello.ee\/fi\/wp-json\/wp\/v2\/comments?post=23674"}],"version-history":[{"count":0,"href":"https:\/\/prelive2.pomello.ee\/fi\/wp-json\/wp\/v2\/product\/23674\/revisions"}],"wp:featuredmedia":[{"embeddable":true,"href":"https:\/\/prelive2.pomello.ee\/fi\/wp-json\/wp\/v2\/media\/22799"}],"wp:attachment":[{"href":"https:\/\/prelive2.pomello.ee\/fi\/wp-json\/wp\/v2\/media?parent=23674"}],"wp:term":[{"taxonomy":"product_cat","embeddable":true,"href":"https:\/\/prelive2.pomello.ee\/fi\/wp-json\/wp\/v2\/product_cat?post=23674"},{"taxonomy":"product_tag","embeddable":true,"href":"https:\/\/prelive2.pomello.ee\/fi\/wp-json\/wp\/v2\/product_tag?post=23674"}],"curies":[{"name":"wp","href":"https:\/\/api.w.org\/{rel}","templated":true}]}}