{"id":23663,"date":"2023-04-03T18:59:18","date_gmt":"2023-04-03T15:59:18","guid":{"rendered":"https:\/\/prelive2.pomello.ee\/toode\/alaripsien-muotit\/"},"modified":"2023-04-03T18:59:18","modified_gmt":"2023-04-03T15:59:18","slug":"alaripsien-muotit","status":"publish","type":"product","link":"https:\/\/prelive2.pomello.ee\/fi\/toode\/alaripsien-muotit\/","title":{"rendered":"Alaripsien Muotit"},"content":{"rendered":"<p>Silikonimuotit, jotka eiv\u00e4t tarvitse liimaa kiinnitt\u00e4\u00e4kseen silm\u00e4luomeen. Ergonominen ja sopii kaikille silm\u00e4muodoille.<\/p>\n<p>Silikonimuotit ovat muodonmuuttumattomia, kest\u00e4vi\u00e4 ja pehmeit\u00e4. Lateksiton, ei \u00e4rsyt\u00e4 eik\u00e4 ole ep\u00e4miellytt\u00e4v\u00e4 silmille.<\/p>\n<p>&nbsp;<\/p>\n<p><strong>Puhdistus:<\/strong><\/p>\n<ol>\n<li>Puhdista v\u00e4litt\u00f6m\u00e4sti jokaisen k\u00e4yt\u00f6n j\u00e4lkeen l\u00e4mpim\u00e4ll\u00e4 vedell\u00e4 ja antibakteerisella saippualla<\/li>\n<li>Desinfioi 70 % alkoholilla<\/li>\n<li>Huuhtele sitten vedell\u00e4 ja kuivaa<\/li>\n<li>Aseta tuote steriiliin suljettuun astiaan.<\/li>\n<\/ol>\n<p>Se on taloudellinen ja ymp\u00e4rist\u00f6yst\u00e4v\u00e4llinen, tuote on uudelleenk\u00e4ytett\u00e4v\u00e4.<\/p>\n<p>M\u00e4\u00e4r\u00e4: 3 paria\/pussi<\/p>\n<p>Koot: A, B, C<\/p>\n<p>&nbsp;<\/p>\n<p><strong>Kuinka k\u00e4ytt\u00e4\u00e4 silikonimuotit?<\/strong><\/p>\n<p>Valitse toimenpiteellesi sopivan kokoinen silikonimuotit. K\u00e4yt\u00e4 oppimiasi menetelmi\u00e4 silikonimuotit asettamiseen. Silikonimuotit on ensin desinfioitava ja huuhdeltava vedell\u00e4, jotta se ei \u00e4rsyt\u00e4 silm\u00e4luomea.<\/p>\n<p>Koko: K\u00e4yt\u00e4 A-kokoista silikonityyny\u00e4 niille, joilla on eritt\u00e4in lyhyet ripset ja jotka haluavat rajua vaikutusta.<\/p>\n<p>B-koko: K\u00e4yt\u00e4 B-koon silikonityyny\u00e4 niille, joilla on keskipitk\u00e4t ripset tai niille, joilla on pitk\u00e4t ripset, mutta jotka haluavat saavuttaa dramaattisen vaikutuksen.<\/p>\n<p>C-koko: K\u00e4yt\u00e4 C-koon silikonityyny\u00e4 keskim\u00e4\u00e4r\u00e4ist\u00e4 pidemmill\u00e4 ripsill\u00e4 tai keskipitkill\u00e4 ripsill\u00e4, jotka haluavat v\u00e4hemm\u00e4n rajuja vaikutuksia.<\/p>\n<p>&nbsp;<\/p>\n<p><strong>Miksi valita ne?<\/strong><\/p>\n<p>Ole ensimm\u00e4isten joukossa, joka esittelee uusimman ripsetrendin, alemman ripsien kohotuksen! Suunnittelunsa ansiosta uudelleen k\u00e4ytett\u00e4v\u00e4t pehme\u00e4t silikoniripset ovat helposti mukautettavissa kaikkiin silmien muotoihin. Materiaalin ja pehmeyden ansiosta se on mukava ja ripset tarttuvat paremmin, jolloin ne on helpompi kammata ja kiinnitt\u00e4\u00e4.<\/p>\n<p>&nbsp;<\/p>\n<p>Setti sis\u00e4lt\u00e4\u00e4: 1 pari A-, 1 pari B- ja 1 pari C-muotit<\/p>\n","protected":false},"excerpt":{"rendered":"<p>Alemmat silikonimuotit ripsille &#8211; uusin trendi ripsien kohotusmaailmassa.<\/p>\n<p>&nbsp;<\/p>\n<p>Silikonimuotit ovat muodonmuuttumattomia, kest\u00e4vi\u00e4 ja pehmeit\u00e4. Lateksiton, ei \u00e4rsyt\u00e4 eik\u00e4 ole ep\u00e4miellytt\u00e4v\u00e4 silmille.<\/p>\n","protected":false},"featured_media":22615,"comment_status":"open","ping_status":"closed","template":"","meta":{"_monsterinsights_skip_tracking":false,"_monsterinsights_sitenote_active":false,"_monsterinsights_sitenote_note":"","_monsterinsights_sitenote_category":0},"product_cat":[516,521],"product_tag":[530,536],"class_list":{"0":"post-23663","1":"product","2":"type-product","3":"status-publish","4":"has-post-thumbnail","6":"product_cat-lash-lift-fi","7":"product_cat-silikonityynyt","8":"product_tag-lash-lift-fi","9":"product_tag-silikonityynyt","10":"pa_brand-pomello-fi","11":"pa_varv-heleroosa-fi","13":"first","14":"instock","15":"taxable","16":"shipping-taxable","17":"purchasable","18":"product-type-simple"},"_links":{"self":[{"href":"https:\/\/prelive2.pomello.ee\/fi\/wp-json\/wp\/v2\/product\/23663","targetHints":{"allow":["GET"]}}],"collection":[{"href":"https:\/\/prelive2.pomello.ee\/fi\/wp-json\/wp\/v2\/product"}],"about":[{"href":"https:\/\/prelive2.pomello.ee\/fi\/wp-json\/wp\/v2\/types\/product"}],"replies":[{"embeddable":true,"href":"https:\/\/prelive2.pomello.ee\/fi\/wp-json\/wp\/v2\/comments?post=23663"}],"version-history":[{"count":0,"href":"https:\/\/prelive2.pomello.ee\/fi\/wp-json\/wp\/v2\/product\/23663\/revisions"}],"wp:featuredmedia":[{"embeddable":true,"href":"https:\/\/prelive2.pomello.ee\/fi\/wp-json\/wp\/v2\/media\/22615"}],"wp:attachment":[{"href":"https:\/\/prelive2.pomello.ee\/fi\/wp-json\/wp\/v2\/media?parent=23663"}],"wp:term":[{"taxonomy":"product_cat","embeddable":true,"href":"https:\/\/prelive2.pomello.ee\/fi\/wp-json\/wp\/v2\/product_cat?post=23663"},{"taxonomy":"product_tag","embeddable":true,"href":"https:\/\/prelive2.pomello.ee\/fi\/wp-json\/wp\/v2\/product_tag?post=23663"}],"curies":[{"name":"wp","href":"https:\/\/api.w.org\/{rel}","templated":true}]}}