{"id":23660,"date":"2023-04-03T19:18:58","date_gmt":"2023-04-03T16:18:58","guid":{"rendered":"https:\/\/prelive2.pomello.ee\/toode\/silikonilaput-clear\/"},"modified":"2023-04-03T19:18:58","modified_gmt":"2023-04-03T16:18:58","slug":"silikonilaput-clear","status":"publish","type":"product","link":"https:\/\/prelive2.pomello.ee\/fi\/toode\/silikonilaput-clear\/","title":{"rendered":"Silikonilaput Clear"},"content":{"rendered":"<p>Tuote on uudelleenk\u00e4ytett\u00e4v\u00e4.<\/p>\n<p>&nbsp;<\/p>\n<p>Jotta tuote kiinnittyisi paremmin ihoon, kostuta suojatyynyjen takapuoli etuk\u00e4teen.<\/p>\n<p>&nbsp;<\/p>\n<p><strong>Puhdistus:<\/strong><br \/>\n1. Puhdista v\u00e4litt\u00f6m\u00e4sti jokaisen k\u00e4yt\u00f6n j\u00e4lkeen l\u00e4mpim\u00e4ll\u00e4 vedell\u00e4 ja antibakteerisella saippualla.<br \/>\n2. Desinfioi 70-prosenttisella alkoholipohjaisella tuotteella.<br \/>\n3. Huuhtele sitten vedell\u00e4 ja kuivaa.<br \/>\n4. Aseta tuote steriiliin, suljettuun astiaan.<\/p>\n","protected":false},"excerpt":{"rendered":"<p>Pehme\u00e4st\u00e4 silikonista valmistetut supermukavat uudelleenk\u00e4ytett\u00e4v\u00e4t silm\u00e4naluslaput, s\u00e4\u00e4st\u00e4t luontoa ja tuhlaa v\u00e4hemm\u00e4n!<\/p>\n<p>&nbsp;<\/p>\n<p>Innovatiivinen tuote, joka korvaa suojapaperin kemiallisen silmien v\u00e4rj\u00e4yksen aikana.<\/p>\n<p>&nbsp;<\/p>\n<p>Itseliimautuva materiaali tekee niist\u00e4 mukavat k\u00e4ytt\u00e4\u00e4, ne sopivat jokaiseen silm\u00e4muotoon ja suojaavat silmien alla olevaa ihoa likaantumiselta.<\/p>\n","protected":false},"featured_media":22616,"comment_status":"open","ping_status":"closed","template":"","meta":{"_monsterinsights_skip_tracking":false,"_monsterinsights_sitenote_active":false,"_monsterinsights_sitenote_note":"","_monsterinsights_sitenote_category":0},"product_cat":[476,511,516,521,475,478,546,544],"product_tag":[527,530],"class_list":{"0":"post-23660","1":"product","2":"type-product","3":"status-publish","4":"has-post-thumbnail","6":"product_cat-kulmakarvat","7":"product_cat-kulmakarvojen-tarvikkeet","8":"product_cat-lash-lift-fi","9":"product_cat-silikonityynyt","10":"product_cat-ripset","11":"product_cat-ripsien-ja-kulmakarvojen-varit","12":"product_cat-ripsien-tarvikkeet","13":"product_cat-tarvikkeet-fi","14":"product_tag-kulmien-vari","15":"product_tag-lash-lift-fi","16":"pa_brand-pomello-fi","17":"pa_suurus-one-size-fi","18":"pa_varv-labipaistev-fi","20":"first","21":"instock","22":"taxable","23":"shipping-taxable","24":"purchasable","25":"product-type-simple"},"_links":{"self":[{"href":"https:\/\/prelive2.pomello.ee\/fi\/wp-json\/wp\/v2\/product\/23660","targetHints":{"allow":["GET"]}}],"collection":[{"href":"https:\/\/prelive2.pomello.ee\/fi\/wp-json\/wp\/v2\/product"}],"about":[{"href":"https:\/\/prelive2.pomello.ee\/fi\/wp-json\/wp\/v2\/types\/product"}],"replies":[{"embeddable":true,"href":"https:\/\/prelive2.pomello.ee\/fi\/wp-json\/wp\/v2\/comments?post=23660"}],"version-history":[{"count":0,"href":"https:\/\/prelive2.pomello.ee\/fi\/wp-json\/wp\/v2\/product\/23660\/revisions"}],"wp:featuredmedia":[{"embeddable":true,"href":"https:\/\/prelive2.pomello.ee\/fi\/wp-json\/wp\/v2\/media\/22616"}],"wp:attachment":[{"href":"https:\/\/prelive2.pomello.ee\/fi\/wp-json\/wp\/v2\/media?parent=23660"}],"wp:term":[{"taxonomy":"product_cat","embeddable":true,"href":"https:\/\/prelive2.pomello.ee\/fi\/wp-json\/wp\/v2\/product_cat?post=23660"},{"taxonomy":"product_tag","embeddable":true,"href":"https:\/\/prelive2.pomello.ee\/fi\/wp-json\/wp\/v2\/product_tag?post=23660"}],"curies":[{"name":"wp","href":"https:\/\/api.w.org\/{rel}","templated":true}]}}