{"id":23658,"date":"2023-04-28T15:22:01","date_gmt":"2023-04-28T12:22:01","guid":{"rendered":"https:\/\/prelive2.pomello.ee\/toode\/elan-deep-brow-tint\/"},"modified":"2023-04-28T15:22:01","modified_gmt":"2023-04-28T12:22:01","slug":"elan-deep-brow-tint","status":"publish","type":"product","link":"https:\/\/prelive2.pomello.ee\/fi\/toode\/elan-deep-brow-tint\/","title":{"rendered":"ELAN Deep Brow Tint"},"content":{"rendered":"<p>Elan Deep Brow Tint on maailman ensimm\u00e4inen neutraali pH-s\u00e4vy, joka ehk\u00e4isee ihon ja hiusten vaurioita ja kuivumista ja on t\u00e4ysin turvallista k\u00e4ytt\u00e4\u00e4 kaikentyyppisille hiuksille ja iholle.<\/p>\n<p>&nbsp;<\/p>\n<p><strong>Ominaisuudet:<\/strong><\/p>\n<p>&nbsp;<\/p>\n<p>Pitk\u00e4aikainen ihon s\u00e4vytys &#8211; jopa 14 p\u00e4iv\u00e4\u00e4 iholla ja 4 viikkoa hiuksissa<\/p>\n<p>&nbsp;<\/p>\n<p>S\u00e4vy ilmestyy iholle ja hiuksiin v\u00e4litt\u00f6m\u00e4sti ja mahdollistaa muodon korjaamisen ennen s\u00e4vytystoimenpiteen p\u00e4\u00e4ttymist\u00e4<br \/>\nSe on ammoniakki- ja MEA-vapaa, mik\u00e4 tarkoittaa, ett\u00e4 mahdollinen allergiariski pienenee.<\/p>\n<p>&nbsp;<\/p>\n<p>Sis\u00e4lt\u00e4\u00e4 heliogenolia &#8211; suojaa v\u00e4ri\u00e4 haalistumista ja hiuksia UV-s\u00e4teilt\u00e4!<\/p>\n<p>&nbsp;<\/p>\n<p>SEDERMAn (Ranska) patentoitu ainesosa Heliogenol\u2122 varmistaa kulmakarvojen v\u00e4rin pitk\u00e4kestoisen v\u00e4rituloksen, suojaa v\u00e4ri\u00e4 haalistumista ja kulmakarvoja UV-s\u00e4teilt\u00e4. *<\/p>\n<p>&nbsp;<\/p>\n<p>Kulmav\u00e4ri on miellytt\u00e4v\u00e4 tuoksu, mik\u00e4 tekee v\u00e4rj\u00e4yksest\u00e4 asiakkaille entist\u00e4 mukavamman.<\/p>\n<p>&nbsp;<\/p>\n<p>Koko 20 ml<\/p>\n<p>&nbsp;<\/p>\n<p>Valmistettu Ukrainassa<\/p>\n<p>&nbsp;<\/p>\n<p>S\u00e4ilyvyys: 24 kuukautta.<\/p>\n<p>&nbsp;<\/p>\n<p>S\u00e4ilyvyys avaamisen j\u00e4lkeen: 3 kuukautta.<\/p>\n<p>&nbsp;<\/p>\n<p>&nbsp;<\/p>\n<p><strong>Kuinka k\u00e4ytt\u00e4\u00e4:<\/strong><\/p>\n<p>&nbsp;<\/p>\n<p>\u2022 Kulmien valmistelu<\/p>\n<p>&nbsp;<\/p>\n<p>K\u00e4yt\u00e4 kulmakarvojen ja ripsien <a href=\"https:\/\/prelive2.pomello.ee\/toode\/elan-detox-mousse-kulmudele-ja-ripsmetele\/\"><strong>ELAN Cleansing Detox-Mousse<\/strong><\/a> pesuvaahtoa ennen kulmakarvojen muotoilua tai v\u00e4rj\u00e4yst\u00e4 ihon ja hiusten puhdistamiseen. Tuotteella on antibakteerinen vaikutus.<\/p>\n<p>&nbsp;<\/p>\n<p>&nbsp;<\/p>\n<p>\u2022 Tonic-seoksen valmistus<\/p>\n<p>&nbsp;<\/p>\n<p>Sekoita &#8221;Deep Brow Tint&#8221; kermavedyll\u00e4 3% suhteessa 1:1 ei-metallisessa kulhossa v\u00e4riainepakkauksessa olevalla mittalusikalla.<\/p>\n<p>&nbsp;<\/p>\n<p>&nbsp;<\/p>\n<p>\u2022 Kulmien v\u00e4rj\u00e4ys<\/p>\n<p>&nbsp;<\/p>\n<p>Levit\u00e4 s\u00e4vytysseosta kulmakarvoihin aiemmin m\u00e4\u00e4ritellyn muodon mukaan. Anna vaikuttaa 5-10 minuuttia halutun kulmakarvojen v\u00e4rin voimakkuudesta riippuen. Poista sitten s\u00e4vy kokonaan kostealla vanulapulla.<\/p>\n<p>&nbsp;<\/p>\n","protected":false},"excerpt":{"rendered":"<p>ELAN Deep Brow Tint on t\u00e4ydellinen kulmav\u00e4ri, joka kest\u00e4\u00e4 erityisen pitk\u00e4\u00e4n iholla ja hiuksissa. Jopa 14 p\u00e4iv\u00e4\u00e4 iholla ja 4 viikkoa hiuksissa.<\/p>\n<p>&nbsp;<\/p>\n<p>Pitk\u00e4kestoinen kulmav\u00e4ri \u00abDeep Brow Tint\u00bb on ELAN Professional -sarjan kehitt\u00e4m\u00e4 innovatiivinen tuote ja yksi kulmakarvojen tunnusv\u00e4rj\u00e4ysj\u00e4rjestelm\u00e4n Smart Brow Tinting System komponenteista.<\/p>\n<p>&nbsp;<\/p>\n<p>S\u00e4vyihin voi sekoittaa vain ELAN Cream vety 3%, jonka l\u00f6yd\u00e4t <a href=\"https:\/\/prelive2.pomello.ee\/toode\/elan-kreemvesinik-3\/\"><strong>t\u00e4\u00e4lt\u00e4<\/strong><\/a><\/p>\n<p>&nbsp;<\/p>\n<p>Valikoima sis\u00e4lt\u00e4\u00e4 kaksi erilaista alkuper\u00e4ist\u00e4 s\u00e4vy\u00e4:<\/p>\n<ul>\n<li>04 ICY &#8211; kylm\u00e4n ruskea<\/li>\n<li>05 SPI\u0421Y &#8211; l\u00e4mpim\u00e4n ruskea<\/li>\n<\/ul>\n<p>&nbsp;<\/p>\n<p>S\u00e4vy ilmestyy iholle ja hiuksiin v\u00e4litt\u00f6m\u00e4sti ja mahdollistaa muodon korjaamisen ennen s\u00e4vytystoimenpiteen p\u00e4\u00e4ttymist\u00e4.<\/p>\n<p>&nbsp;<\/p>\n<p>Se on ammoniakki- ja MEA-vapaa, mik\u00e4 tarkoittaa, ett\u00e4 mahdollinen allergiariski pienenee.<\/p>\n","protected":false},"featured_media":22638,"comment_status":"open","ping_status":"closed","template":"","meta":{"_monsterinsights_skip_tracking":false,"_monsterinsights_sitenote_active":false,"_monsterinsights_sitenote_note":"","_monsterinsights_sitenote_category":0},"product_cat":[909,476,478,479],"product_tag":[],"class_list":{"0":"post-23658","1":"product","2":"type-product","3":"status-publish","4":"has-post-thumbnail","6":"product_cat-kestovari","7":"product_cat-kulmakarvat","8":"product_cat-ripsien-ja-kulmakarvojen-varit","9":"product_cat-ripsien-ja-kulmakarvojen-varit-fi","10":"pa_brand-elan-fi","11":"pa_varv-04-icy-kulmpruun-fi","12":"pa_varv-05-spicy-soe-pruun-fi","14":"first","15":"instock","16":"taxable","17":"shipping-taxable","18":"purchasable","19":"product-type-variable","20":"has-default-attributes"},"_links":{"self":[{"href":"https:\/\/prelive2.pomello.ee\/fi\/wp-json\/wp\/v2\/product\/23658","targetHints":{"allow":["GET"]}}],"collection":[{"href":"https:\/\/prelive2.pomello.ee\/fi\/wp-json\/wp\/v2\/product"}],"about":[{"href":"https:\/\/prelive2.pomello.ee\/fi\/wp-json\/wp\/v2\/types\/product"}],"replies":[{"embeddable":true,"href":"https:\/\/prelive2.pomello.ee\/fi\/wp-json\/wp\/v2\/comments?post=23658"}],"version-history":[{"count":0,"href":"https:\/\/prelive2.pomello.ee\/fi\/wp-json\/wp\/v2\/product\/23658\/revisions"}],"wp:featuredmedia":[{"embeddable":true,"href":"https:\/\/prelive2.pomello.ee\/fi\/wp-json\/wp\/v2\/media\/22638"}],"wp:attachment":[{"href":"https:\/\/prelive2.pomello.ee\/fi\/wp-json\/wp\/v2\/media?parent=23658"}],"wp:term":[{"taxonomy":"product_cat","embeddable":true,"href":"https:\/\/prelive2.pomello.ee\/fi\/wp-json\/wp\/v2\/product_cat?post=23658"},{"taxonomy":"product_tag","embeddable":true,"href":"https:\/\/prelive2.pomello.ee\/fi\/wp-json\/wp\/v2\/product_tag?post=23658"}],"curies":[{"name":"wp","href":"https:\/\/api.w.org\/{rel}","templated":true}]}}