{"id":23656,"date":"2023-04-28T16:18:56","date_gmt":"2023-04-28T13:18:56","guid":{"rendered":"https:\/\/prelive2.pomello.ee\/toode\/elan-skin-colour-remover\/"},"modified":"2023-04-28T16:18:56","modified_gmt":"2023-04-28T13:18:56","slug":"elan-skin-colour-remover","status":"publish","type":"product","link":"https:\/\/prelive2.pomello.ee\/fi\/toode\/elan-skin-colour-remover\/","title":{"rendered":"ELAN Skin colour remover"},"content":{"rendered":"<p>ELAN Skin Color Remover pehment\u00e4\u00e4 kulmakarvojen alkup\u00e4\u00e4t\u00e4. Tuote auttaa luomaan ihanteellisen kulmakarvojen muodon.<\/p>\n<p>&nbsp;<\/p>\n<p>Poistoaine sopii erinomaisesti k\u00e4ytett\u00e4v\u00e4ksi muiden merkkien kulmakarvojen v\u00e4rien kanssa.<\/p>\n<p>&nbsp;<\/p>\n<p>120 ml<\/p>\n<p>&nbsp;<\/p>\n<p>Valmistettu Ukrainassa<\/p>\n<p>&nbsp;<\/p>\n<p>S\u00e4ilyvyys: 24 kuukautta<\/p>\n<p>&nbsp;<\/p>\n<p>S\u00e4ilyvyys avaamisen j\u00e4lkeen: 12 kuukautta<\/p>\n<p>&nbsp;<\/p>\n<p><strong>Kuinka k\u00e4ytt\u00e4\u00e4:<\/strong><\/p>\n<p>&nbsp;<\/p>\n<p>Levit\u00e4 tuotetta vanupuikolla tai vanutyynyll\u00e4 halutuille kulmakarvojen alueille poistaaksesi ylim\u00e4\u00e4r\u00e4inen pigmentti tai pehment\u00e4\u00e4ksesi kulmakarvojen muotoa diffuusitekniikalla.<\/p>\n","protected":false},"excerpt":{"rendered":"<p>ELAN Skin Color Remover pehment\u00e4\u00e4 kulmakarvojen alkup\u00e4\u00e4t\u00e4. Tuote auttaa luomaan ihanteellisen kulmakarvojen muodon.<\/p>\n<p>&nbsp;<\/p>\n<p>Poistoaine sopii erinomaisesti k\u00e4ytett\u00e4v\u00e4ksi muiden merkkien kulmakarvojen v\u00e4rien kanssa.<\/p>\n","protected":false},"featured_media":22645,"comment_status":"open","ping_status":"closed","template":"","meta":{"_monsterinsights_skip_tracking":false,"_monsterinsights_sitenote_active":false,"_monsterinsights_sitenote_note":"","_monsterinsights_sitenote_category":0},"product_cat":[903,915,476],"product_tag":[],"class_list":{"0":"post-23656","1":"product","2":"type-product","3":"status-publish","4":"has-post-thumbnail","6":"product_cat-varinpoisto","7":"product_cat-esi-ja-jalkihoito","8":"product_cat-kulmakarvat","9":"pa_brand-elan-fi","11":"first","12":"instock","13":"taxable","14":"shipping-taxable","15":"purchasable","16":"product-type-simple"},"_links":{"self":[{"href":"https:\/\/prelive2.pomello.ee\/fi\/wp-json\/wp\/v2\/product\/23656","targetHints":{"allow":["GET"]}}],"collection":[{"href":"https:\/\/prelive2.pomello.ee\/fi\/wp-json\/wp\/v2\/product"}],"about":[{"href":"https:\/\/prelive2.pomello.ee\/fi\/wp-json\/wp\/v2\/types\/product"}],"replies":[{"embeddable":true,"href":"https:\/\/prelive2.pomello.ee\/fi\/wp-json\/wp\/v2\/comments?post=23656"}],"version-history":[{"count":0,"href":"https:\/\/prelive2.pomello.ee\/fi\/wp-json\/wp\/v2\/product\/23656\/revisions"}],"wp:featuredmedia":[{"embeddable":true,"href":"https:\/\/prelive2.pomello.ee\/fi\/wp-json\/wp\/v2\/media\/22645"}],"wp:attachment":[{"href":"https:\/\/prelive2.pomello.ee\/fi\/wp-json\/wp\/v2\/media?parent=23656"}],"wp:term":[{"taxonomy":"product_cat","embeddable":true,"href":"https:\/\/prelive2.pomello.ee\/fi\/wp-json\/wp\/v2\/product_cat?post=23656"},{"taxonomy":"product_tag","embeddable":true,"href":"https:\/\/prelive2.pomello.ee\/fi\/wp-json\/wp\/v2\/product_tag?post=23656"}],"curies":[{"name":"wp","href":"https:\/\/api.w.org\/{rel}","templated":true}]}}