{"id":23648,"date":"2023-03-08T00:14:42","date_gmt":"2023-03-07T21:14:42","guid":{"rendered":"https:\/\/prelive2.pomello.ee\/toode\/my-lamination-mineral-ripsiseerumi\/"},"modified":"2023-03-08T00:14:42","modified_gmt":"2023-03-07T21:14:42","slug":"my-lamination-mineral-ripsiseerumi","status":"publish","type":"product","link":"https:\/\/prelive2.pomello.ee\/fi\/toode\/my-lamination-mineral-ripsiseerumi\/","title":{"rendered":"My Lamination Mineral Ripsiseerumi"},"content":{"rendered":"<p>K\u00e4ytt\u00f6: Levit\u00e4 My Lamination Mineral Eyelash Serum kahdesti p\u00e4iv\u00e4ss\u00e4 puhdistamaan ripset tyvest\u00e4 latvaan.<br \/>\nVoimassaolo: 2 vuotta valmistuksen j\u00e4lkeen.<br \/>\nS\u00e4ilyvyys avaamisen j\u00e4lkeen: 6 kuukautta.<\/p>\n<p>&nbsp;<\/p>\n<p>Varoitukset: Kaikki v\u00e4ri- ja hajumuutokset johtuvat luonnollisten kasviper\u00e4isten funktionaalisten aineiden l\u00e4sn\u00e4olosta. V\u00e4lt\u00e4 aineen joutumista silmiin ja limakalvoihin. Jos joutuu vahingossa kosketukseen, huuhtele vedell\u00e4. Vain ulkoiseen k\u00e4ytt\u00f6\u00f6n. Tuote voi aiheuttaa allergisia reaktioita. Sulje hyvin jokaisen k\u00e4ytt\u00f6kerran j\u00e4lkeen. Pid\u00e4 poissa lasten ulottuvilta. Pid\u00e4 viile\u00e4ss\u00e4 ja v\u00e4lt\u00e4 suoraa valoa. Tuotetta ei ole tarkoitettu alle 18-vuotiaiden k\u00e4ytt\u00f6\u00f6n.<\/p>\n","protected":false},"excerpt":{"rendered":"<p>My Lamination Mineral ripsiseerumi Home on suunniteltu tukemaan luonnollisten ripsien ja kulmakarvojen tervett\u00e4 kasvua my\u00f6s kotihoidon j\u00e4lkeen. Seerumi on rikastettu hiusten kasvua edist\u00e4vill\u00e4 mineraaleilla, tulokset on kliinisesti todistettu. Ihanteellinen tuote asiakkaan k\u00e4ytt\u00f6\u00f6n kotona toimenpiteen j\u00e4lkeen. My Lamination mineraaliseerumi auttaa stimuloimaan ripsien kasvua ja lis\u00e4\u00e4m\u00e4\u00e4n niille pituutta. Tuote on eritt\u00e4in k\u00e4tev\u00e4 levitt\u00e4\u00e4, applikaattori on pieni liner-sivellin.<\/p>\n<p>&nbsp;<\/p>\n<p>My Lamination mineraaliseerumia voidaan k\u00e4ytt\u00e4\u00e4 ripsiin ja kulmakarvoihin. Tuote on rikastettu seuraavilla ainesosilla:<\/p>\n<p>&nbsp;<\/p>\n<ul>\n<li>Kasvisglyseriini: kosteuttava, pehment\u00e4v\u00e4, suojaava<\/li>\n<li>Centaurea Cyanus -kukkavesi: Rauhoittava vaikutus v\u00e4syneisiin, turvonneisiin tai \u00e4rtyneisiin silmiin<\/li>\n<li>Merisuola: vahvistaa ja palauttaa<\/li>\n<li>Granaattiomena (Punica Granatum): antioksidantti<\/li>\n<li>Magnesiumkloridi: suojaava, valaiseva<\/li>\n<li>Kalsiumkloridi: antioksidantti, suojaava<\/li>\n<li>Sinkki: Vahvistaa<\/li>\n<li>Rautakloridi: stimuloi ihon toimintoja<\/li>\n<li>Kuparikloridi: vahvistaa, antaa kiiltoa<\/li>\n<li>Rikki: puhdistaa, kiilt\u00e4\u00e4<\/li>\n<li>Planktonuute: parantaa kosteutta, lis\u00e4\u00e4 elastisuutta<\/li>\n<li>Hamamelis Virginiana: Est\u00e4\u00e4 vapaita radikaaleja, pehmitt\u00e4v\u00e4<\/li>\n<\/ul>\n<p>&nbsp;<\/p>\n<p>Kun ostat 10 kpl tai enemm\u00e4n, tarjoamme alennushinnan. Kirjoita pyynt\u00f6si osoitteeseen <a href=\"mailto:info@pomello.ee\">info@pomello.ee.<\/a><\/p>\n","protected":false},"featured_media":22583,"comment_status":"open","ping_status":"closed","template":"","meta":{"_monsterinsights_skip_tracking":false,"_monsterinsights_sitenote_active":false,"_monsterinsights_sitenote_note":"","_monsterinsights_sitenote_category":0},"product_cat":[518,516,475,514],"product_tag":[],"class_list":{"0":"post-23648","1":"product","2":"type-product","3":"status-publish","4":"has-post-thumbnail","6":"product_cat-jalkihoito","7":"product_cat-lash-lift-fi","8":"product_cat-ripset","9":"product_cat-ripsi-ja-kulmakarvojen-seerumit","10":"pa_brand-my-lamination-fi","11":"pa_suurus-45ml-fi","13":"first","14":"instock","15":"taxable","16":"shipping-taxable","17":"purchasable","18":"product-type-simple"},"_links":{"self":[{"href":"https:\/\/prelive2.pomello.ee\/fi\/wp-json\/wp\/v2\/product\/23648","targetHints":{"allow":["GET"]}}],"collection":[{"href":"https:\/\/prelive2.pomello.ee\/fi\/wp-json\/wp\/v2\/product"}],"about":[{"href":"https:\/\/prelive2.pomello.ee\/fi\/wp-json\/wp\/v2\/types\/product"}],"replies":[{"embeddable":true,"href":"https:\/\/prelive2.pomello.ee\/fi\/wp-json\/wp\/v2\/comments?post=23648"}],"version-history":[{"count":0,"href":"https:\/\/prelive2.pomello.ee\/fi\/wp-json\/wp\/v2\/product\/23648\/revisions"}],"wp:featuredmedia":[{"embeddable":true,"href":"https:\/\/prelive2.pomello.ee\/fi\/wp-json\/wp\/v2\/media\/22583"}],"wp:attachment":[{"href":"https:\/\/prelive2.pomello.ee\/fi\/wp-json\/wp\/v2\/media?parent=23648"}],"wp:term":[{"taxonomy":"product_cat","embeddable":true,"href":"https:\/\/prelive2.pomello.ee\/fi\/wp-json\/wp\/v2\/product_cat?post=23648"},{"taxonomy":"product_tag","embeddable":true,"href":"https:\/\/prelive2.pomello.ee\/fi\/wp-json\/wp\/v2\/product_tag?post=23648"}],"curies":[{"name":"wp","href":"https:\/\/api.w.org\/{rel}","templated":true}]}}