{"id":23610,"date":"2023-04-03T19:51:16","date_gmt":"2023-04-03T16:51:16","guid":{"rendered":"https:\/\/prelive2.pomello.ee\/toode\/geelilaput\/"},"modified":"2023-04-03T19:51:16","modified_gmt":"2023-04-03T16:51:16","slug":"geelilaput","status":"publish","type":"product","link":"https:\/\/prelive2.pomello.ee\/fi\/toode\/geelilaput\/","title":{"rendered":"Geelilaput"},"content":{"rendered":"<p>Eritt\u00e4in ohuet geelityynyt ovat puolet ohuita kuin muut geelilaput ja sis\u00e4lt\u00e4v\u00e4t v\u00e4hemm\u00e4n geeli\u00e4.<\/p>\n<p>&nbsp;<\/p>\n<p>Ergonomisen muotoiset nukkaamattomat silmi\u00e4 suojaavat geelilaput.<\/p>\n<p>&nbsp;<\/p>\n<p>K\u00e4yt\u00e4 geelilaput alempien ripsien erist\u00e4miseen yl\u00e4ripsist\u00e4. Avaa pakkaus, poista suojatarra geelilauta ja aseta geelilaput alempien ripsien p\u00e4\u00e4lle. V\u00e4lt\u00e4 kosketusta silm\u00e4n limakalvolle. Tuote on tarkoitettu kertak\u00e4ytt\u00f6\u00f6n.<\/p>\n<p>&nbsp;<\/p>\n<p>Pakkaus sis\u00e4lt\u00e4\u00e4 1 parin geelilaput.<\/p>\n<p>&nbsp;<\/p>\n<p>Koostumus: Hydrogeeli<\/p>\n","protected":false},"excerpt":{"rendered":"<p>Eritt\u00e4in ohuet ja ergonomisesti muotoillut geelilaput. Innovatiivinen muotoilu tekee geelilaput k\u00e4yt\u00f6st\u00e4 entist\u00e4 mukavampaa. Geelilaput on puolet v\u00e4hemm\u00e4n geeli\u00e4 verrattuna muihin geelityynyihin.<\/p>\n<p>&nbsp;<\/p>\n<p>Pakkaus sis\u00e4lt\u00e4\u00e4 1 parin geelilaput.<\/p>\n","protected":false},"featured_media":22619,"comment_status":"closed","ping_status":"closed","template":"","meta":{"_monsterinsights_skip_tracking":false,"_monsterinsights_sitenote_active":false,"_monsterinsights_sitenote_note":"","_monsterinsights_sitenote_category":0},"product_cat":[516,475,478,546,540,544],"product_tag":[527,530],"class_list":{"0":"post-23610","1":"product","2":"type-product","3":"status-publish","4":"has-post-thumbnail","6":"product_cat-lash-lift-fi","7":"product_cat-ripset","8":"product_cat-ripsien-ja-kulmakarvojen-varit","9":"product_cat-ripsien-tarvikkeet","10":"product_cat-tarvikkeet","11":"product_cat-tarvikkeet-fi","12":"product_tag-kulmien-vari","13":"product_tag-lash-lift-fi","14":"pa_brand-pomello-fi","16":"first","17":"instock","18":"sale","19":"taxable","20":"shipping-taxable","21":"purchasable","22":"product-type-simple"},"_links":{"self":[{"href":"https:\/\/prelive2.pomello.ee\/fi\/wp-json\/wp\/v2\/product\/23610","targetHints":{"allow":["GET"]}}],"collection":[{"href":"https:\/\/prelive2.pomello.ee\/fi\/wp-json\/wp\/v2\/product"}],"about":[{"href":"https:\/\/prelive2.pomello.ee\/fi\/wp-json\/wp\/v2\/types\/product"}],"replies":[{"embeddable":true,"href":"https:\/\/prelive2.pomello.ee\/fi\/wp-json\/wp\/v2\/comments?post=23610"}],"version-history":[{"count":0,"href":"https:\/\/prelive2.pomello.ee\/fi\/wp-json\/wp\/v2\/product\/23610\/revisions"}],"wp:featuredmedia":[{"embeddable":true,"href":"https:\/\/prelive2.pomello.ee\/fi\/wp-json\/wp\/v2\/media\/22619"}],"wp:attachment":[{"href":"https:\/\/prelive2.pomello.ee\/fi\/wp-json\/wp\/v2\/media?parent=23610"}],"wp:term":[{"taxonomy":"product_cat","embeddable":true,"href":"https:\/\/prelive2.pomello.ee\/fi\/wp-json\/wp\/v2\/product_cat?post=23610"},{"taxonomy":"product_tag","embeddable":true,"href":"https:\/\/prelive2.pomello.ee\/fi\/wp-json\/wp\/v2\/product_tag?post=23610"}],"curies":[{"name":"wp","href":"https:\/\/api.w.org\/{rel}","templated":true}]}}