{"id":23608,"date":"2023-04-03T20:06:28","date_gmt":"2023-04-03T17:06:28","guid":{"rendered":"https:\/\/prelive2.pomello.ee\/toode\/annostelija-150ml\/"},"modified":"2023-04-03T20:06:28","modified_gmt":"2023-04-03T17:06:28","slug":"annostelija-150ml","status":"publish","type":"product","link":"https:\/\/prelive2.pomello.ee\/fi\/toode\/annostelija-150ml\/","title":{"rendered":"Annostelija 150ml"},"content":{"rendered":"<p>Eik\u00f6 pesuallas k\u00e4den ulottuvilla? Annostelija on k\u00e4tev\u00e4 ty\u00f6kalu veden t\u00e4ytt\u00e4miseen ja varastointiin.<\/p>\n<p>&nbsp;<\/p>\n<p>Vedenannostelija on helppo ja nopea tapa puhdistaa kulmakarvat tai ripset t\u00e4risev\u00e4n. Pullosta saa vett\u00e4 puristamalla, joten mit\u00e4\u00e4n ei tapahdu, jos se kaatuu p\u00f6yd\u00e4lle. Kostuta vanulappuja helposti ja nopeasti.<\/p>\n<p>&nbsp;<\/p>\n<p>Pullo on 150 ml ja valmistettu muovista.<\/p>\n","protected":false},"excerpt":{"rendered":"<p>Eik\u00f6 pesuallas k\u00e4den ulottuvilla? Annostelija on k\u00e4tev\u00e4 ty\u00f6kalu veden t\u00e4ytt\u00e4miseen ja varastointiin.<\/p>\n","protected":false},"featured_media":22620,"comment_status":"closed","ping_status":"closed","template":"","meta":{"_monsterinsights_skip_tracking":false,"_monsterinsights_sitenote_active":false,"_monsterinsights_sitenote_note":"","_monsterinsights_sitenote_category":0},"product_cat":[550,549],"product_tag":[524,525,527,530],"class_list":{"0":"post-23608","1":"product","2":"type-product","3":"status-publish","4":"has-post-thumbnail","6":"product_cat-kupit-ja-kulhot","7":"product_cat-pullot-kupit-ja-kulhot","8":"product_tag-kulmakarvojen-laminointi","9":"product_tag-kulmien-hoito","10":"product_tag-kulmien-vari","11":"product_tag-lash-lift-fi","12":"pa_brand-pomello-fi","13":"pa_suurus-150-ml-fi","14":"pa_varv-roosa-fi","16":"first","17":"instock","18":"taxable","19":"shipping-taxable","20":"purchasable","21":"product-type-simple"},"_links":{"self":[{"href":"https:\/\/prelive2.pomello.ee\/fi\/wp-json\/wp\/v2\/product\/23608","targetHints":{"allow":["GET"]}}],"collection":[{"href":"https:\/\/prelive2.pomello.ee\/fi\/wp-json\/wp\/v2\/product"}],"about":[{"href":"https:\/\/prelive2.pomello.ee\/fi\/wp-json\/wp\/v2\/types\/product"}],"replies":[{"embeddable":true,"href":"https:\/\/prelive2.pomello.ee\/fi\/wp-json\/wp\/v2\/comments?post=23608"}],"version-history":[{"count":0,"href":"https:\/\/prelive2.pomello.ee\/fi\/wp-json\/wp\/v2\/product\/23608\/revisions"}],"wp:featuredmedia":[{"embeddable":true,"href":"https:\/\/prelive2.pomello.ee\/fi\/wp-json\/wp\/v2\/media\/22620"}],"wp:attachment":[{"href":"https:\/\/prelive2.pomello.ee\/fi\/wp-json\/wp\/v2\/media?parent=23608"}],"wp:term":[{"taxonomy":"product_cat","embeddable":true,"href":"https:\/\/prelive2.pomello.ee\/fi\/wp-json\/wp\/v2\/product_cat?post=23608"},{"taxonomy":"product_tag","embeddable":true,"href":"https:\/\/prelive2.pomello.ee\/fi\/wp-json\/wp\/v2\/product_tag?post=23608"}],"curies":[{"name":"wp","href":"https:\/\/api.w.org\/{rel}","templated":true}]}}