{"id":23606,"date":"2023-04-16T19:12:26","date_gmt":"2023-04-16T16:12:26","guid":{"rendered":"https:\/\/prelive2.pomello.ee\/toode\/lami-brush\/"},"modified":"2023-04-16T19:12:26","modified_gmt":"2023-04-16T16:12:26","slug":"lami-brush","status":"publish","type":"product","link":"https:\/\/prelive2.pomello.ee\/fi\/toode\/lami-brush\/","title":{"rendered":"Lami Brush"},"content":{"rendered":"<p>Lami Brush on erinomainen apuv\u00e4line lash lift -toimenpiteess\u00e4.<\/p>\n<p>16,7 cm pitk\u00e4.<\/p>\n","protected":false},"excerpt":{"rendered":"<p>Laminator Lami Brush on ty\u00f6kalu, jolla voidaan erottaa ja liimata ripset silikonityynylle.<\/p>\n<p>&nbsp;<\/p>\n<p>Harjassa on synteettiset harjakset ja vahva k\u00e4rki, sit\u00e4 on k\u00e4tev\u00e4 k\u00e4ytt\u00e4\u00e4 erityisesti sis\u00e4kulmassa, johon ei ole niin helppo p\u00e4\u00e4st\u00e4 muilla ty\u00f6kaluilla.<\/p>\n","protected":false},"featured_media":22881,"comment_status":"open","ping_status":"closed","template":"","meta":{"_monsterinsights_skip_tracking":false,"_monsterinsights_sitenote_active":false,"_monsterinsights_sitenote_note":"","_monsterinsights_sitenote_category":0},"product_cat":[516,563,540,544],"product_tag":[529,530],"class_list":{"0":"post-23606","1":"product","2":"type-product","3":"status-publish","4":"has-post-thumbnail","6":"product_cat-lash-lift-fi","7":"product_cat-siveltimet","8":"product_cat-tarvikkeet","9":"product_cat-tarvikkeet-fi","10":"product_tag-lami-balm-glue-fi","11":"product_tag-lash-lift-fi","12":"pa_brand-pomello-fi","13":"pa_suurus-167x2cm-fi","15":"first","16":"instock","17":"taxable","18":"shipping-taxable","19":"purchasable","20":"product-type-simple"},"_links":{"self":[{"href":"https:\/\/prelive2.pomello.ee\/fi\/wp-json\/wp\/v2\/product\/23606","targetHints":{"allow":["GET"]}}],"collection":[{"href":"https:\/\/prelive2.pomello.ee\/fi\/wp-json\/wp\/v2\/product"}],"about":[{"href":"https:\/\/prelive2.pomello.ee\/fi\/wp-json\/wp\/v2\/types\/product"}],"replies":[{"embeddable":true,"href":"https:\/\/prelive2.pomello.ee\/fi\/wp-json\/wp\/v2\/comments?post=23606"}],"version-history":[{"count":0,"href":"https:\/\/prelive2.pomello.ee\/fi\/wp-json\/wp\/v2\/product\/23606\/revisions"}],"wp:featuredmedia":[{"embeddable":true,"href":"https:\/\/prelive2.pomello.ee\/fi\/wp-json\/wp\/v2\/media\/22881"}],"wp:attachment":[{"href":"https:\/\/prelive2.pomello.ee\/fi\/wp-json\/wp\/v2\/media?parent=23606"}],"wp:term":[{"taxonomy":"product_cat","embeddable":true,"href":"https:\/\/prelive2.pomello.ee\/fi\/wp-json\/wp\/v2\/product_cat?post=23606"},{"taxonomy":"product_tag","embeddable":true,"href":"https:\/\/prelive2.pomello.ee\/fi\/wp-json\/wp\/v2\/product_tag?post=23606"}],"curies":[{"name":"wp","href":"https:\/\/api.w.org\/{rel}","templated":true}]}}