{"id":23602,"date":"2023-04-20T22:04:48","date_gmt":"2023-04-20T19:04:48","guid":{"rendered":"https:\/\/prelive2.pomello.ee\/toode\/italwax-selfie-wax-500g\/"},"modified":"2024-04-08T14:32:47","modified_gmt":"2024-04-08T11:32:47","slug":"italwax-selfie-wax-500g","status":"publish","type":"product","link":"https:\/\/prelive2.pomello.ee\/fi\/toode\/italwax-selfie-wax-500g\/","title":{"rendered":"ITALWAX Selfie Wax 500g"},"content":{"rendered":"<p>Hell\u00e4varainen kuuma Italwax Selfie-kalvovaha kasvoille \u00f6ljykompleksilla.<\/p>\n<p>&nbsp;<\/p>\n<p>Ihanteellinen:<\/p>\n<ul>\n<li>Kulmakarvat<\/li>\n<li>Yl\u00e4huuli<\/li>\n<li>Napan ja leuan alue<\/li>\n<\/ul>\n<p>&nbsp;<\/p>\n<p>Selfie-vahan innovatiivinen koostumus on erityisesti luotu poistamaan ei-toivotut karvat herk\u00e4lt\u00e4 kasvojen iholta.<br \/>\nVaha &#8221;Selfie&#8221; on hartsiton ja on suunniteltu poistamaan karvoja herk\u00e4lt\u00e4 kasvojen iholta.<br \/>\nVahan koostumuksessa oleva joukko luonnollisia \u00f6ljyj\u00e4 pehment\u00e4\u00e4 vahan vaikutusta kasvoille, luo maksimaalisen suojan ja lis\u00e4mukavuutta toimenpiteen aikana.<br \/>\nVaha ei polta tai vahingoita herkk\u00e4\u00e4 ihoa, ei j\u00e4t\u00e4 punoitusta edes ohuelle ja herk\u00e4lle iholle.<\/p>\n<p>&nbsp;<\/p>\n<p>Vahan k\u00e4ytt\u00f6l\u00e4mp\u00f6tila on +38 \u00b0C.<\/p>\n<p>&nbsp;<\/p>\n<p>Vinkkej\u00e4 kasvojen eri alueiden vahaukseen.<br \/>\nSuosituksia parempiin tuloksiin:<\/p>\n<p>&nbsp;<\/p>\n<p><strong>KULMIEN<\/strong><\/p>\n<ul>\n<li>Kulmakarvojen muotoilua varten on suositeltavaa jakaa yksi pitk\u00e4 k\u00e4ytt\u00f6kerta kahteen lyhyeen.<\/li>\n<li>Luo ter\u00e4v\u00e4, selke\u00e4 viiva pienell\u00e4 lastalla.<\/li>\n<li>Paina lastaa varovasti, t\u00e4m\u00e4 auttaa vahaa kiinnittym\u00e4\u00e4n paremmin hiuksiin.<\/li>\n<\/ul>\n<p>&nbsp;<\/p>\n<p><strong>YL\u00c4HUULI<\/strong><\/p>\n<ul>\n<li>Kirist\u00e4 yl\u00e4huuli jacand-vahan iholle.<\/li>\n<li>Yrit\u00e4 v\u00e4ltt\u00e4\u00e4 punaisten huulten aluetta, t\u00e4m\u00e4 voi johtaa ihon kirist\u00e4miseen.<\/li>\n<li>Pid\u00e4 lastaa pystyasennossa ihoa vasten, t\u00e4m\u00e4 nostaa karvoja ja vahapito on vahvempi.<\/li>\n<\/ul>\n<p>&nbsp;<\/p>\n<p><strong>SIVUPOSKET<\/strong><\/p>\n<ul>\n<li>Levit\u00e4 vahaa iholle karvojen kasvusuunnassa ja poista sis\u00e4\u00e4nkasvaneet karvat.<\/li>\n<li>Suurille kasvojen alueille voit k\u00e4ytt\u00e4\u00e4 tavallista lastaa.<\/li>\n<li>On my\u00f6s suositeltavaa k\u00e4ytt\u00e4\u00e4 talkkia.<\/li>\n<\/ul>\n","protected":false},"excerpt":{"rendered":"<p>Italwax Rose -vaha on erityisesti suunniteltu poistamaan ei-toivotut karvat navan alueelta.<\/p>\n<p>&nbsp;<\/p>\n<p>Vahan koostumuksessa oleva joukko luonnollisia \u00f6ljyj\u00e4 pehment\u00e4\u00e4 vahan vaikutusta kasvoille, luo maksimaalisen suojan ja lis\u00e4mukavuutta toimenpiteen aikana.<\/p>\n<p>&nbsp;<\/p>\n<p>Vaha ei polta tai vahingoita ihoa, ei j\u00e4t\u00e4 punoitusta edes ohuelle ja herk\u00e4lle iholle.<\/p>\n<p>&nbsp;<\/p>\n<p>&nbsp;<\/p>\n","protected":false},"featured_media":22633,"comment_status":"open","ping_status":"closed","template":"","meta":{"_monsterinsights_skip_tracking":false,"_monsterinsights_sitenote_active":false,"_monsterinsights_sitenote_note":"","_monsterinsights_sitenote_category":0},"product_cat":[507,542,476,555],"product_tag":[],"class_list":{"0":"post-23602","1":"product","2":"type-product","3":"status-publish","4":"has-post-thumbnail","6":"product_cat-karvanpoisto","7":"product_cat-karvanpoisto-tarvikkeet-fi","8":"product_cat-kulmakarvat","9":"product_cat-vahat","10":"pa_brand-italwax-fi","11":"pa_suurus-500-g-fi","13":"first","14":"outofstock","15":"taxable","16":"shipping-taxable","17":"purchasable","18":"product-type-simple"},"_links":{"self":[{"href":"https:\/\/prelive2.pomello.ee\/fi\/wp-json\/wp\/v2\/product\/23602","targetHints":{"allow":["GET"]}}],"collection":[{"href":"https:\/\/prelive2.pomello.ee\/fi\/wp-json\/wp\/v2\/product"}],"about":[{"href":"https:\/\/prelive2.pomello.ee\/fi\/wp-json\/wp\/v2\/types\/product"}],"replies":[{"embeddable":true,"href":"https:\/\/prelive2.pomello.ee\/fi\/wp-json\/wp\/v2\/comments?post=23602"}],"version-history":[{"count":0,"href":"https:\/\/prelive2.pomello.ee\/fi\/wp-json\/wp\/v2\/product\/23602\/revisions"}],"wp:featuredmedia":[{"embeddable":true,"href":"https:\/\/prelive2.pomello.ee\/fi\/wp-json\/wp\/v2\/media\/22633"}],"wp:attachment":[{"href":"https:\/\/prelive2.pomello.ee\/fi\/wp-json\/wp\/v2\/media?parent=23602"}],"wp:term":[{"taxonomy":"product_cat","embeddable":true,"href":"https:\/\/prelive2.pomello.ee\/fi\/wp-json\/wp\/v2\/product_cat?post=23602"},{"taxonomy":"product_tag","embeddable":true,"href":"https:\/\/prelive2.pomello.ee\/fi\/wp-json\/wp\/v2\/product_tag?post=23602"}],"curies":[{"name":"wp","href":"https:\/\/api.w.org\/{rel}","templated":true}]}}