{"id":23596,"date":"2023-04-28T14:49:19","date_gmt":"2023-04-28T11:49:19","guid":{"rendered":"https:\/\/prelive2.pomello.ee\/toode\/elan-oxidant-3\/"},"modified":"2023-04-28T14:49:19","modified_gmt":"2023-04-28T11:49:19","slug":"elan-oxidant-3","status":"publish","type":"product","link":"https:\/\/prelive2.pomello.ee\/fi\/toode\/elan-oxidant-3\/","title":{"rendered":"ELAN Oxidant 3%"},"content":{"rendered":"<p>Elan oxidant 3% Oxidizing Emulsion on erityisesti suunniteltu yhdistett\u00e4v\u00e4ksi Deep Brow Tint -sarjan v\u00e4reihin. Tuotteen ihanteellinen koostumus ja pehme\u00e4, kermainen koostumus takaavat t\u00e4ydellisen lopputuloksen. Vetyvoiteen sis\u00e4lt\u00e4m\u00e4t emulgaattorit suojaavat karvoja kulmakarvojen v\u00e4rj\u00e4yksen aikana. K\u00e4ytt\u00f6valmiin s\u00e4vytysseoksen pH-taso on pH 7 ELAN professional -sarjan voidevety 3% ja kulmakarvojen v\u00e4rin &#8221;Deep Brow Tint&#8221; sekoittamiseen. Siksi kulmakarvojen s\u00e4vyss\u00e4 \u00abDeep Brow Tint\u00bb on luonnollinen pH, joka suojaa karvoja vaurioilta ja ehk\u00e4isee ihon kuivumista.<\/p>\n<p>&nbsp;<\/p>\n<p>30 ml<\/p>\n<p>&nbsp;<\/p>\n<p>S\u00e4ilyvyys: 24 kuukautta.<\/p>\n<p>&nbsp;<\/p>\n<p>S\u00e4ilyvyys avaamisen j\u00e4lkeen: 6 kuukautta.<\/p>\n","protected":false},"excerpt":{"rendered":"<p>ELAN oxidant 3% hapettava emulsio on erityisesti kehitetty innovatiivinen tuote ja yksi Smart Brow Tinting Systemin komponenteista.<\/p>\n<p>&nbsp;<\/p>\n<p>K\u00e4ytt\u00f6valmiin s\u00e4vytysseoksen pH-taso on pH 7, kun sekoitetaan ELAN oxidant 3% ja kulmakarvojen v\u00e4ri &#8221;Deep Brow Tint&#8221;. Se suojaa hiuksia vaurioilta ja est\u00e4\u00e4 ihoa kuivumasta.<\/p>\n<p>&nbsp;<\/p>\n<p>*yksi pullo 30ml vetyemulsiota riitt\u00e4\u00e4 yhdelle tuubille kulmakarvojen v\u00e4ri\u00e4 &#8221;Deep Brow Tint&#8221; 04 ICY\/05 SPICY.<\/p>\n<p>&nbsp;<\/p>\n<p>L\u00f6yd\u00e4t Deep Brow Tint <a href=\"https:\/\/prelive2.pomello.ee\/toode\/elan-deep-brow-tint-kulmuvarv\/\"><strong>t\u00e4\u00e4lt\u00e4<\/strong><\/a><\/p>\n<p>&nbsp;<\/p>\n","protected":false},"featured_media":22637,"comment_status":"open","ping_status":"closed","template":"","meta":{"_monsterinsights_skip_tracking":false,"_monsterinsights_sitenote_active":false,"_monsterinsights_sitenote_note":"","_monsterinsights_sitenote_category":0},"product_cat":[901,476,479],"product_tag":[527],"class_list":{"0":"post-23596","1":"product","2":"type-product","3":"status-publish","4":"has-post-thumbnail","6":"product_cat-developers","7":"product_cat-kulmakarvat","8":"product_cat-ripsien-ja-kulmakarvojen-varit-fi","9":"product_tag-kulmien-vari","10":"pa_brand-elan-fi","12":"first","13":"instock","14":"taxable","15":"shipping-taxable","16":"purchasable","17":"product-type-simple"},"_links":{"self":[{"href":"https:\/\/prelive2.pomello.ee\/fi\/wp-json\/wp\/v2\/product\/23596","targetHints":{"allow":["GET"]}}],"collection":[{"href":"https:\/\/prelive2.pomello.ee\/fi\/wp-json\/wp\/v2\/product"}],"about":[{"href":"https:\/\/prelive2.pomello.ee\/fi\/wp-json\/wp\/v2\/types\/product"}],"replies":[{"embeddable":true,"href":"https:\/\/prelive2.pomello.ee\/fi\/wp-json\/wp\/v2\/comments?post=23596"}],"version-history":[{"count":0,"href":"https:\/\/prelive2.pomello.ee\/fi\/wp-json\/wp\/v2\/product\/23596\/revisions"}],"wp:featuredmedia":[{"embeddable":true,"href":"https:\/\/prelive2.pomello.ee\/fi\/wp-json\/wp\/v2\/media\/22637"}],"wp:attachment":[{"href":"https:\/\/prelive2.pomello.ee\/fi\/wp-json\/wp\/v2\/media?parent=23596"}],"wp:term":[{"taxonomy":"product_cat","embeddable":true,"href":"https:\/\/prelive2.pomello.ee\/fi\/wp-json\/wp\/v2\/product_cat?post=23596"},{"taxonomy":"product_tag","embeddable":true,"href":"https:\/\/prelive2.pomello.ee\/fi\/wp-json\/wp\/v2\/product_tag?post=23596"}],"curies":[{"name":"wp","href":"https:\/\/api.w.org\/{rel}","templated":true}]}}