{"id":23590,"date":"2023-01-24T13:30:38","date_gmt":"2023-01-24T10:30:38","guid":{"rendered":"https:\/\/prelive2.pomello.ee\/toode\/elan-supersonic-serum-1-clear\/"},"modified":"2023-01-24T13:30:38","modified_gmt":"2023-01-24T10:30:38","slug":"elan-supersonic-serum-1-clear","status":"publish","type":"product","link":"https:\/\/prelive2.pomello.ee\/fi\/toode\/elan-supersonic-serum-1-clear\/","title":{"rendered":"ELAN Supersonic serum 1 Clear"},"content":{"rendered":"<p style=\"font-weight: 400;\">Kuinka ELAN SUPERSONIC SERUM 1 CLEAR toimii:<\/p>\n<p style=\"font-weight: 400;\">&#8211; avaa suomua ja varmistaa aktiivisten ainesosien tunkeutumisen hiuksiin, kiitos seerumin kahden tyyppisen alkalisaattorin yhdistelm\u00e4n 1 &#8211; AMMONIUMHYDROKSIDI ja ETANOLAMIINI;<\/p>\n<p style=\"font-weight: 400;\">&#8211; vaikuttaa disulfidisidoksiin, muotoilee nopeasti ja tehokkaasti hiuksia ja muuttaa niiden muotoa. T\u00e4m\u00e4 johtuu kahdentyyppisten relaksanttien yhdistelm\u00e4st\u00e4 &#8211; THIOGLYKOLIHAPO ja TYSTEAMINE HCL;<\/p>\n<p style=\"font-weight: 400;\">&#8211; suojaa toimenpiteen aikana kulmakarvojen ja ripsien karvojen proteiinirakenteita, est\u00e4\u00e4 niiden kuivumista ja haurautta sek\u00e4 pit\u00e4\u00e4 niiss\u00e4 kosteutta. T\u00e4m\u00e4 johtuu keratiiniin ja kollageeniin perustuvan hoitotuotteen l\u00e4sn\u00e4olosta;<\/p>\n<p style=\"font-weight: 400;\">&#8211; tiivist\u00e4\u00e4 turkin ja antaa sille joustavuutta.<\/p>\n<p style=\"font-weight: 400;\">K\u00e4yt\u00e4 vain Serum 2:n ja Multivitorin kanssa!<\/p>\n<p style=\"font-weight: 400;\">Levit\u00e4 seerumia 1 kulmakarvoille tai ripsille. Vaikutuksen kesto: 3-10 minuuttia, riippuen kulmakarvojen tai ripsien karvojen tilasta (katso k\u00e4ytt\u00f6ohje).<\/p>\n<p>&nbsp;<\/p>\n<p>SUPERSONIC-asiantuntijaj\u00e4rjestelm\u00e4 kulmakarvojen laminointiin ja ripsien kohotukseen on suunniteltu yksinomaan ammattik\u00e4ytt\u00f6\u00f6n!<\/p>\n<p>Seerumia 1, seerumia 2 ja Multivitoria tulee k\u00e4ytt\u00e4\u00e4 yhdess\u00e4.<\/p>\n<p>&nbsp;<\/p>\n<p><strong>Vaiheen 1 vaikutusaika on 3-8 min, keskitiheyksiset hiukset +- 5 min<\/strong><\/p>\n<p><iframe title=\"Elan Supersonic Clear kulmude lamineerimine \/ Brow Lamination\" width=\"1170\" height=\"658\" src=\"https:\/\/www.youtube.com\/embed\/HhkLe3Mua_8?feature=oembed\" frameborder=\"0\" allow=\"accelerometer; autoplay; clipboard-write; encrypted-media; gyroscope; picture-in-picture; web-share\" allowfullscreen><\/iframe><\/p>\n<hr>\n<p style=\"font-weight: 400;\">KULMAKULMIEN LAMINOINTIMENETTELYN VAIHEET<\/p>\n<p style=\"font-weight: 400;\">1) Analysoi asiakkaan kulmakarvojen kunto<\/p>\n<p style=\"font-weight: 400;\">M\u00e4\u00e4rit\u00e4 kulmakarvojen laminointitoimenpiteen aika alla olevien ohjeiden mukaan:<\/p>\n<ol>\n<li style=\"font-weight: 400;\">tyyppi: kulmakarvat ovat paksuja, piikkisi\u00e4, niit\u00e4 ei ole aiemmin k\u00e4sitelty kemiallisesti &#8211; seerumin 1 vaikutusaika on 5-8 minuuttia ja seerumin 2 v\u00e4hint\u00e4\u00e4n 6-8 minuuttia;<\/li>\n<\/ol>\n<ol start=\"2\">\n<li style=\"font-weight: 400;\">tyyppi: kulmakarvat ovat keskipaksuja, luonnollisia, terveit\u00e4, niille on tehty aiemmin kemialliset toimenpiteet &#8211; seerumin 1 vaikutusaika on 3-5 minuuttia ja seerumin 2 6-8 minuuttia;<\/li>\n<\/ol>\n<p style=\"font-weight: 400;\">Multivitorin k\u00e4ytt\u00f6aika on 5 minuuttia kaikille hiustyypeille.<\/p>\n<p style=\"font-weight: 400;\">T\u00e4rke\u00e4! Seerumin 1 ja seerumin 2 vaikutusaika riippuu huoneen ilman l\u00e4mp\u00f6tilasta. Mit\u00e4 korkeampi l\u00e4mp\u00f6tila, sit\u00e4 lyhyempi reaktioaika.<\/p>\n<p style=\"font-weight: 400;\">2) Valmistele kulmakarvat laminointia varten.<\/p>\n<p style=\"font-weight: 400;\">K\u00e4yt\u00e4 &#8221;\u00c9LAN Professional Line Cleansing Detox Foam kulmakarvoille ja ripsille antibakteerisella vaikutuksella&#8221; puhdistaaksesi hiukset ja iho ennen kulmakarvojen laminointia. Poista vaahto vedell\u00e4 kostutetulla vanulapulla.<\/p>\n<p style=\"font-weight: 400;\">3) Luo kulmakarvojen muoto (seerumi 1)<\/p>\n<p style=\"font-weight: 400;\">Levit\u00e4 seerumia 1 kulmakarvoihin siveltimell\u00e4. On t\u00e4rke\u00e4\u00e4 noudattaa prosessille asetettua k\u00e4sittelyaikaa ja olla ylitt\u00e4m\u00e4tt\u00e4 sit\u00e4.<\/p>\n<p style=\"font-weight: 400;\">K\u00e4ytt\u00f6ajan p\u00e4\u00e4tytty\u00e4 poista ylim\u00e4\u00e4r\u00e4inen seerumi vedell\u00e4 kostutetulla vanulapulla. Kulmakarvojen muotoa luotaessa on t\u00e4rke\u00e4\u00e4 ottaa huomioon kulmakarvojen kasvusuunta. Kulmakarvojen muodon muutosten tulee olla tasaisia, jotta v\u00e4ltet\u00e4\u00e4n karvojen taittuminen.<\/p>\n<p style=\"font-weight: 400;\">4) Kiinnit\u00e4 kulmakarvojen suunta (seerumi 2)<\/p>\n<p style=\"font-weight: 400;\">Levit\u00e4 seerumia 2 kulmakarvoihin ja levit\u00e4 karvat oikeaan suuntaan. Seerumin m\u00e4\u00e4rien tulee olla samat jokaisessa vaiheessa. Seerumin vaikutusaika ei saa olla alle 6 minuuttia.<\/p>\n<p style=\"font-weight: 400;\">Kun vaikutusaika on ohi, poista ylim\u00e4\u00e4r\u00e4inen seerumi vanulapulla.<\/p>\n<p style=\"font-weight: 400;\">5) Kulmakarvojen Multivitor (seerumi 3)<\/p>\n<p style=\"font-weight: 400;\">Levit\u00e4 ja levit\u00e4 Multivitorit kulmakarvoille.<\/p>\n<p style=\"font-weight: 400;\">Kun vaikutusaika on ohi, poista ylim\u00e4\u00e4r\u00e4inen seerumi vanulapulla<\/p>\n<p style=\"font-weight: 400;\">Toiminnan kesto 5 min.<\/p>\n<p style=\"font-weight: 400;\">T\u00e4rke\u00e4! Toimenpiteen p\u00e4\u00e4tteeksi puhdista kulmakarvat vanulapulla, joka on kostutettu \u00ab\u00c9LAN professional line Cleansing Detox Foam kulmakarvoille ja ripsille antibakteerisella vaikutuksella\u00bb kemiallisen reaktion pys\u00e4ytt\u00e4miseksi, lopuksi poista vaahto vedell\u00e4 kostutetulla vanulappulla.<\/p>\n<p style=\"font-weight: 400;\">Kun kulmakarvat on puhdistettu \u00ab\u00c9LAN professional line Cleansing Detox Foam antibakteerisella vaikutuksella kulmakarvoille ja ripsille\u00bb -tuotteella, kulmakarvat ovat valmiit kemialliseen v\u00e4rj\u00e4ykseen. Ota huomioon, ett\u00e4 kemiallinen v\u00e4riaine kiinnittyy karviin nopeammin kulmakarvojen laminoinnin j\u00e4lkeen. Poista kemiallinen maali kostealla vanulapulla.<\/p>\n<p>&nbsp;<\/p>\n<p style=\"font-weight: 400;\">LASH LIFT -MENETELM\u00c4N VAIHEET<\/p>\n<p style=\"font-weight: 400;\">1) Analysoi asiakkaan ripsien kunto<\/p>\n<p style=\"font-weight: 400;\">Aseta ripsien kohotustoimenpiteen aika alla olevien ohjeiden mukaan:<\/p>\n<ol>\n<li style=\"font-weight: 400;\">tyyppi: ripset ovat paksut tai suorat &#8211; seerumin 1 vaikutusaika on 6-10 minuuttia ja seerumin 2 v\u00e4hint\u00e4\u00e4n 6 minuuttia;<\/li>\n<\/ol>\n<ol start=\"2\">\n<li style=\"font-weight: 400;\">tyyppi: ripset ovat keskipaksuja tai ohuita &#8211; seerumin 1 vaikutusaika on 3-6 minuuttia ja seerumin 2 v\u00e4hint\u00e4\u00e4n 6 minuuttia;<\/li>\n<\/ol>\n<p style=\"font-weight: 400;\">Multivitorin k\u00e4ytt\u00f6aika on 5 minuuttia kaikille hiustyypeille.<\/p>\n<p style=\"font-weight: 400;\">T\u00e4rke\u00e4! Seerumin 1 ja seerumin 2 vaikutusaika riippuu huoneen ilman l\u00e4mp\u00f6tilasta. Mit\u00e4 korkeampi l\u00e4mp\u00f6tila, sit\u00e4 lyhyempi reaktioaika.<\/p>\n<p style=\"font-weight: 400;\">2) Valmistele ripset lash lift -menettely\u00e4 varten.<\/p>\n<p style=\"font-weight: 400;\">K\u00e4yt\u00e4 &#8221;\u00c9LAN professional line Cleansing Detox -vaahtoa kulmakarvoille ja ripsille antibakteerisella vaikutuksella&#8221; puhdistaaksesi hiukset ja iho ennen ripsien kohotusta. Poista vaahto vedell\u00e4 kostutetulla vanulapulla.<\/p>\n<p style=\"font-weight: 400;\">3) Vaihe 1 (Seerumi 1)<\/p>\n<p style=\"font-weight: 400;\">Levit\u00e4 seerumia 1 ripsien k\u00e4pristyneelle alueelle. On t\u00e4rke\u00e4\u00e4 noudattaa prosessille asetettua k\u00e4sittelyaikaa ja olla ylitt\u00e4m\u00e4tt\u00e4 sit\u00e4.<\/p>\n<p style=\"font-weight: 400;\">Poista ylim\u00e4\u00e4r\u00e4inen tuote kuivalla harjalla tai vanupuikolla.<\/p>\n<p style=\"font-weight: 400;\">4) Vaihe 2 (Seerumi 2)<\/p>\n<p style=\"font-weight: 400;\">Levit\u00e4 paksu kerros seerumia 2 koko ripsalueelle. Seerumin m\u00e4\u00e4rien tulee olla samat jokaisessa vaiheessa. Seerumin vaikutusaika ei saa olla alle 6 minuuttia.<\/p>\n<p style=\"font-weight: 400;\">Kun aika on kulunut, poista ylim\u00e4\u00e4r\u00e4inen seerumi kuivalla harjalla tai vanupuikolla.<\/p>\n<p style=\"font-weight: 400;\">5) Vaihe 3 (Multivitor)<\/p>\n<p style=\"font-weight: 400;\">Levit\u00e4 Multivitoria koko ripsien alueelle.<\/p>\n<p style=\"font-weight: 400;\">Hoitoajan p\u00e4\u00e4tytty\u00e4 poista ylim\u00e4\u00e4r\u00e4inen seerumi vedell\u00e4 kostutetulla vanulapulla.<\/p>\n<p style=\"font-weight: 400;\">Multivitorin k\u00e4ytt\u00f6aika on 5 minuuttia kaikille hiustyypeille.<\/p>\n<p style=\"font-weight: 400;\">Levit\u00e4 \u00ab\u00c9LAN professional line Cleansing Detox-mousse kulmakarvoille ja ripsille antibakteerisella vaikutuksella\u00bb pys\u00e4ytt\u00e4\u00e4ksesi ripsien kemiallisen reaktion. Poista vaahto vedell\u00e4 kostutetulla vanulapulla. Sitten ripset ovat valmiita kemialliseen v\u00e4rj\u00e4ykseen. K\u00e4yt\u00e4 \u00ab\u00c9LAN professional line Cleansing Detox-moussea kulmakarvoille ja ripsille antibakteerisella vaikutuksella\u00bb my\u00f6s kemiallisen ripsien v\u00e4rj\u00e4yksen j\u00e4lkeen.<\/p>\n<p>&nbsp;<\/p>\n<p>&nbsp;<\/p>\n<p style=\"font-weight: 400;\">SUOSITUKSET KULMAKARMAILLE JA RIPSILLE MENETELM\u00c4N J\u00c4LKEEN<\/p>\n<p style=\"font-weight: 400;\">Kulmakarvojen v\u00e4rj\u00e4yst\u00e4 ja kulmakarvojen valkaisua hennalla ei suositella, koska lopputulos voi olla hyvin arvaamaton: hiusrakenne voi vaurioitua (kuivat ja himme\u00e4t karvat), mik\u00e4 voi aiheuttaa hiusten haurautta ja irtoamista.<\/p>\n<p style=\"font-weight: 400;\">On suositeltavaa v\u00e4ltt\u00e4\u00e4 saunoja, solariumeja kulmakarvojen laminoinnin tai ripsien kohotustoimenpiteen j\u00e4lkeen (nukkuminen kasvot tyynyll\u00e4), v\u00e4hent\u00e4\u00e4 kulmakarvojen ja ripsien kosketusta veden kanssa sek\u00e4 olla harjaamatta kulmakarvoja ja ripsi\u00e4 24 tunnin sis\u00e4ll\u00e4 menettelytapa.<\/p>\n<p style=\"font-weight: 400;\">On suositeltavaa v\u00e4ltt\u00e4\u00e4 aggressiivisten kosmeettisten tuotteiden, kuten (kuorintaaineet, kasvojen kuorintaaineet, alkoholipohjaiset emulsiot, laserhoidot) k\u00e4ytt\u00f6\u00e4 48 tunnin sis\u00e4ll\u00e4 kulmakarvojen laminoinnin tai ripsien kohotustoimenpiteen j\u00e4lkeen.<\/p>\n<p style=\"font-weight: 400;\">\n","protected":false},"excerpt":{"rendered":"<p style=\"font-weight: 400;\">ELAN SUPERSONIC SERUM 1 CLEAR k\u00e4ytet\u00e4\u00e4n kulmakarvojen laminoinnin ja ripsien ripsien kohotustoimenpiteen ensimm\u00e4isess\u00e4 vaiheessa. Erilaisten komponenttien ja yhdistelmien ansiosta seerumi luo nopeasti ja tehokkaasti disulfidisidoksia karvojen ymp\u00e4rille, mik\u00e4 lyhent\u00e4\u00e4 k\u00e4sittelyaikaa. Keratiiniin ja kollageeniin perustuva ravitseva kompleksi suojaa hiuksia kuivumiselta ja hauraudelta ja s\u00e4ilytt\u00e4\u00e4 niiss\u00e4 kosteuden.<\/p>\n<p>&nbsp;<\/p>\n<p style=\"font-weight: 400;\">T\u00e4rke\u00e4\u00e4: Seerumia 1 CLEAR suositellaan kulmakarvoille, seerumia 1 PINK ripsille.<\/p>\n<p>&nbsp;<\/p>\n<p style=\"font-weight: 400;\">Tuotteen (CLEAR) pH on 9,0-9,5.<\/p>\n<p>&nbsp;<\/p>\n<p style=\"font-weight: 400;\">S\u00e4ilyvyys: 24 kuukautta.<\/p>\n<p style=\"font-weight: 400;\">S\u00e4ilyvyys avaamisen j\u00e4lkeen: 6 kuukautta.<\/p>\n","protected":false},"featured_media":22521,"comment_status":"open","ping_status":"closed","template":"","meta":{"_monsterinsights_skip_tracking":false,"_monsterinsights_sitenote_active":false,"_monsterinsights_sitenote_note":"","_monsterinsights_sitenote_category":0},"product_cat":[899,517,476,477,516,475],"product_tag":[524,530],"class_list":{"0":"post-23590","1":"product","2":"type-product","3":"status-publish","4":"has-post-thumbnail","6":"product_cat-emulsiot-fi","7":"product_cat-emulsiot","8":"product_cat-kulmakarvat","9":"product_cat-kulmien-laminointi","10":"product_cat-lash-lift-fi","11":"product_cat-ripset","12":"product_tag-kulmakarvojen-laminointi","13":"product_tag-lash-lift-fi","14":"pa_brand-elan-fi","15":"pa_varv-labipaistev-fi","17":"first","18":"instock","19":"taxable","20":"shipping-taxable","21":"purchasable","22":"product-type-simple"},"_links":{"self":[{"href":"https:\/\/prelive2.pomello.ee\/fi\/wp-json\/wp\/v2\/product\/23590","targetHints":{"allow":["GET"]}}],"collection":[{"href":"https:\/\/prelive2.pomello.ee\/fi\/wp-json\/wp\/v2\/product"}],"about":[{"href":"https:\/\/prelive2.pomello.ee\/fi\/wp-json\/wp\/v2\/types\/product"}],"replies":[{"embeddable":true,"href":"https:\/\/prelive2.pomello.ee\/fi\/wp-json\/wp\/v2\/comments?post=23590"}],"version-history":[{"count":0,"href":"https:\/\/prelive2.pomello.ee\/fi\/wp-json\/wp\/v2\/product\/23590\/revisions"}],"wp:featuredmedia":[{"embeddable":true,"href":"https:\/\/prelive2.pomello.ee\/fi\/wp-json\/wp\/v2\/media\/22521"}],"wp:attachment":[{"href":"https:\/\/prelive2.pomello.ee\/fi\/wp-json\/wp\/v2\/media?parent=23590"}],"wp:term":[{"taxonomy":"product_cat","embeddable":true,"href":"https:\/\/prelive2.pomello.ee\/fi\/wp-json\/wp\/v2\/product_cat?post=23590"},{"taxonomy":"product_tag","embeddable":true,"href":"https:\/\/prelive2.pomello.ee\/fi\/wp-json\/wp\/v2\/product_tag?post=23590"}],"curies":[{"name":"wp","href":"https:\/\/api.w.org\/{rel}","templated":true}]}}