{"id":23588,"date":"2023-01-24T13:38:59","date_gmt":"2023-01-24T10:38:59","guid":{"rendered":"https:\/\/prelive2.pomello.ee\/toode\/elan-supersonic-serum-2\/"},"modified":"2023-01-24T13:38:59","modified_gmt":"2023-01-24T10:38:59","slug":"elan-supersonic-serum-2","status":"publish","type":"product","link":"https:\/\/prelive2.pomello.ee\/fi\/toode\/elan-supersonic-serum-2\/","title":{"rendered":"ELAN Supersonic serum 2"},"content":{"rendered":"<p style=\"font-weight: 400;\">Kuinka ELAN SUPERSONIC SERUM 2 toimii:<\/p>\n<p style=\"font-weight: 400;\">&#8211; palauttaa kulmakarvojen ja ripsien karvojen disulfidisidokset, antaa niille joustavuutta ja joustavuutta;<\/p>\n<p style=\"font-weight: 400;\">&#8211; m\u00e4\u00e4ritt\u00e4\u00e4 kulmakarvojen ja ripsien muodon;<\/p>\n<p style=\"font-weight: 400;\">&#8211; palauttaa turkin luonnollisen pH:n;<\/p>\n<p style=\"font-weight: 400;\">&#8211; sulkee hiuspanssarikerroksen;<\/p>\n<p style=\"font-weight: 400;\">&#8211; neutraloi alkalin ja ylim\u00e4\u00e4r\u00e4n;<\/p>\n<p style=\"font-weight: 400;\">&#8211; seerumi 2 on rikastettu ravitsevalla kompleksilla, joka perustuu kationisiin ja pehment\u00e4viin aineisiin, lis\u00e4argan\u00f6ljyyn ja hydrolysoituun kollageeniin, jotka tarjoavat hiuksia hoitavia ja kosteuttavia vaikutuksia, suojaavat hiuksia ja lis\u00e4\u00e4v\u00e4t kiiltoa.<\/p>\n<p style=\"font-weight: 400;\">Tuotteen pH on 2,5-3,0. Seerumi ei sis\u00e4ll\u00e4 natriumbromaattia. Vetyperoksidipitoisuus tuotteessa ei ylit\u00e4 2 %.<\/p>\n<p style=\"font-weight: 400;\">K\u00e4yt\u00e4 vain Serum 1:n ja Multivitorin kanssa!<\/p>\n<p style=\"font-weight: 400;\"><strong>Vaikutusaika 6-10<\/strong> minuuttia kulmakarvojen tai ripsien karvojen kunnosta riippuen (ks. k\u00e4ytt\u00f6ohje).<\/p>\n<p><iframe title=\"Elan Supersonic Clear kulmude lamineerimine \/ Brow Lamination\" width=\"1170\" height=\"658\" src=\"https:\/\/www.youtube.com\/embed\/HhkLe3Mua_8?feature=oembed\" frameborder=\"0\" allow=\"accelerometer; autoplay; clipboard-write; encrypted-media; gyroscope; picture-in-picture; web-share\" allowfullscreen><\/iframe><\/p>\n<p>&nbsp;<\/p>\n<div class=\"elementor-element elementor-element-7053c43 elementor-widget elementor-widget-neuron-woo-product-data-tabs\" data-id=\"7053c43\" data-element_type=\"widget\" data-widget_type=\"neuron-woo-product-data-tabs.default\">\n<div class=\"elementor-widget-container\">\n<div class=\"woocommerce-tabs wc-tabs-wrapper\">\n<div id=\"tab-description\" class=\"woocommerce-Tabs-panel woocommerce-Tabs-panel--description panel entry-content wc-tab\" role=\"tabpanel\" aria-labelledby=\"tab-title-description\">\n<p style=\"font-weight: 400;\">KULMAKULMIEN LAMINOINTIMENETTELYN VAIHEET<\/p>\n<p style=\"font-weight: 400;\">1) Analysoi asiakkaan kulmakarvojen kunto<\/p>\n<p style=\"font-weight: 400;\">M\u00e4\u00e4rit\u00e4 kulmakarvojen laminointitoimenpiteen aika alla olevien ohjeiden mukaan:<\/p>\n<ol>\n<li style=\"font-weight: 400;\">tyyppi: kulmakarvat ovat paksuja, piikkisi\u00e4, niille ei ole aiemmin tehty kemiallisia toimenpiteit\u00e4 (kulmakarvojen v\u00e4rj\u00e4ys tai valkaisu) &#8211; seerumin 1 vaikutusaika on 5-8 minuuttia ja seerumin 2 v\u00e4hint\u00e4\u00e4n 6-8 minuuttia;<\/li>\n<\/ol>\n<ol start=\"2\">\n<li style=\"font-weight: 400;\">tyyppi: kulmakarvat ovat keskipaksuja, luonnollisia, terveit\u00e4 tai niille on aiemmin tehty kemiallisia k\u00e4sittelyj\u00e4 (kulmakarvojen v\u00e4rj\u00e4ys tai valkaisu) &#8211; seerumin 1 vaikutusaika on 3-5 minuuttia ja seerumin 2 6-8 minuuttia;<\/li>\n<\/ol>\n<p style=\"font-weight: 400;\">Multivitorin k\u00e4ytt\u00f6aika on 5 minuuttia kaikille hiustyypeille.<\/p>\n<p style=\"font-weight: 400;\">T\u00e4rke\u00e4! Seerumin 1 ja seerumin 2 vaikutusaika riippuu huoneen ilman l\u00e4mp\u00f6tilasta. Mit\u00e4 korkeampi l\u00e4mp\u00f6tila, sit\u00e4 lyhyempi reaktioaika.<\/p>\n<p style=\"font-weight: 400;\">2) Valmistele kulmakarvat laminointia varten.<\/p>\n<p style=\"font-weight: 400;\">K\u00e4yt\u00e4 &#8221;\u00c9LAN Professional Line Cleansing Detox Foam kulmakarvoille ja ripsille antibakteerisella vaikutuksella&#8221; puhdistaaksesi hiukset ja iho ennen kulmakarvojen laminointia. Poista vaahto vedell\u00e4 kostutetulla vanulapulla.<\/p>\n<p style=\"font-weight: 400;\">3) Luo kulmakarvojen muoto (seerumi 1)<\/p>\n<p style=\"font-weight: 400;\">Levit\u00e4 seerumia 1 kulmakarvoihin siveltimell\u00e4. On t\u00e4rke\u00e4\u00e4 noudattaa prosessille asetettua k\u00e4sittelyaikaa ja olla ylitt\u00e4m\u00e4tt\u00e4 sit\u00e4.<\/p>\n<p style=\"font-weight: 400;\">K\u00e4ytt\u00f6ajan p\u00e4\u00e4tytty\u00e4 poista ylim\u00e4\u00e4r\u00e4inen seerumi vedell\u00e4 kostutetulla vanulapulla. Kulmakarvojen muotoa luotaessa on t\u00e4rke\u00e4\u00e4 ottaa huomioon kulmakarvojen kasvusuunta. Kulmakarvojen muodon muutosten tulee olla tasaisia, jotta v\u00e4ltet\u00e4\u00e4n karvojen taittuminen.<\/p>\n<p style=\"font-weight: 400;\">4) Kiinnit\u00e4 kulmakarvojen suunta (seerumi 2)<\/p>\n<p style=\"font-weight: 400;\">Levit\u00e4 seerumia 2 kulmakarvoihin ja levit\u00e4 karvat oikeaan suuntaan. Seerumin m\u00e4\u00e4rien tulee olla samat jokaisessa vaiheessa. Seerumin vaikutusaika ei saa olla alle 6 minuuttia.<\/p>\n<p style=\"font-weight: 400;\">Kun vaikutusaika on ohi, poista ylim\u00e4\u00e4r\u00e4inen seerumi vanulapulla.<\/p>\n<p style=\"font-weight: 400;\">5) Kulmakarvojen Multivitor (seerumi 3)<\/p>\n<p style=\"font-weight: 400;\">Levit\u00e4 ja levit\u00e4 Multivitorit kulmakarvoille.<\/p>\n<p style=\"font-weight: 400;\">Kun vaikutusaika on ohi, poista ylim\u00e4\u00e4r\u00e4inen seerumi vanulapulla<\/p>\n<p style=\"font-weight: 400;\">Toiminnan kesto 5 min.<\/p>\n<p style=\"font-weight: 400;\">T\u00e4rke\u00e4! Toimenpiteen p\u00e4\u00e4tteeksi puhdista kulmakarvat vanulapulla, joka on kostutettu \u00ab\u00c9LAN professional line Cleansing Detox Foam kulmakarvoille ja ripsille antibakteerisella vaikutuksella\u00bb kemiallisen reaktion pys\u00e4ytt\u00e4miseksi, lopuksi poista vaahto vedell\u00e4 kostutetulla vanulappulla.<\/p>\n<p style=\"font-weight: 400;\">Kun kulmakarvat on puhdistettu \u00ab\u00c9LAN professional line Cleansing Detox Foam antibakteerisella vaikutuksella kulmakarvoille ja ripsille\u00bb -tuotteella, kulmakarvat ovat valmiit kemialliseen v\u00e4rj\u00e4ykseen. Ota huomioon, ett\u00e4 kemiallinen v\u00e4riaine kiinnittyy karviin nopeammin kulmakarvojen laminoinnin j\u00e4lkeen. Poista kemiallinen maali kostealla vanulapulla.<\/p>\n<p style=\"font-weight: 400;\">\n<\/div>\n<div id=\"tab-description\" class=\"woocommerce-Tabs-panel woocommerce-Tabs-panel--description panel entry-content wc-tab\" role=\"tabpanel\" aria-labelledby=\"tab-title-description\">\n<p style=\"font-weight: 400;\">LASH LIFT -MENETELM\u00c4N VAIHEET<\/p>\n<p style=\"font-weight: 400;\">1) Analysoi asiakkaan ripsien kunto<\/p>\n<p style=\"font-weight: 400;\">Aseta ripsien kohotustoimenpiteen aika alla olevien ohjeiden mukaan:<\/p>\n<ol>\n<li style=\"font-weight: 400;\">tyyppi: ripset ovat paksut tai suorat &#8211; seerumin 1 vaikutusaika on 6-10 minuuttia ja seerumin 2 v\u00e4hint\u00e4\u00e4n 6 minuuttia;<\/li>\n<\/ol>\n<ol start=\"2\">\n<li style=\"font-weight: 400;\">tyyppi: ripset ovat keskipaksuja tai ohuita &#8211; seerumin 1 vaikutusaika on 3-6 minuuttia ja seerumin 2 v\u00e4hint\u00e4\u00e4n 6 minuuttia;<\/li>\n<\/ol>\n<p style=\"font-weight: 400;\">Multivitorin k\u00e4ytt\u00f6aika on 5 minuuttia kaikille hiustyypeille.<\/p>\n<p style=\"font-weight: 400;\">T\u00e4rke\u00e4! Seerumin 1 ja seerumin 2 vaikutusaika riippuu huoneen ilman l\u00e4mp\u00f6tilasta. Mit\u00e4 korkeampi l\u00e4mp\u00f6tila, sit\u00e4 lyhyempi reaktioaika.<\/p>\n<p style=\"font-weight: 400;\">2) Valmistele ripset lash lift -menettely\u00e4 varten.<\/p>\n<p style=\"font-weight: 400;\">K\u00e4yt\u00e4 &#8221;\u00c9LAN professional line Cleansing Detox -vaahtoa kulmakarvoille ja ripsille antibakteerisella vaikutuksella&#8221; puhdistaaksesi hiukset ja iho ennen ripsien kohotusta. Poista vaahto kostealla vanulapulla.<\/p>\n<p style=\"font-weight: 400;\">3) Vaihe 1 (Seerumi 1)<\/p>\n<p style=\"font-weight: 400;\">Levit\u00e4 seerumia 1 ripsien k\u00e4pristyneelle alueelle. On t\u00e4rke\u00e4\u00e4 noudattaa prosessille asetettua k\u00e4sittelyaikaa ja olla ylitt\u00e4m\u00e4tt\u00e4 sit\u00e4.<\/p>\n<p style=\"font-weight: 400;\">Poista ylim\u00e4\u00e4r\u00e4inen tuote kuivalla harjalla tai vanupuikolla.<\/p>\n<p style=\"font-weight: 400;\">4) Vaihe 2 (Seerumi 2)<\/p>\n<p style=\"font-weight: 400;\">Levit\u00e4 paksu kerros seerumia 2 koko ripsalueelle. Seerumin m\u00e4\u00e4rien tulee olla samat jokaisessa vaiheessa. Seerumin vaikutusaika ei saa olla alle 6 minuuttia.<\/p>\n<p style=\"font-weight: 400;\">Kun aika on kulunut, poista ylim\u00e4\u00e4r\u00e4inen seerumi kuivalla harjalla tai vanupuikolla.<\/p>\n<p style=\"font-weight: 400;\">5) Vaihe 3 (Multivitor)<\/p>\n<p style=\"font-weight: 400;\">Levit\u00e4 Multivitoria koko ripsien alueelle.<\/p>\n<p style=\"font-weight: 400;\">Hoitoajan p\u00e4\u00e4tytty\u00e4 poista ylim\u00e4\u00e4r\u00e4inen seerumi vedell\u00e4 kostutetulla vanulapulla.<\/p>\n<p style=\"font-weight: 400;\">Multivitorin k\u00e4ytt\u00f6aika on 5 minuuttia kaikille hiustyypeille.<\/p>\n<p style=\"font-weight: 400;\">Levit\u00e4 \u00ab\u00c9LAN professional line Cleansing Detox-mousse kulmakarvoille ja ripsille antibakteerisella vaikutuksella\u00bb pys\u00e4ytt\u00e4\u00e4ksesi ripsien kemiallisen reaktion. Poista vaahto kostealla vanulapulla. Sitten ripset ovat valmiita kemialliseen v\u00e4rj\u00e4ykseen. K\u00e4yt\u00e4 \u00ab\u00c9LAN professional line Cleansing Detox-moussea kulmakarvoille ja ripsille antibakteerisella vaikutuksella\u00bb my\u00f6s kemiallisen ripsien v\u00e4rj\u00e4yksen j\u00e4lkeen.<\/p>\n<p style=\"font-weight: 400;\">\n<\/div>\n<div id=\"tab-description\" class=\"woocommerce-Tabs-panel woocommerce-Tabs-panel--description panel entry-content wc-tab\" role=\"tabpanel\" aria-labelledby=\"tab-title-description\">\n<p style=\"font-weight: 400;\">SUOSITUKSET KULMAKARMAILLE JA RIPSILLE MENETELM\u00c4N J\u00c4LKEEN<\/p>\n<p style=\"font-weight: 400;\">Kulmakarvojen v\u00e4rj\u00e4yst\u00e4 ja kulmakarvojen valkaisua hennalla ei suositella, koska lopputulos voi olla hyvin arvaamaton: hiusrakenne voi vaurioitua (kuivat ja himme\u00e4t karvat), mik\u00e4 voi aiheuttaa hiusten haurautta ja irtoamista.<\/p>\n<p style=\"font-weight: 400;\">On suositeltavaa v\u00e4ltt\u00e4\u00e4 saunoja, solariumeja kulmakarvojen laminoinnin tai ripsien kohotustoimenpiteen j\u00e4lkeen (nukkuminen kasvot tyynyll\u00e4), v\u00e4hent\u00e4\u00e4 kulmakarvojen ja ripsien kosketusta veden kanssa sek\u00e4 olla harjaamatta kulmakarvoja ja ripsi\u00e4 24 tunnin sis\u00e4ll\u00e4 menettelytapa.<\/p>\n<p style=\"font-weight: 400;\">On suositeltavaa v\u00e4ltt\u00e4\u00e4 aggressiivisten kosmeettisten tuotteiden, kuten (kuorintaaineet, kasvojen kuorintaaineet, alkoholipohjaiset emulsiot, laserhoidot) k\u00e4ytt\u00f6\u00e4 48 tunnin sis\u00e4ll\u00e4 kulmakarvojen laminoinnin tai ripsien kohotustoimenpiteen j\u00e4lkeen.<\/p>\n<p>&nbsp;<\/p>\n<\/div>\n<\/div>\n<\/div>\n<\/div>\n<div class=\"elementor-element elementor-element-a66a52d elementor-widget elementor-widget-heading\" data-id=\"a66a52d\" data-element_type=\"widget\" data-widget_type=\"heading.default\">\n<div class=\"elementor-widget-container\"><\/div>\n<\/div>\n","protected":false},"excerpt":{"rendered":"<p style=\"font-weight: 400;\">ELAN SUPERSONIC SERUM 2 on tuote, jota k\u00e4ytet\u00e4\u00e4n kulmakarvojen laminointi- ja ripsien kohotustoimenpiteen toisessa osassa (vaihe 2). Tuotteen ihanteellinen koostumus varmistaa maksimaalisen vuorovaikutuksen seerumin 1 kanssa. k\u00e4yt\u00f6n my\u00f6t\u00e4 helpottaa uusien sidosten kiinnittymist\u00e4 hiuksiin ja antaa odotetun tuloksen. Polymeereihin ja argan\u00f6ljyyn perustuva hoitokompleksi yhdess\u00e4 hydrolysoidun kollageenin kanssa antaa \u00e4\u00e4rimm\u00e4isen suojan hiuksille.<\/p>\n<p>&nbsp;<\/p>\n<p style=\"font-weight: 400;\">Seerumi 2 on tarkoitettu k\u00e4ytett\u00e4v\u00e4ksi kulmakarvoille ja ripsille.<\/p>\n<p>&nbsp;<\/p>\n<p style=\"font-weight: 400;\">S\u00e4ilyvyys: 24 kuukautta.<\/p>\n<p style=\"font-weight: 400;\">S\u00e4ilyvyys avaamisen j\u00e4lkeen 6 kuukautta.<\/p>\n","protected":false},"featured_media":22522,"comment_status":"open","ping_status":"closed","template":"","meta":{"_monsterinsights_skip_tracking":false,"_monsterinsights_sitenote_active":false,"_monsterinsights_sitenote_note":"","_monsterinsights_sitenote_category":0},"product_cat":[899,517,476,477,516,475],"product_tag":[524,530],"class_list":{"0":"post-23588","1":"product","2":"type-product","3":"status-publish","4":"has-post-thumbnail","6":"product_cat-emulsiot-fi","7":"product_cat-emulsiot","8":"product_cat-kulmakarvat","9":"product_cat-kulmien-laminointi","10":"product_cat-lash-lift-fi","11":"product_cat-ripset","12":"product_tag-kulmakarvojen-laminointi","13":"product_tag-lash-lift-fi","14":"pa_brand-elan-fi","15":"pa_suurus-10-ml-fi","17":"first","18":"instock","19":"taxable","20":"shipping-taxable","21":"purchasable","22":"product-type-simple"},"_links":{"self":[{"href":"https:\/\/prelive2.pomello.ee\/fi\/wp-json\/wp\/v2\/product\/23588","targetHints":{"allow":["GET"]}}],"collection":[{"href":"https:\/\/prelive2.pomello.ee\/fi\/wp-json\/wp\/v2\/product"}],"about":[{"href":"https:\/\/prelive2.pomello.ee\/fi\/wp-json\/wp\/v2\/types\/product"}],"replies":[{"embeddable":true,"href":"https:\/\/prelive2.pomello.ee\/fi\/wp-json\/wp\/v2\/comments?post=23588"}],"version-history":[{"count":0,"href":"https:\/\/prelive2.pomello.ee\/fi\/wp-json\/wp\/v2\/product\/23588\/revisions"}],"wp:featuredmedia":[{"embeddable":true,"href":"https:\/\/prelive2.pomello.ee\/fi\/wp-json\/wp\/v2\/media\/22522"}],"wp:attachment":[{"href":"https:\/\/prelive2.pomello.ee\/fi\/wp-json\/wp\/v2\/media?parent=23588"}],"wp:term":[{"taxonomy":"product_cat","embeddable":true,"href":"https:\/\/prelive2.pomello.ee\/fi\/wp-json\/wp\/v2\/product_cat?post=23588"},{"taxonomy":"product_tag","embeddable":true,"href":"https:\/\/prelive2.pomello.ee\/fi\/wp-json\/wp\/v2\/product_tag?post=23588"}],"curies":[{"name":"wp","href":"https:\/\/api.w.org\/{rel}","templated":true}]}}