{"id":23585,"date":"2023-01-24T13:51:13","date_gmt":"2023-01-24T10:51:13","guid":{"rendered":"https:\/\/prelive2.pomello.ee\/toode\/elan-supersonic-serum-multivitor-2-0\/"},"modified":"2023-01-24T13:51:13","modified_gmt":"2023-01-24T10:51:13","slug":"elan-supersonic-serum-multivitor-2-0","status":"publish","type":"product","link":"https:\/\/prelive2.pomello.ee\/fi\/toode\/elan-supersonic-serum-multivitor-2-0\/","title":{"rendered":"ELAN Supersonic Serum Multivitor 2.0"},"content":{"rendered":"<p style=\"font-weight: 400;\">Kuinka ELAN SUPERSONIC SERUM MULTIVITOR toimii:<\/p>\n<p>&nbsp;<\/p>\n<p style=\"font-weight: 400;\">&#8211; patentoidun MULTIVIT SHUTTLE -komponentin ansiosta, jossa on ainutlaatuinen aktiivinen ainesosa, joka varmistaa kulmakarvojen ja ripsien karvojen syv\u00e4n ravinnon ja kosteutuksen;<\/p>\n<p style=\"font-weight: 400;\">&#8211; betaiini lis\u00e4\u00e4 kosteutta ja palauttaa turkin luonnollisen pH:n;<\/p>\n<p style=\"font-weight: 400;\">&#8211; antaa hiuksille joustavuutta ja kiiltoa;<\/p>\n<p style=\"font-weight: 400;\">&#8211; m\u00e4\u00e4ritt\u00e4\u00e4 kulmakarvojen ja ripsien muodon;<\/p>\n<p style=\"font-weight: 400;\">&#8211; tuote sis\u00e4lt\u00e4\u00e4 hydrolysoitua keratiinia, joka varmistaa hiusten lopullisen suojan ulkoisten tekij\u00f6iden negatiivisilta vaikutuksilta.<\/p>\n<p>&nbsp;<\/p>\n<p style=\"font-weight: 400;\">K\u00e4ytt\u00f6: Levit\u00e4 Multivitoria kulmakarvoille tai ripsille Serum 2:n k\u00e4yt\u00f6n j\u00e4lkeen.<\/p>\n<p style=\"font-weight: 400;\">Anna vaikuttaa 5 minuuttia. Poista sitten ylim\u00e4\u00e4r\u00e4inen tuote vedell\u00e4 kostutetulla vanulapulla.<\/p>\n<p>&nbsp;<\/p>\n<p style=\"font-weight: 400;\">Tarkoitettu k\u00e4ytett\u00e4v\u00e4ksi vain seerumin 1 ja seerumin 2 kanssa.<\/p>\n<p><iframe title=\"Elan Supersonic Clear kulmude lamineerimine \/ Brow Lamination\" width=\"1170\" height=\"658\" src=\"https:\/\/www.youtube.com\/embed\/HhkLe3Mua_8?feature=oembed\" frameborder=\"0\" allow=\"accelerometer; autoplay; clipboard-write; encrypted-media; gyroscope; picture-in-picture; web-share\" allowfullscreen><\/iframe><\/p>\n","protected":false},"excerpt":{"rendered":"<p style=\"font-weight: 400;\">ELAN SUPERSONIC SERUM MULTIVITOR -tuotetta k\u00e4ytet\u00e4\u00e4n kulmakarvojen laminointi- ja ripsien kohotustoimenpiteen vaiheen 3 kolmannessa tai viimeisess\u00e4 osassa.<\/p>\n<p>&nbsp;<\/p>\n<p style=\"font-weight: 400;\">Tuote sis\u00e4lt\u00e4\u00e4 patentoitua komponenttia MULTIVIT SHUTTLE, joka koostuu soija- ja vehn\u00e4kasveista ja jossa betaiini, keratiini ja suojaavat polymeerit varmistavat hiusten tehokkaan uusiutumisen ja niiden luonnollisen pH-tason.<\/p>\n<p>&nbsp;<\/p>\n<p style=\"font-weight: 400;\">Tuotteen pH on 4,0-5,5.<\/p>\n<p>&nbsp;<\/p>\n<p style=\"font-weight: 400;\">S\u00e4ilyvyys: 24 kuukautta.<\/p>\n<p style=\"font-weight: 400;\">S\u00e4ilyvyys avaamisen j\u00e4lkeen 6 kuukautta.<\/p>\n","protected":false},"featured_media":22523,"comment_status":"open","ping_status":"closed","template":"","meta":{"_monsterinsights_skip_tracking":false,"_monsterinsights_sitenote_active":false,"_monsterinsights_sitenote_note":"","_monsterinsights_sitenote_category":0},"product_cat":[899,517,476,477,516,475],"product_tag":[524,530],"class_list":{"0":"post-23585","1":"product","2":"type-product","3":"status-publish","4":"has-post-thumbnail","6":"product_cat-emulsiot-fi","7":"product_cat-emulsiot","8":"product_cat-kulmakarvat","9":"product_cat-kulmien-laminointi","10":"product_cat-lash-lift-fi","11":"product_cat-ripset","12":"product_tag-kulmakarvojen-laminointi","13":"product_tag-lash-lift-fi","14":"pa_brand-elan-fi","15":"pa_suurus-10-ml-fi","17":"first","18":"instock","19":"taxable","20":"shipping-taxable","21":"purchasable","22":"product-type-simple"},"_links":{"self":[{"href":"https:\/\/prelive2.pomello.ee\/fi\/wp-json\/wp\/v2\/product\/23585","targetHints":{"allow":["GET"]}}],"collection":[{"href":"https:\/\/prelive2.pomello.ee\/fi\/wp-json\/wp\/v2\/product"}],"about":[{"href":"https:\/\/prelive2.pomello.ee\/fi\/wp-json\/wp\/v2\/types\/product"}],"replies":[{"embeddable":true,"href":"https:\/\/prelive2.pomello.ee\/fi\/wp-json\/wp\/v2\/comments?post=23585"}],"version-history":[{"count":0,"href":"https:\/\/prelive2.pomello.ee\/fi\/wp-json\/wp\/v2\/product\/23585\/revisions"}],"wp:featuredmedia":[{"embeddable":true,"href":"https:\/\/prelive2.pomello.ee\/fi\/wp-json\/wp\/v2\/media\/22523"}],"wp:attachment":[{"href":"https:\/\/prelive2.pomello.ee\/fi\/wp-json\/wp\/v2\/media?parent=23585"}],"wp:term":[{"taxonomy":"product_cat","embeddable":true,"href":"https:\/\/prelive2.pomello.ee\/fi\/wp-json\/wp\/v2\/product_cat?post=23585"},{"taxonomy":"product_tag","embeddable":true,"href":"https:\/\/prelive2.pomello.ee\/fi\/wp-json\/wp\/v2\/product_tag?post=23585"}],"curies":[{"name":"wp","href":"https:\/\/api.w.org\/{rel}","templated":true}]}}