{"id":23583,"date":"2023-01-24T14:02:33","date_gmt":"2023-01-24T11:02:33","guid":{"rendered":"https:\/\/prelive2.pomello.ee\/toode\/elan-detox-mousse-puhdistusvaahtoa-2-0\/"},"modified":"2024-03-19T23:56:45","modified_gmt":"2024-03-19T20:56:45","slug":"elan-detox-mousse-puhdistusvaahtoa-2-0","status":"publish","type":"product","link":"https:\/\/prelive2.pomello.ee\/fi\/toode\/elan-detox-mousse-puhdistusvaahtoa-2-0\/","title":{"rendered":"ELAN Detox-Mousse puhdistusvaahtoa 2.0"},"content":{"rendered":"","protected":false},"excerpt":{"rendered":"<p><strong>P\u00c4IVITETTY<\/strong><\/p>\n<p>&nbsp;<\/p>\n<p style=\"font-weight: 400;\">Elan Detox-Mousse puhdistusvaahtoa on ammattimainen pesuvaahto, joka on suunniteltu k\u00e4ytett\u00e4v\u00e4ksi sek\u00e4 ripsiss\u00e4 ett\u00e4 kulmakarvoissa. T\u00e4m\u00e4 on ensimm\u00e4inen vaihe kulmakarvojen ja ripsien valmistelussa kemialliseen v\u00e4rj\u00e4ykseen ja kulmakarvojen laminointiin tai ripsien kohotustoimenpiteeseen. Kehitetty puhdistamaan ihoa ja hiuksia.<\/p>\n<p>&nbsp;<\/p>\n<p style=\"font-weight: 400;\">Dermatologisesti testattu.<\/p>\n<p>&nbsp;<\/p>\n<div class=\"group w-full text-gray-800 dark:text-gray-100 border-b border-black\/10 dark:border-gray-900\/50 bg-gray-50 dark:bg-[#444654]\">\n<div class=\"flex p-4 gap-4 text-base md:gap-6 md:max-w-2xl lg:max-w-[38rem] xl:max-w-3xl md:py-6 lg:px-0 m-auto\">\n<div class=\"relative flex w-[calc(100%-50px)] flex-col gap-1 md:gap-3 lg:w-[calc(100%-115px)]\">\n<div class=\"flex flex-grow flex-col gap-3\">\n<div class=\"min-h-[20px] flex items-start overflow-x-auto whitespace-pre-wrap break-words flex-col gap-4\">\n<div class=\"markdown prose w-full break-words dark:prose-invert light\">\n<p><strong>S\u00e4ilyvyys on voimassa siit\u00e4 hetkest\u00e4, kun pulloon on merkitty valmistusp\u00e4iv\u00e4m\u00e4\u00e4r\u00e4.<\/strong><\/p>\n<\/div>\n<\/div>\n<\/div>\n<\/div>\n<\/div>\n<\/div>\n<p style=\"font-weight: 400;\">S\u00e4ilyvyys: 24 kuukautta.<\/p>\n<p style=\"font-weight: 400;\">S\u00e4ilyvyys avaamisen j\u00e4lkeen 6 kuukautta.<\/p>\n<p>&nbsp;<\/p>\n<p>Made In T\u00fcrkiye<\/p>\n","protected":false},"featured_media":22773,"comment_status":"open","ping_status":"closed","template":"","meta":{"_monsterinsights_skip_tracking":false,"_monsterinsights_sitenote_active":false,"_monsterinsights_sitenote_note":"","_monsterinsights_sitenote_category":0},"product_cat":[915,518,476,520,475],"product_tag":[532],"class_list":{"0":"post-23583","1":"product","2":"type-product","3":"status-publish","4":"has-post-thumbnail","6":"product_cat-esi-ja-jalkihoito","7":"product_cat-jalkihoito","8":"product_cat-kulmakarvat","9":"product_cat-puhdistustuotteet","10":"product_cat-ripset","11":"product_tag-ripsien-puhdistusvaahto-fi","12":"pa_brand-elan-fi","13":"pa_suurus-150-ml-fi","15":"first","16":"instock","17":"taxable","18":"shipping-taxable","19":"purchasable","20":"product-type-simple"},"_links":{"self":[{"href":"https:\/\/prelive2.pomello.ee\/fi\/wp-json\/wp\/v2\/product\/23583","targetHints":{"allow":["GET"]}}],"collection":[{"href":"https:\/\/prelive2.pomello.ee\/fi\/wp-json\/wp\/v2\/product"}],"about":[{"href":"https:\/\/prelive2.pomello.ee\/fi\/wp-json\/wp\/v2\/types\/product"}],"replies":[{"embeddable":true,"href":"https:\/\/prelive2.pomello.ee\/fi\/wp-json\/wp\/v2\/comments?post=23583"}],"version-history":[{"count":0,"href":"https:\/\/prelive2.pomello.ee\/fi\/wp-json\/wp\/v2\/product\/23583\/revisions"}],"wp:featuredmedia":[{"embeddable":true,"href":"https:\/\/prelive2.pomello.ee\/fi\/wp-json\/wp\/v2\/media\/22773"}],"wp:attachment":[{"href":"https:\/\/prelive2.pomello.ee\/fi\/wp-json\/wp\/v2\/media?parent=23583"}],"wp:term":[{"taxonomy":"product_cat","embeddable":true,"href":"https:\/\/prelive2.pomello.ee\/fi\/wp-json\/wp\/v2\/product_cat?post=23583"},{"taxonomy":"product_tag","embeddable":true,"href":"https:\/\/prelive2.pomello.ee\/fi\/wp-json\/wp\/v2\/product_tag?post=23583"}],"curies":[{"name":"wp","href":"https:\/\/api.w.org\/{rel}","templated":true}]}}