{"id":23581,"date":"2023-01-24T16:41:23","date_gmt":"2023-01-24T13:41:23","guid":{"rendered":"https:\/\/prelive2.pomello.ee\/toode\/hype-silikonimoutit-setti\/"},"modified":"2023-01-24T16:41:23","modified_gmt":"2023-01-24T13:41:23","slug":"hype-silikonimoutit-setti","status":"publish","type":"product","link":"https:\/\/prelive2.pomello.ee\/fi\/toode\/hype-silikonimoutit-setti\/","title":{"rendered":"Hype Silikonimoutit Setti"},"content":{"rendered":"<p>Valmistettu eritt\u00e4in pehme\u00e4st\u00e4 silikonista ja miellytt\u00e4v\u00e4 silmille, sopii t\u00e4ydellisesti silm\u00e4luomille. Silikonimoutit muodon ansiosta voit v\u00e4ltt\u00e4\u00e4 liiman k\u00e4yt\u00f6n takana.<\/p>\n<p>&nbsp;<\/p>\n<p>Tuote on uudelleenk\u00e4ytett\u00e4v\u00e4.<\/p>\n<p>&nbsp;<\/p>\n<p><strong>Puhdistus:<\/strong><\/p>\n<ol>\n<li>Puhdista v\u00e4litt\u00f6m\u00e4sti jokaisen k\u00e4yt\u00f6n j\u00e4lkeen l\u00e4mpim\u00e4ll\u00e4 vedell\u00e4 ja antibakteerisella saippualla<\/li>\n<li>Desinfioi 70 % alkoholilla<\/li>\n<li>Huuhtele sitten vedell\u00e4 ja kuivaa<\/li>\n<li>Aseta tuote steriiliin suljettuun astiaan.<\/li>\n<\/ol>\n<p>&nbsp;<\/p>\n<p><iframe title=\"Hype silikoonpatjade komplekt\" width=\"1170\" height=\"658\" src=\"https:\/\/www.youtube.com\/embed\/OwfafdfffFA?feature=oembed\" frameborder=\"0\" allow=\"accelerometer; autoplay; clipboard-write; encrypted-media; gyroscope; picture-in-picture; web-share\" allowfullscreen><\/iframe><\/p>\n<p>&nbsp;<\/p>\n","protected":false},"excerpt":{"rendered":"<p>Sarja py\u00f6reit\u00e4 Hype silikonimoutit ripsien kohotukseen. Sarjassa 5 paria: XS, S, M, L, XL<\/p>\n","protected":false},"featured_media":22531,"comment_status":"open","ping_status":"closed","template":"","meta":{"_monsterinsights_skip_tracking":false,"_monsterinsights_sitenote_active":false,"_monsterinsights_sitenote_note":"","_monsterinsights_sitenote_category":0},"product_cat":[516,521,475],"product_tag":[],"class_list":{"0":"post-23581","1":"product","2":"type-product","3":"status-publish","4":"has-post-thumbnail","6":"product_cat-lash-lift-fi","7":"product_cat-silikonityynyt","8":"product_cat-ripset","9":"pa_brand-pomello-fi","10":"pa_varv-kollane-fi","12":"first","13":"instock","14":"taxable","15":"shipping-taxable","16":"purchasable","17":"product-type-simple"},"_links":{"self":[{"href":"https:\/\/prelive2.pomello.ee\/fi\/wp-json\/wp\/v2\/product\/23581","targetHints":{"allow":["GET"]}}],"collection":[{"href":"https:\/\/prelive2.pomello.ee\/fi\/wp-json\/wp\/v2\/product"}],"about":[{"href":"https:\/\/prelive2.pomello.ee\/fi\/wp-json\/wp\/v2\/types\/product"}],"replies":[{"embeddable":true,"href":"https:\/\/prelive2.pomello.ee\/fi\/wp-json\/wp\/v2\/comments?post=23581"}],"version-history":[{"count":0,"href":"https:\/\/prelive2.pomello.ee\/fi\/wp-json\/wp\/v2\/product\/23581\/revisions"}],"wp:featuredmedia":[{"embeddable":true,"href":"https:\/\/prelive2.pomello.ee\/fi\/wp-json\/wp\/v2\/media\/22531"}],"wp:attachment":[{"href":"https:\/\/prelive2.pomello.ee\/fi\/wp-json\/wp\/v2\/media?parent=23581"}],"wp:term":[{"taxonomy":"product_cat","embeddable":true,"href":"https:\/\/prelive2.pomello.ee\/fi\/wp-json\/wp\/v2\/product_cat?post=23581"},{"taxonomy":"product_tag","embeddable":true,"href":"https:\/\/prelive2.pomello.ee\/fi\/wp-json\/wp\/v2\/product_tag?post=23581"}],"curies":[{"name":"wp","href":"https:\/\/api.w.org\/{rel}","templated":true}]}}