{"id":23579,"date":"2023-01-26T21:43:59","date_gmt":"2023-01-26T18:43:59","guid":{"rendered":"https:\/\/prelive2.pomello.ee\/toode\/my-lamination-vitamin-lash-brow-1ml\/"},"modified":"2023-01-26T21:43:59","modified_gmt":"2023-01-26T18:43:59","slug":"my-lamination-vitamin-lash-brow-1ml","status":"publish","type":"product","link":"https:\/\/prelive2.pomello.ee\/fi\/toode\/my-lamination-vitamin-lash-brow-1ml\/","title":{"rendered":"My Lamination Vitamin Lash Brow 1ml"},"content":{"rendered":"<p>Anna ripsille ja kulmakarvoille erityisen ylellist\u00e4 hoitoa Vitamin Lash Brow -tuotteella. Kaikki kemialliset k\u00e4sittelyt v\u00e4hent\u00e4v\u00e4t tarvittavaa kosteutta ja hajottavat hiusten rakennetta. Vitamin LashBrow kosteuttaa ja ravitsee hiuksia syv\u00e4sti aivokuoresta kynsinauhoille. T\u00e4ytt\u00e4\u00e4 ripsien ja kulmakarvojen vauriot (lash lift, brow lift). Sis\u00e4lt\u00e4\u00e4 ainutlaatuisia ainesosia, jotka ravitsevat luonnollisia ripsi\u00e4\/kulmakarvoja terveellisempien, pidempien ripsien n\u00e4ytt\u00e4miseksi.<\/p>\n<p>&nbsp;<\/p>\n<p>K\u00e4ytt\u00f6: Levit\u00e4 ripsiin (2-3 mm et\u00e4isyydelle ripsien rajasta), anna vaikuttaa 5 minuuttia, poista ylim\u00e4\u00e4r\u00e4inen tuote hieman kostealla vanulapulla. Levit\u00e4 sitten kemiallinen v\u00e4riaine, <strong>vaikutusaika 5 min.<\/strong><\/p>\n<p>&nbsp;<\/p>\n<p>S\u00e4ilyt\u00e4 huoneenl\u00e4mm\u00f6ss\u00e4, suojassa auringonvalolta.<\/p>\n","protected":false},"excerpt":{"rendered":"<p><strong>Tunnettiin aiemmin nimell\u00e4 VITAMIN LASH BOTOX<\/strong><\/p>\n<p>&nbsp;<\/p>\n<p>My laminointi Vitamin Lash Brow 1ml &#8211; LASH &amp; BROW -TUOTE RIKASTUSTA 14 TOIMINNALLISELLA AINEOSALLE<\/p>\n<p>&nbsp;<\/p>\n<p>Sopii ohuille ripsille, tiivist\u00e4\u00e4 ne &#8211; ripsien kohotustoimenpiteen j\u00e4lkeen.<\/p>\n<p>&nbsp;<\/p>\n<p>Vitamiinit (A, B, C, E, F, K), 2 Pro-vitamiinia (B5, B6), 5 luonnollista \u00f6ljy\u00e4, hydrolysoitu keratiini, kollageeni, hyaluronihappo, glyseriini.<\/p>\n","protected":false},"featured_media":22701,"comment_status":"open","ping_status":"closed","template":"","meta":{"_monsterinsights_skip_tracking":false,"_monsterinsights_sitenote_active":false,"_monsterinsights_sitenote_note":"","_monsterinsights_sitenote_category":0},"product_cat":[899,923,915,518,917,476,477,516,475],"product_tag":[],"class_list":{"0":"post-23579","1":"product","2":"type-product","3":"status-publish","4":"has-post-thumbnail","6":"product_cat-emulsiot-fi","7":"product_cat-jalkihoito-ja-kosteuttaminen","8":"product_cat-esi-ja-jalkihoito","9":"product_cat-jalkihoito","10":"product_cat-jalkihoito-fi","11":"product_cat-kulmakarvat","12":"product_cat-kulmien-laminointi","13":"product_cat-lash-lift-fi","14":"product_cat-ripset","15":"pa_brand-my-lamination-fi","16":"pa_suurus-1-ml-fi","18":"first","19":"outofstock","20":"featured","21":"taxable","22":"shipping-taxable","23":"purchasable","24":"product-type-simple"},"_links":{"self":[{"href":"https:\/\/prelive2.pomello.ee\/fi\/wp-json\/wp\/v2\/product\/23579","targetHints":{"allow":["GET"]}}],"collection":[{"href":"https:\/\/prelive2.pomello.ee\/fi\/wp-json\/wp\/v2\/product"}],"about":[{"href":"https:\/\/prelive2.pomello.ee\/fi\/wp-json\/wp\/v2\/types\/product"}],"replies":[{"embeddable":true,"href":"https:\/\/prelive2.pomello.ee\/fi\/wp-json\/wp\/v2\/comments?post=23579"}],"version-history":[{"count":0,"href":"https:\/\/prelive2.pomello.ee\/fi\/wp-json\/wp\/v2\/product\/23579\/revisions"}],"wp:featuredmedia":[{"embeddable":true,"href":"https:\/\/prelive2.pomello.ee\/fi\/wp-json\/wp\/v2\/media\/22701"}],"wp:attachment":[{"href":"https:\/\/prelive2.pomello.ee\/fi\/wp-json\/wp\/v2\/media?parent=23579"}],"wp:term":[{"taxonomy":"product_cat","embeddable":true,"href":"https:\/\/prelive2.pomello.ee\/fi\/wp-json\/wp\/v2\/product_cat?post=23579"},{"taxonomy":"product_tag","embeddable":true,"href":"https:\/\/prelive2.pomello.ee\/fi\/wp-json\/wp\/v2\/product_tag?post=23579"}],"curies":[{"name":"wp","href":"https:\/\/api.w.org\/{rel}","templated":true}]}}