{"id":23562,"date":"2023-03-04T20:51:31","date_gmt":"2023-03-04T17:51:31","guid":{"rendered":"https:\/\/prelive2.pomello.ee\/toode\/viisto-sivellin-silikoni-clear\/"},"modified":"2023-03-04T20:51:31","modified_gmt":"2023-03-04T17:51:31","slug":"viisto-sivellin-silikoni-clear","status":"publish","type":"product","link":"https:\/\/prelive2.pomello.ee\/fi\/toode\/viisto-sivellin-silikoni-clear\/","title":{"rendered":"Viisto sivellin silikoni Clear"},"content":{"rendered":"<p>Viistotu sivellin on pehme\u00e4 ja hygieeninen, helppo puhdistaa. Harjan kokonaispituus on 17,2 cm, silikoniosa 0,7 cm<\/p>\n<p>&nbsp;<\/p>\n<p><strong>Puhdistus:<\/strong><\/p>\n<p>1. Puhdista v\u00e4litt\u00f6m\u00e4sti jokaisen k\u00e4yt\u00f6n j\u00e4lkeen l\u00e4mpim\u00e4ll\u00e4 vedell\u00e4 ja antibakteerisella saippualla.<br \/>\n2. Desinfioi 70 % alkoholilla<br \/>\n3. Huuhtele sitten vedell\u00e4 ja kuivaa.<br \/>\n4. Aseta tuote steriiliin, suljettuun astiaan.<\/p>\n","protected":false},"excerpt":{"rendered":"<p><strong>UUSI! <\/strong><\/p>\n<p>&nbsp;<\/p>\n<p>Laadukas uudelleenk\u00e4ytett\u00e4v\u00e4 pehme\u00e4st\u00e4 silikonista valmistettu harja, suosittelemme sen k\u00e4ytt\u00f6\u00e4 ripsien ja kulmakarvojen kemialliseen v\u00e4rj\u00e4\u00e4miseen.<\/p>\n<p>&nbsp;<\/p>\n<p>Viisto sivellin silikoni on my\u00f6s hyv\u00e4 ty\u00f6kalu kulmakarvojen v\u00e4rin reunojen korjaamiseen. Ihanteellinen ty\u00f6kalu yleismiehelle, helppo puhdistaa ja desinfioida huoltojen v\u00e4lill\u00e4. Sivellin on erinomainen ty\u00f6kalu <a href=\"https:\/\/prelive2.pomello.ee\/pood\/?filter_brand=bronsun&amp;query_type_brand=or\">BRONSUN DYE<\/a> -hybridiv\u00e4rien levitt\u00e4miseen.<\/p>\n","protected":false},"featured_media":22578,"comment_status":"open","ping_status":"closed","template":"","meta":{"_monsterinsights_skip_tracking":false,"_monsterinsights_sitenote_active":false,"_monsterinsights_sitenote_note":"","_monsterinsights_sitenote_category":0},"product_cat":[476,511,475,546,563,540],"product_tag":[],"class_list":{"0":"post-23562","1":"product","2":"type-product","3":"status-publish","4":"has-post-thumbnail","6":"product_cat-kulmakarvat","7":"product_cat-kulmakarvojen-tarvikkeet","8":"product_cat-ripset","9":"product_cat-ripsien-tarvikkeet","10":"product_cat-siveltimet","11":"product_cat-tarvikkeet","13":"first","14":"outofstock","15":"taxable","16":"shipping-taxable","17":"purchasable","18":"product-type-simple"},"_links":{"self":[{"href":"https:\/\/prelive2.pomello.ee\/fi\/wp-json\/wp\/v2\/product\/23562","targetHints":{"allow":["GET"]}}],"collection":[{"href":"https:\/\/prelive2.pomello.ee\/fi\/wp-json\/wp\/v2\/product"}],"about":[{"href":"https:\/\/prelive2.pomello.ee\/fi\/wp-json\/wp\/v2\/types\/product"}],"replies":[{"embeddable":true,"href":"https:\/\/prelive2.pomello.ee\/fi\/wp-json\/wp\/v2\/comments?post=23562"}],"version-history":[{"count":0,"href":"https:\/\/prelive2.pomello.ee\/fi\/wp-json\/wp\/v2\/product\/23562\/revisions"}],"wp:featuredmedia":[{"embeddable":true,"href":"https:\/\/prelive2.pomello.ee\/fi\/wp-json\/wp\/v2\/media\/22578"}],"wp:attachment":[{"href":"https:\/\/prelive2.pomello.ee\/fi\/wp-json\/wp\/v2\/media?parent=23562"}],"wp:term":[{"taxonomy":"product_cat","embeddable":true,"href":"https:\/\/prelive2.pomello.ee\/fi\/wp-json\/wp\/v2\/product_cat?post=23562"},{"taxonomy":"product_tag","embeddable":true,"href":"https:\/\/prelive2.pomello.ee\/fi\/wp-json\/wp\/v2\/product_tag?post=23562"}],"curies":[{"name":"wp","href":"https:\/\/api.w.org\/{rel}","templated":true}]}}